{"id":994,"date":"2023-03-27T11:05:48","date_gmt":"2023-03-27T11:05:48","guid":{"rendered":"https:\/\/judit-art.hu\/hu\/?page_id=994"},"modified":"2024-04-14T19:00:36","modified_gmt":"2024-04-14T19:00:36","slug":"arak","status":"publish","type":"page","link":"https:\/\/judit-art.hu\/hu\/arak\/","title":{"rendered":"\u00dcveg\u00e9kszer tanfolyam \u00e1rak"},"content":{"rendered":"<p>A m\u0171helyemben lehet\u0151s\u00e9g van tanfolyamon r\u00e9szt venni, vagy oktat\u00e1s n\u00e9lk\u00fcl gyakorolni. <\/p>\n\n\n\n<p class=\"has-text-color\" style=\"color:#fac9a6\"><strong>3 \u00f3r\u00e1s kezd\u0151 gy\u00f6ngyk\u00e9sz\u00edt\u00e9s tanfolyam: 28.000 Ft<\/strong><\/p>\n\n\n\n<p class=\"has-text-color\" style=\"color:#fac9a6\"><strong>3 \u00f3r\u00e1s csavarozhat\u00f3 \u00e9kszer tanfolyam: 32.000 Ft<\/strong><\/p>\n\n\n\n<p class=\"has-text-color\" style=\"color:#fac9a6\"><strong>5 \u00f3r\u00e1s kezd\u0151 gy\u00f6ngyk\u00e9szt\u00e9s tanfolyam: 45.000 Ft <\/strong><\/p>\n\n\n\n<p class=\"has-text-color\" style=\"color:#fac9a6\"><strong>2 \u00f3ra gyakorl\u00e1s &#8211; oktat\u00e1s n\u00e9lk\u00fcl : 14.000 Ft<\/strong><\/p>\n\n\n\n<p class=\"has-text-color\" style=\"color:#fac9a6\"><strong>3 \u00f3ra gyakorl\u00e1s &#8211; oktat\u00e1s n\u00e9lk\u00fcl : 20.000 Ft<\/strong><\/p>\n\n\n\n<p><strong>Tanfolyamok<\/strong><br>&#8211; A kezd\u0151 \u00fcveggy\u00f6ngytanfolyam \u00e1ra tartalmaz egy nyakl\u00e1ncot \u00e9s egy f\u00fclbeval\u00f3t nemesac\u00e9lb\u00f3l, amikre a gy\u00f6ngy\u00f6ket fel lehet f\u0171zni.<br>&#8211; A csavarozhat\u00f3 \u00e9kszer tanfolyam tartalmazza az \u00fcveg mellett a speci\u00e1lis szersz\u00e1mokat \u00e9s a felhaszn\u00e1lt csavarok \u00e1r\u00e1t \u00e9s egy \u00d6n \u00e1ltal kiv\u00e1lasztott csavarozhat\u00f3 \u00e9kszert.<br>-A ki\u00edrt tanfolyamok 2-3 f\u0151 jelentkez\u00e9se eset\u00e9n ker\u00fclnek megtart\u00e1sra. <br>&#8211; Az \u00e9kszerek kemenc\u00e9be ker\u00fclnek leh\u0171t\u00e9sre, ez\u00e9rt csak m\u00e1snap vihet\u0151ek el, vagy k\u00e9rhet\u0151 a post\u00e1z\u00e1suk. <br>&#8211; A tanfolyamokat szombati napra szervezem.<br>&#8211; 5 \u00f3r\u00e1s tanfolyamot k\u00fcl\u00f6n k\u00e9r\u00e9sre szervezek (legal\u00e1bb 2 f\u0151 jelentkez\u00e9se eset\u00e9n) Itt ak\u00e1r a vonathoz is igaz\u00edthatjuk a tanfolyam kezdet\u00e9t. Ezt azoknak aj\u00e1nlom, akik messzebbr\u0151l \u00e9rkeznek tanfolyamra vagy hosszabb idej\u0171 gyakorl\u00e1st szeretn\u00e9nek egy napon bel\u00fcl.<\/p>\n\n\n\n<p><strong>Gyakorl\u00e1s-oktat\u00e1s n\u00e9lk\u00fcl<\/strong><br>&#8211; Gyakorolni a p\u00e9nteki napon lehet j\u00f6nni a m\u0171helybe.<strong><br><\/strong>&#8211; Azok sz\u00e1m\u00e1ra adott ez a lehet\u0151s\u00e9g, akik legal\u00e1bb egy kezd\u0151 tanfolyamon m\u00e1r r\u00e9szt vettek. <br>&#8211; Maximum 2 f\u0151, mivel a 3 g\u00e1z\u00e9g\u0151n \u00e9n dolgozom.<\/p>\n\n\n\n<p><strong>A tanfolyam \u00e9s gyakorl\u00e1s \u00e1ra tartalmazza az al\u00e1bbiak:<\/strong><br>&#8211; a gy\u00f6ngy\u00f6kh\u00f6z az \u00fcvegp\u00e1lc\u00e1kat a mur\u00e1n\u00f3i Effetre c\u00e9gt\u0151l (speci\u00e1lis \u00fcvegek k\u00fcl\u00f6n v\u00e1s\u00e1rolhat\u00f3ak)<br>&#8211; g\u00e1z\u00e9g\u0151 haszn\u00e1lata (GTT Bobcat, 10 literes oxig\u00e9n gener\u00e1torral, prop\u00e1n but\u00e1n g\u00e1zzal)<br>&#8211; temper\u00e1l\u00f3 kemence a munka idej\u00e9re 500 Celsius fokon, a nap v\u00e9g\u00e9n programozott h\u0171t\u00e9ssel<br>&#8211; a m\u0171hely szersz\u00e1mainak haszn\u00e1lat\u00e1t gy\u00f6ngyk\u00e9sz\u00edt\u00e9shez<br>&#8211; b\u0151rk\u00f6t\u00e9ny \u00e9s sz\u0171r\u0151szem\u00fcveg haszn\u00e1lat\u00e1t<\/p>\n\n\n\n<p><strong>Fel\u00e1r ellen\u00e9ben k\u00e9rhet\u0151<\/strong><br>&#8211; az \u00e9kszerek post\u00e1z\u00e1sa (2400 Ft\/csomag)<br>&#8211; cser\u00e9lhet\u0151 \u00e9kszer k\u00e9sz\u00edt\u00e9shez csavaros p\u00e1lc\u00e1k \u00e9s t\u00e1rcs\u00e1k korl\u00e1tlan haszn\u00e1lata + 2000 Ft\/gyakorl\u00e1s<br> &#8211; cser\u00e9lhet\u0151 \u00e9kszer k\u00e9sz\u00edt\u00e9s\u00e9hez \u00fcvegbe olvaszthat\u00f3 csavarok 200 Ft\/db<br>&#8211; csavaros \u00e9kszer alapanyagok, \u00e1rak: <a href=\"https:\/\/beachbuggy.at\/hu\/?SubmitCurrency=1&#038;id_currency=1\" target=\"_blank\" rel=\"noopener\" title=\"\">www.beachbuggy.at\/<\/a><br>&#8211; speci\u00e1lis \u00fcvegek haszn\u00e1lata a helysz\u00ednen egyeztethet\u0151<\/p>","protected":false},"excerpt":{"rendered":"<p>A m\u0171helyemben lehet\u0151s\u00e9g van tanfolyamon r\u00e9szt venni, vagy oktat\u00e1s n\u00e9lk\u00fcl gyakorolni. 3 \u00f3r\u00e1s kezd\u0151 gy\u00f6ngyk\u00e9sz\u00edt\u00e9s tanfolyam: 28.000 Ft 3 \u00f3r\u00e1s csavarozhat\u00f3 \u00e9kszer tanfolyam: 32.000 Ft 5 \u00f3r\u00e1s kezd\u0151 gy\u00f6ngyk\u00e9szt\u00e9s tanfolyam: 45.000 Ft 2 \u00f3ra gyakorl\u00e1s &#8211; oktat\u00e1s n\u00e9lk\u00fcl : 14.000 Ft 3 \u00f3ra gyakorl\u00e1s &#8211; oktat\u00e1s n\u00e9lk\u00fcl : 20.000 Ft Tanfolyamok&#8211; A kezd\u0151 \u00fcveggy\u00f6ngytanfolyam \u00e1ra &hellip; <\/p>\n<p class=\"link-more\"><a href=\"https:\/\/judit-art.hu\/hu\/arak\/\" class=\"more-link\"><span class=\"screen-reader-text\">&#8220;\u00dcveg\u00e9kszer tanfolyam \u00e1rak&#8221;<\/span> b\u0151vebben<\/a><\/p>","protected":false},"author":1,"featured_media":0,"parent":0,"menu_order":0,"comment_status":"closed","ping_status":"closed","template":"","meta":{"_mi_skip_tracking":false,"_monsterinsights_sitenote_active":false,"_monsterinsights_sitenote_note":"","_monsterinsights_sitenote_category":0,"footnotes":""},"class_list":["post-994","page","type-page","status-publish","hentry"],"aioseo_notices":[],"jetpack_sharing_enabled":true,"_links":{"self":[{"href":"https:\/\/judit-art.hu\/hu\/wp-json\/wp\/v2\/pages\/994","targetHints":{"allow":["GET"]}}],"collection":[{"href":"https:\/\/judit-art.hu\/hu\/wp-json\/wp\/v2\/pages"}],"about":[{"href":"https:\/\/judit-art.hu\/hu\/wp-json\/wp\/v2\/types\/page"}],"author":[{"embeddable":true,"href":"https:\/\/judit-art.hu\/hu\/wp-json\/wp\/v2\/users\/1"}],"replies":[{"embeddable":true,"href":"https:\/\/judit-art.hu\/hu\/wp-json\/wp\/v2\/comments?post=994"}],"version-history":[{"count":35,"href":"https:\/\/judit-art.hu\/hu\/wp-json\/wp\/v2\/pages\/994\/revisions"}],"predecessor-version":[{"id":1839,"href":"https:\/\/judit-art.hu\/hu\/wp-json\/wp\/v2\/pages\/994\/revisions\/1839"}],"wp:attachment":[{"href":"https:\/\/judit-art.hu\/hu\/wp-json\/wp\/v2\/media?parent=994"}],"curies":[{"name":"wp","href":"https:\/\/api.w.org\/{rel}","templated":true}]}}