{"id":97,"date":"2022-07-08T19:37:18","date_gmt":"2022-07-08T19:37:18","guid":{"rendered":"https:\/\/juditglass.com\/?page_id=97"},"modified":"2023-04-02T14:25:01","modified_gmt":"2023-04-02T14:25:01","slug":"uvegkeszer-tanfolyam","status":"publish","type":"page","link":"https:\/\/judit-art.hu\/hu\/uvegkeszer-tanfolyam\/","title":{"rendered":"\u00dcveg\u00e9kszer tanfolyam"},"content":{"rendered":"<p>Az al\u00e1bbi list\u00e1ban l\u00e1thatja a szervez\u00e9s alatt \u00e1ll\u00f3 \u00fcveg\u00e9kszer tanfolyamokat, valamint a mur\u00e1n\u00f3i \u00fcveg\u00e9kszer k\u00e9sz\u00edt\u00e9s\u00e9nek gyakorl\u00f3 \u00f3r\u00e1it, oktat\u00e1s n\u00e9lk\u00fcl. Ha nem tal\u00e1l \u00d6nnek megfelel\u0151 tanfolyamot \u00edrjon <a href=\"https:\/\/judit-art.hu\/hu\/kapcsolat\/\" target=\"_blank\" rel=\"noopener\" title=\"emailt\">emailt<\/a>. Egy \u00fcveg\u00e9kszer tanfolyam megtart\u00e1s\u00e1hoz  min. 2 f\u0151 jelentkez\u00e9se sz\u00fcks\u00e9ges.<\/p>\n\n\n\n<p><strong>Sz\u00ednk\u00f3dok<\/strong><\/p>\n\n\n\n<table style=\"width: 227px; height: 77px;\">\n<tbody>\n<tr>\n<td style=\"width: 217px; text-align: center;\" bgcolor=\"#43CA8B\"><span style=\"color: #ffffff;\">Gyakorl\u00e1s oktat\u00e1s n\u00e9lk\u00fcl<\/span><\/td>\n<\/tr>\n<tr>\n<td style=\"width: 217px; text-align: center;\" bgcolor=\"#C843CA\"><span style=\"color: #ffffff;\">Kezd\u0151 tanfolyam<\/span><\/td>\n<\/tr>\n<tr>\n<td style=\"width: 217px; text-align: center;\" bgcolor=\"#FA3C52\"><span style=\"color: #ffffff;\">Halad\u00f3 tanfolyam<\/span><\/td>\n<\/tr>\n<\/tbody>\n<\/table>\n\n\n\n<div class=\"wp-block-amelia-events-gutenberg-block\"><script>\n  if (typeof hasAmeliaEvent === 'undefined') {\n    var hasAmeliaEvent = true;\n  }\n  if (typeof hasEventApiCall === 'undefined' && '' === '') {\n    var hasEventApiCall = true;\n  }\n  var hasEventShortcode = (typeof hasEventShortcode === 'undefined') ? false : true;\n  var bookingEntitiesIds = (typeof bookingEntitiesIds === 'undefined') ? [] : bookingEntitiesIds;\n  bookingEntitiesIds.push(\n    {\n      'hasApiCall': (typeof hasEventApiCall !== 'undefined') && hasEventApiCall,\n      'trigger': '',\n      'counter': '0',\n      'employee': '',\n      'eventId': '',\n      'eventRecurring': 0,\n      'eventTag': \"\"\n    }\n  );\n  var lazyBookingEntitiesIds = (typeof lazyBookingEntitiesIds === 'undefined') ? [] : lazyBookingEntitiesIds;\n  if (bookingEntitiesIds[bookingEntitiesIds.length - 1].trigger !== '') {\n    lazyBookingEntitiesIds.push(bookingEntitiesIds.pop());\n  }\n  if (typeof hasEventApiCall !== 'undefined' && hasEventApiCall) {\n    hasEventApiCall = false;\n  }\n<\/script>\n\n<div id=\"amelia-app-booking0\" class=\"amelia-service amelia-frontend amelia-app-booking\">\n    <events-list><\/events-list><\/div>\n<\/div>","protected":false},"excerpt":{"rendered":"<p>Az al\u00e1bbi list\u00e1ban l\u00e1thatja a szervez\u00e9s alatt \u00e1ll\u00f3 \u00fcveg\u00e9kszer tanfolyamokat, valamint a mur\u00e1n\u00f3i \u00fcveg\u00e9kszer k\u00e9sz\u00edt\u00e9s\u00e9nek gyakorl\u00f3 \u00f3r\u00e1it, oktat\u00e1s n\u00e9lk\u00fcl. Ha nem tal\u00e1l \u00d6nnek megfelel\u0151 tanfolyamot \u00edrjon emailt. Egy \u00fcveg\u00e9kszer tanfolyam megtart\u00e1s\u00e1hoz min. 2 f\u0151 jelentkez\u00e9se sz\u00fcks\u00e9ges. Sz\u00ednk\u00f3dok Gyakorl\u00e1s oktat\u00e1s n\u00e9lk\u00fcl Kezd\u0151 tanfolyam Halad\u00f3 tanfolyam<\/p>","protected":false},"author":1,"featured_media":0,"parent":0,"menu_order":0,"comment_status":"closed","ping_status":"closed","template":"","meta":{"_mi_skip_tracking":false,"_monsterinsights_sitenote_active":false,"_monsterinsights_sitenote_note":"","_monsterinsights_sitenote_category":0,"footnotes":""},"class_list":["post-97","page","type-page","status-publish","hentry"],"aioseo_notices":[],"jetpack_sharing_enabled":true,"_links":{"self":[{"href":"https:\/\/judit-art.hu\/hu\/wp-json\/wp\/v2\/pages\/97","targetHints":{"allow":["GET"]}}],"collection":[{"href":"https:\/\/judit-art.hu\/hu\/wp-json\/wp\/v2\/pages"}],"about":[{"href":"https:\/\/judit-art.hu\/hu\/wp-json\/wp\/v2\/types\/page"}],"author":[{"embeddable":true,"href":"https:\/\/judit-art.hu\/hu\/wp-json\/wp\/v2\/users\/1"}],"replies":[{"embeddable":true,"href":"https:\/\/judit-art.hu\/hu\/wp-json\/wp\/v2\/comments?post=97"}],"version-history":[{"count":28,"href":"https:\/\/judit-art.hu\/hu\/wp-json\/wp\/v2\/pages\/97\/revisions"}],"predecessor-version":[{"id":1464,"href":"https:\/\/judit-art.hu\/hu\/wp-json\/wp\/v2\/pages\/97\/revisions\/1464"}],"wp:attachment":[{"href":"https:\/\/judit-art.hu\/hu\/wp-json\/wp\/v2\/media?parent=97"}],"curies":[{"name":"wp","href":"https:\/\/api.w.org\/{rel}","templated":true}]}}