{"id":869,"date":"2023-03-23T16:19:52","date_gmt":"2023-03-23T16:19:52","guid":{"rendered":"https:\/\/judit-art.hu\/hu\/?page_id=869"},"modified":"2023-04-04T12:42:31","modified_gmt":"2023-04-04T12:42:31","slug":"uveggyongy-keszito-tanfolyam","status":"publish","type":"page","link":"https:\/\/judit-art.hu\/hu\/uveggyongy-keszito-tanfolyam\/","title":{"rendered":"\u00dcveggy\u00f6ngy k\u00e9sz\u00edt\u00e9s g\u00e1z\u00e9g\u0151 felett"},"content":{"rendered":"<p>Kedves \u00c9rdekl\u0151d\u0151! <\/p>\n\n\n\n<p>Sz\u0151ke Judit vagyok \u00e9s 2010 \u00f3ta k\u00e9sz\u00edtek \u00fcveggy\u00f6ngy\u00f6ket mur\u00e1n\u00f3i technik\u00e1val. Az szakmai fog\u00e1sokat k\u00fclf\u00f6ldi st\u00fadi\u00f3kban tanultam, az oktat\u00f3 m\u0171helyemet 2022 okt\u00f3ber\u00e9ben nyitottam meg. <\/p>\n\n\n\n<p>M\u0171helyemben \u00fcveggy\u00f6ngy k\u00e9sz\u00edt\u0151 tanfolyamokat, \u00fcveg\u00e9kszerk\u00e9sz\u00edt\u0151 tanfolyamokat tartok igen sokf\u00e9le technik\u00e1val. Az \u00e9kszereket g\u00e1z\u00e9g\u0151 felett k\u00e9sz\u00fclnek ugyan \u00fagy, mint Mur\u00e1n\u00f3ban. Az angol lampwork sz\u00f3b\u00f3l sz\u00e1rmaztatva ezeket \u00fagynevezett l\u00e1mpagy\u00f6ngy\u00f6knek is nevezik az elk\u00e9sz\u00fclt gy\u00f6ngy\u00f6ket. A l\u00e1mpa\/g\u00e1z\u00e9g\u0151 egy speci\u00e1lis asztalhoz r\u00f6gz\u00edtett k\u00e9sz\u00fcl\u00e9k. A l\u00e1ngja bizonyos ponton ak\u00e1r 1200 fokot is el\u00e9rhet prop\u00e1n-but\u00e1n \u00e9s oxig\u00e9n kever\u00e9k\u00e9nek el\u00e9get\u00e9s\u00e9vel.<\/p>\n\n\n\n<figure class=\"wp-block-image size-large\"><img loading=\"lazy\" decoding=\"async\" width=\"1024\" height=\"768\" src=\"https:\/\/judit-art.hu\/wp-content\/uploads\/2022\/09\/bead-1024x768.jpg\" alt=\"\u00fcveggy\u00f6ngy k\u00e9sz\u00edt\u00e9s\" class=\"wp-image-551\" srcset=\"https:\/\/judit-art.hu\/wp-content\/uploads\/2022\/09\/bead-1024x768.jpg 1024w, https:\/\/judit-art.hu\/wp-content\/uploads\/2022\/09\/bead-350x263.jpg 350w, https:\/\/judit-art.hu\/wp-content\/uploads\/2022\/09\/bead-300x225.jpg 300w, https:\/\/judit-art.hu\/wp-content\/uploads\/2022\/09\/bead-768x576.jpg 768w, https:\/\/judit-art.hu\/wp-content\/uploads\/2022\/09\/bead-1536x1152.jpg 1536w, https:\/\/judit-art.hu\/wp-content\/uploads\/2022\/09\/bead.jpg 2048w\" sizes=\"auto, (max-width: 767px) 89vw, (max-width: 1000px) 54vw, (max-width: 1071px) 543px, 580px\" \/><figcaption class=\"wp-element-caption\">med\u00e1l \u00e9s \u00fcveggy\u00f6ngy<\/figcaption><\/figure>\n\n\n\n<p>A tanfolyamaimon \u00d6n is egy ilyen g\u00e1z\u00e9g\u0151vel saj\u00e1t\u00edthatja el az \u00fcvegform\u00e1l\u00e1s m\u0171v\u00e9szet\u00e9t, vagy ha m\u00e1r gyakorlott gy\u00f6ngyk\u00e9sz\u00edt\u0151, akkor tanulhat \u00faj technik\u00e1kat.<\/p>\n\n\n\n<p>Mindezekhez szeretn\u00e9k \u00d6nnel megosztani n\u00e9h\u00e1ny inform\u00e1ci\u00f3t, hogy a tanfolyam, a gyakorl\u00e1s \u00e9lvezetes \u00e9s biztons\u00e1gos legyen mindenki sz\u00e1m\u00e1ra.<\/p>\n\n\n\n<p><strong>A  helysz\u00edne<\/strong><br>Sz\u0151ke Judit m\u0171helye, Sopron, V\u00e1rker\u00fclet 98. (Lenck-\u00e1tj\u00e1r\u00f3 els\u0151 udvar\u00e1ban a V\u00e1rker\u00fclet fel\u0151l)<\/p>\n\n\n\n<p><strong>Parkol\u00e1s<\/strong><br>k\u00f6zvetlen\u00fcl a m\u0171hely el\u0151tt a I. parkol\u00f3 z\u00f3na tal\u00e1lhat\u00f3 a V\u00e1rker\u00fcleten, h\u00e9tk\u00f6znap 8-18 \u00f3ra k\u00f6z\u00f6tt fizet\u0151s a parkol\u00e1s, 480 Ft\/\u00f3ra (maximum 3 \u00f3ra a parkol\u00e1si id\u0151)<\/p>\n\n\n\n<p>A m\u0171helyt\u0151l 2 perc s\u00e9t\u00e1ra tal\u00e1lhat\u00f3 az \u00c1rp\u00e1d utcai parkol\u00f3h\u00e1z, szint\u00e9n 480 Ft\/\u00f3ra a parkol\u00e1s, de nincs limit\u00e1lva az id\u0151.<\/p>\n\n\n\n<p>A legolcs\u00f3bb megold\u00e1s kb. 5 perc s\u00e9t\u00e1ra m\u00e1r II. parkol\u00e1si z\u00f3na tal\u00e1lhat\u00f3 a Papr\u00e9ten, h\u00e9tk\u00f6znap 8-18 \u00f3ra k\u00f6z\u00f6tt fizet\u0151s a parkol\u00e1s, 240 Ft\/\u00f3ra (maximum 3 \u00f3ra a parkol\u00e1si id\u0151)<\/p>\n\n\n\n<p><strong>Az \u00fcvegform\u00e1l\u00e1s<\/strong><br>A tanfolyamok \u00e9s gyakorl\u00e1sok sor\u00e1n mur\u00e1n\u00f3i \u00fcvegp\u00e1lc\u00e1kat  olvasztunk meg. Ezt form\u00e1zhatjuk grafit \u00e9s ac\u00e9l szersz\u00e1mokkal. A v\u00e9geredm\u00e9ny lehet egy \u00f6n\u00e1ll\u00f3 \u00fcvegmed\u00e1l, vagy ak\u00e1r \u00fcveggy\u00f6ngy. <\/p>\n\n\n\n<figure class=\"wp-block-image size-large\"><img loading=\"lazy\" decoding=\"async\" width=\"1024\" height=\"512\" src=\"https:\/\/judit-art.hu\/wp-content\/uploads\/2023\/03\/beads-1024x512.jpg\" alt=\"\" class=\"wp-image-912\" srcset=\"https:\/\/judit-art.hu\/wp-content\/uploads\/2023\/03\/beads-1024x512.jpg 1024w, https:\/\/judit-art.hu\/wp-content\/uploads\/2023\/03\/beads-350x175.jpg 350w, https:\/\/judit-art.hu\/wp-content\/uploads\/2023\/03\/beads-300x150.jpg 300w, https:\/\/judit-art.hu\/wp-content\/uploads\/2023\/03\/beads-768x384.jpg 768w, https:\/\/judit-art.hu\/wp-content\/uploads\/2023\/03\/beads-1536x768.jpg 1536w, https:\/\/judit-art.hu\/wp-content\/uploads\/2023\/03\/beads-18x9.jpg 18w, https:\/\/judit-art.hu\/wp-content\/uploads\/2023\/03\/beads.jpg 2000w\" sizes=\"auto, (max-width: 767px) 89vw, (max-width: 1000px) 54vw, (max-width: 1071px) 543px, 580px\" \/><figcaption class=\"wp-element-caption\">med\u00e1l \u00e9s \u00fcveggy\u00f6ngy<\/figcaption><\/figure>\n\n\n\n<p><\/p>\n\n\n\n<p><strong>G\u00e1z\u00e9g\u0151<\/strong><br>Ahhoz hogy az mur\u00e1n\u00f3i \u00fcveg olvad\u00e1spontja 700 Celsius fok k\u00f6r\u00fcl van. Ekkora h\u0151m\u00e9rs\u00e9kletet oxig\u00e9nnel d\u00fas\u00edtott prop\u00e1n but\u00e1n g\u00e1z \u00e9get\u00e9s\u00e9vel tudunk el\u00e9rni egy speci\u00e1lis g\u00e1z\u00e9g\u0151 seg\u00edts\u00e9g\u00e9vel. Angolul torch, N\u00e9met\u00fcl: Brenner.  A m\u0171helyemben 3 db <a href=\"https:\/\/www.glasstorchtech.com\/bobcat\" target=\"_blank\" rel=\"noopener\" title=\"GTT Bobcat \">GTT Bobcat <\/a>g\u00e1z\u00e9g\u0151vel t\u00f6rt\u00e9nik az oktat\u00e1s. \u00c9n magam egy Nortel Mid-Range Plus \u00e9g\u0151vel dolgozom. A m\u0171helyben minden g\u00e1z\u00e9g\u0151t egy 10 literes oxig\u00e9n-koncentr\u00e1tor l\u00e1t el oxig\u00e9nnel.<\/p>\n\n\n\n<figure class=\"wp-block-image size-full\"><img loading=\"lazy\" decoding=\"async\" width=\"1000\" height=\"1000\" src=\"https:\/\/judit-art.hu\/wp-content\/uploads\/2023\/03\/bobcat.png\" alt=\"\" class=\"wp-image-871\" srcset=\"https:\/\/judit-art.hu\/wp-content\/uploads\/2023\/03\/bobcat.png 1000w, https:\/\/judit-art.hu\/wp-content\/uploads\/2023\/03\/bobcat-250x250.png 250w, https:\/\/judit-art.hu\/wp-content\/uploads\/2023\/03\/bobcat-100x100.png 100w, https:\/\/judit-art.hu\/wp-content\/uploads\/2023\/03\/bobcat-350x350.png 350w, https:\/\/judit-art.hu\/wp-content\/uploads\/2023\/03\/bobcat-300x300.png 300w, https:\/\/judit-art.hu\/wp-content\/uploads\/2023\/03\/bobcat-150x150.png 150w, https:\/\/judit-art.hu\/wp-content\/uploads\/2023\/03\/bobcat-768x768.png 768w, https:\/\/judit-art.hu\/wp-content\/uploads\/2023\/03\/bobcat-12x12.png 12w\" sizes=\"auto, (max-width: 767px) 89vw, (max-width: 1000px) 54vw, (max-width: 1071px) 543px, 580px\" \/><figcaption class=\"wp-element-caption\">GTT Bobcat g\u00e1z\u00e9g\u0151<\/figcaption><\/figure>\n\n\n\n<p><strong>H\u0171t\u00e9s<\/strong><br>Az elk\u00e9sz\u00fclt \u00fcveg\u00e9kszert  500 Celsius fokon  temper\u00e1l\u00f3 gy\u00f6ngykemenc\u00e9be helyezz\u00fck. Ez egy programozhat\u00f3 kemence, amelyn\u00e9l be\u00e1ll\u00edthat\u00f3 a felf\u0171t\u00e9s \u00e9s leh\u0171t\u00e9s folyamata. A tanfolyam vagy gyakorl\u00e1s v\u00e9g\u00e9n a kemence egy lass\u00fa h\u0171t\u0151folyamatra \u00e1ll\u00edtjuk, amely sor\u00e1n nagyon lassan (5-6 \u00f3ra alatt) h\u0171l a kemence \u00e9s tartalma szobah\u0151m\u00e9rs\u00e9kletre. Ez egyben azt is jelenti, hogy az elk\u00e9sz\u00fclt \u00e9kszert csak a k\u00f6vetkez\u0151 napt\u00f3l lehet elvinni.  A h\u0171tetlen \u00e9kszerek el\u0151bb m\u00e9rett\u0151l f\u00fcgg\u0151en azonnal megreped elt\u00f6rik, ha kisebb, akkor el\u0151fordulhat, hogy csak hetekkel k\u00e9s\u0151bb. Nem j\u00f3l h\u0171t\u00f6tt \u00e9kszert nem szabad hordani, mert b\u00e1rmikor elt\u00f6rhet \u00e9s \u00e9les r\u00e9szeivel s\u00e9r\u00fcl\u00e9st okozhat. <br>Amennyiben \u00d6n nem tud az \u00e9kszer\u00e9rt m\u00e1snap j\u00f6nni, k\u00e9rheti az elk\u00e9sz\u00fclt \u00e9kszer post\u00e1z\u00e1s\u00e1t, postak\u00f6lts\u00e9g megfizet\u00e9se ellen\u00e9ben.<\/p>\n\n\n\n<figure class=\"wp-block-image size-full\"><img loading=\"lazy\" decoding=\"async\" width=\"1000\" height=\"1000\" src=\"https:\/\/judit-art.hu\/wp-content\/uploads\/2023\/03\/kiln.png\" alt=\"\" class=\"wp-image-873\" srcset=\"https:\/\/judit-art.hu\/wp-content\/uploads\/2023\/03\/kiln.png 1000w, https:\/\/judit-art.hu\/wp-content\/uploads\/2023\/03\/kiln-250x250.png 250w, https:\/\/judit-art.hu\/wp-content\/uploads\/2023\/03\/kiln-100x100.png 100w, https:\/\/judit-art.hu\/wp-content\/uploads\/2023\/03\/kiln-350x350.png 350w, https:\/\/judit-art.hu\/wp-content\/uploads\/2023\/03\/kiln-300x300.png 300w, https:\/\/judit-art.hu\/wp-content\/uploads\/2023\/03\/kiln-150x150.png 150w, https:\/\/judit-art.hu\/wp-content\/uploads\/2023\/03\/kiln-768x768.png 768w, https:\/\/judit-art.hu\/wp-content\/uploads\/2023\/03\/kiln-12x12.png 12w\" sizes=\"auto, (max-width: 767px) 89vw, (max-width: 1000px) 54vw, (max-width: 1071px) 543px, 580px\" \/><figcaption class=\"wp-element-caption\">h\u00fat\u0151 kemence<\/figcaption><\/figure>\n\n\n\n<h2 class=\"wp-block-heading\"><strong>Kedz\u0151 \u00fcveggy\u00f6ngy tanfolyam<\/strong><\/h2>\n\n\n\n<p>A tanfolyam c\u00e9lja, hogy mindenki elk\u00e9sz\u00edtse els\u0151 gy\u00f6ngysor\u00e1t, amit nyakl\u00e1ncon vagy f\u00fclbeval\u00f3n is lehet hordani. Az \u00fcvegp\u00e1lc\u00e1k amelyeket megolvasztunk 4-6 mm vastagok \u00e9s kb. 33 cm hossz\u00faak. Egy \u00fcveggy\u00f6ngy \u00fagy k\u00e9sz\u00fcl, hogy az olvadt \u00fcveget egy ac\u00e9lp\u00e1lc\u00e1ra olvassztjuk. <\/p>\n\n\n\n<p>Miut\u00e1n az \u00fcveg az <a href=\"https:\/\/judit-art.hu\/hu\/uvegpalca-vasarlas\/\" title=\"ac\u00e9lp\u00e1lc\u00e1n\">ac\u00e9lp\u00e1lc\u00e1n<\/a> leh\u0171lt, a p\u00e1lc\u00e1t kih\u00fazzuk az \u00fcvegb\u0151l, \u00edgy alakul ki a lyuk a gy\u00f6ngyben. A kezd\u0151 tanfolyam \u00e1ra tartalmaz egy darab rozsdamentes nyakl\u00e1ncot \u00e9s  egy p\u00e1r rozsdamentes ac\u00e9l f\u00fclbeval\u00f3t, amelyeken az elk\u00e9sz\u00fclt gy\u00f6ngy\u00f6k felf\u0171zhet\u0151ek.<\/p>\n\n\n\n<figure class=\"wp-block-image size-large\"><img loading=\"lazy\" decoding=\"async\" width=\"1024\" height=\"512\" src=\"https:\/\/judit-art.hu\/wp-content\/uploads\/2023\/03\/beads_rods-1024x512.jpg\" alt=\"\" class=\"wp-image-914\" srcset=\"https:\/\/judit-art.hu\/wp-content\/uploads\/2023\/03\/beads_rods-1024x512.jpg 1024w, https:\/\/judit-art.hu\/wp-content\/uploads\/2023\/03\/beads_rods-350x175.jpg 350w, https:\/\/judit-art.hu\/wp-content\/uploads\/2023\/03\/beads_rods-300x150.jpg 300w, https:\/\/judit-art.hu\/wp-content\/uploads\/2023\/03\/beads_rods-768x384.jpg 768w, https:\/\/judit-art.hu\/wp-content\/uploads\/2023\/03\/beads_rods-1536x768.jpg 1536w, https:\/\/judit-art.hu\/wp-content\/uploads\/2023\/03\/beads_rods-18x9.jpg 18w, https:\/\/judit-art.hu\/wp-content\/uploads\/2023\/03\/beads_rods.jpg 2000w\" sizes=\"auto, (max-width: 767px) 89vw, (max-width: 1000px) 54vw, (max-width: 1071px) 543px, 580px\" \/><figcaption class=\"wp-element-caption\">\u00fcvegp\u00e1lc\u00e1k, gy\u00f6ngy\u00f6k<\/figcaption><\/figure>\n\n\n\n<p><strong>Biztons\u00e1g<\/strong><br>A tanfolyam \u00e9s gyarkol\u00e1s sor\u00e1n k\u00f6telez\u0151 mindenkinek megismernie \u00e9s betartania a m\u0171hely t\u0171zv\u00e9delmi \u00e9s biztons\u00e1gtechnikai szab\u00e1lyait.<\/p>\n\n\n\n<p><strong>A legfontosabb alapszab\u00e1lyok<\/strong><\/p>\n\n\n\n<ul class=\"has-vivid-red-color has-text-color wp-block-list\">\n<li><strong>A g\u00e1z\u00e9g\u0151t csak a m\u0171helyvezet\u0151 gy\u00fajthatja be<\/strong>!<\/li>\n\n\n\n<li><strong>A g\u00e1z\u00e9g\u0151 l\u00e1ngj\u00e1nak elz\u00e1r\u00e1sa a munka\u00e1llom\u00e1s elhagy\u00e1sakor k\u00f6telez\u0151<\/strong>!<\/li>\n\n\n\n<li><strong>\u00dcvegp\u00e1lc\u00e1t \u00e9s szersz\u00e1mot az szerk\u00e9nyekb\u0151l kiz\u00e1r\u00f3lag a m\u0171helyvezet\u0151 vehet ki!<\/strong><\/li>\n\n\n\n<li><strong>Forr\u00f3 v\u00e9g\u0171 t\u00e1rgyakat (\u00fcveget, szersz\u00e1mot) az asztalra mindig \u00fagy kell letenni, hogy a forr\u00f3 v\u00e9ge t\u0151l\u00fcnk t\u00e1volabb essen<\/strong>!<\/li>\n\n\n\n<li><strong>Forr\u00f3 szersz\u00e1mmal, \u00fcveggel m\u00e1sok fel\u00e9 fordulni TILOS!<\/strong><\/li>\n\n\n\n<li><strong>Amennyiben az elk\u00e9sz\u00fclt forr\u00f3 \u00fcveget a kemenc\u00e9be szeretn\u00e9 helyezni, azt hangosan jelezze a k\u00f6r\u00fclette l\u00e9v\u0151knek \u00e9s bizonyosodjon meg, hogy szabad az \u00fat a kemence fel\u00e9<\/strong>!<\/li>\n\n\n\n<li><strong>Amennyiben \u00e9g\u00e9si s\u00e9r\u00fcl\u00e9st \u00e9szlel, azonnal foly\u00f3 hideg v\u00edz al\u00e1 kell tenni az \u00e9get fel\u00fcletet a meg\u00e9gett fel\u00fcletet \u00e9s legal\u00e1bb 10 percig ott kell tartani. Nagyobb \u00e9g\u00e9si s\u00e9r\u00fcl\u00e9s eset\u00e9n k\u00f6telez\u0151 a k\u00f3rh\u00e1zi \u00fcgyeleten val\u00f3 ell\u00e1t\u00e1s!<\/strong><\/li>\n<\/ul>\n\n\n\n<p><strong>\u00d6lt\u00f6z\u00e9k<\/strong><br>Mivel igen magas h\u0151m\u00e9rs\u00e9kleten dolgozunk a tanfolyamon, ez\u00e9rt egy egy b\u0151rk\u00f6t\u00e9nyt fog mindenki viselni. (A helysz\u00ednen kap mindenki)<\/p>\n\n\n\n<p>A tanfolyam sor\u00e1n a ruh\u00e1zatunk mindenk\u00e9ppen olyan legyen, ami nem tartalmaz m\u0171sz\u00e1lat (pamut fels\u0151, farmer stb.).<\/p>\n\n\n\n<p><strong>Szem\u00fcveg<\/strong><br>A l\u00e1nggal val\u00f3 munka sor\u00e1n sz\u00fcks\u00e9ges egy speci\u00e1lis sz\u0171r\u0151szem\u00fcveg viselete, ami a l\u00e1ng er\u0151s f\u00e9ny\u00e9t megsz\u0171ri. Amennyiben \u00d6n a k\u00f6zell\u00e1t\u00e1shoz dioptri\u00e1s szem\u00fcveget hord, k\u00e9rem jelezze email-ben a tanfolyam el\u0151tt. A szem\u00fcveg\u00e9t mindenk\u00e9ppen hozza mag\u00e1val.<\/p>\n\n\n\n<p>A sz\u0171r\u0151szem\u00fcveget vagy egy szem\u00fcvegre cs\u00edptethet\u0151 sz\u0171r\u0151t lencs\u00e9t a helysz\u00ednen kap minden tanul\u00f3.<\/p>\n\n\n\n<p><strong>K\u00e1rokoz\u00e1s<\/strong><br>Azon k\u00e1rok\u00e9rt, amelyek a t\u0171zv\u00e9delmi \u00e9s tanfolyam szab\u00e1lyainak be nem tart\u00e1sa miatt keletkeznek, annak okoz\u00f3ja felel\u0151s.<\/p>","protected":false},"excerpt":{"rendered":"<p>Kedves \u00c9rdekl\u0151d\u0151! Sz\u0151ke Judit vagyok \u00e9s 2010 \u00f3ta k\u00e9sz\u00edtek \u00fcveggy\u00f6ngy\u00f6ket mur\u00e1n\u00f3i technik\u00e1val. Az szakmai fog\u00e1sokat k\u00fclf\u00f6ldi st\u00fadi\u00f3kban tanultam, az oktat\u00f3 m\u0171helyemet 2022 okt\u00f3ber\u00e9ben nyitottam meg. M\u0171helyemben \u00fcveggy\u00f6ngy k\u00e9sz\u00edt\u0151 tanfolyamokat, \u00fcveg\u00e9kszerk\u00e9sz\u00edt\u0151 tanfolyamokat tartok igen sokf\u00e9le technik\u00e1val. Az \u00e9kszereket g\u00e1z\u00e9g\u0151 felett k\u00e9sz\u00fclnek ugyan \u00fagy, mint Mur\u00e1n\u00f3ban. Az angol lampwork sz\u00f3b\u00f3l sz\u00e1rmaztatva ezeket \u00fagynevezett l\u00e1mpagy\u00f6ngy\u00f6knek is nevezik az &hellip; <\/p>\n<p class=\"link-more\"><a href=\"https:\/\/judit-art.hu\/hu\/uveggyongy-keszito-tanfolyam\/\" class=\"more-link\"><span class=\"screen-reader-text\">&#8220;\u00dcveggy\u00f6ngy k\u00e9sz\u00edt\u00e9s g\u00e1z\u00e9g\u0151 felett&#8221;<\/span> b\u0151vebben<\/a><\/p>","protected":false},"author":1,"featured_media":0,"parent":0,"menu_order":0,"comment_status":"closed","ping_status":"closed","template":"","meta":{"_mi_skip_tracking":false,"_monsterinsights_sitenote_active":false,"_monsterinsights_sitenote_note":"","_monsterinsights_sitenote_category":0,"footnotes":""},"class_list":["post-869","page","type-page","status-publish","hentry"],"aioseo_notices":[],"jetpack_sharing_enabled":true,"_links":{"self":[{"href":"https:\/\/judit-art.hu\/hu\/wp-json\/wp\/v2\/pages\/869","targetHints":{"allow":["GET"]}}],"collection":[{"href":"https:\/\/judit-art.hu\/hu\/wp-json\/wp\/v2\/pages"}],"about":[{"href":"https:\/\/judit-art.hu\/hu\/wp-json\/wp\/v2\/types\/page"}],"author":[{"embeddable":true,"href":"https:\/\/judit-art.hu\/hu\/wp-json\/wp\/v2\/users\/1"}],"replies":[{"embeddable":true,"href":"https:\/\/judit-art.hu\/hu\/wp-json\/wp\/v2\/comments?post=869"}],"version-history":[{"count":29,"href":"https:\/\/judit-art.hu\/hu\/wp-json\/wp\/v2\/pages\/869\/revisions"}],"predecessor-version":[{"id":1243,"href":"https:\/\/judit-art.hu\/hu\/wp-json\/wp\/v2\/pages\/869\/revisions\/1243"}],"wp:attachment":[{"href":"https:\/\/judit-art.hu\/hu\/wp-json\/wp\/v2\/media?parent=869"}],"curies":[{"name":"wp","href":"https:\/\/api.w.org\/{rel}","templated":true}]}}