{"id":801,"date":"2022-11-20T15:52:44","date_gmt":"2022-11-20T15:52:44","guid":{"rendered":"https:\/\/judit-art.hu\/de\/?page_id=801"},"modified":"2023-08-02T19:36:53","modified_gmt":"2023-08-02T19:36:53","slug":"uvegpalca-vasarlas","status":"publish","type":"page","link":"https:\/\/judit-art.hu\/hu\/uvegpalca-vasarlas\/","title":{"rendered":"\u00dcvegp\u00e1lc\u00e1k az \u00e9kszerk\u00e9sz\u00edt\u00e9shez"},"content":{"rendered":"<p>A l\u00e1ng felett az \u00fcveg\u00e9kszerek \u00e1ltal\u00e1ban 5-6 mm vastag \u00fcvegp\u00e1lc\u00e1kb\u00f3l k\u00e9sz\u00fclnek. Sz\u00edn\u00fck igen v\u00e1tozatos. \u00d6sszet\u00e9tel\u00fck alapj\u00e1n k\u00fcl\u00f6nb\u00f6z\u0151f\u00e9le \u00fcvegeket gy\u00e1rtanak, amelyeket nem lehet vegy\u00edteni, keverni, ha m\u00e9gis megtessz\u00fck az \u00fcveg a leh\u0171l\u00e9s ut\u00e1n val\u00f3sz\u00edn\u0171leg elt\u00f6rik. Az \u00fcvegeket a t\u00e1gul\u00e1si egy\u00fctthat\u00f3juk alapj\u00e1n k\u00fcl\u00f6nb\u00f6ztetj\u00fck meg, angol jel\u00f6l\u00e9se COE (Coefficient of Expansion). Gy\u00f6ngyk\u00e9sz\u00edt\u00e9shez Eur\u00f3p\u00e1ban szinte minden \u00e9kszerk\u00e9sz\u00edt\u0151 a COE 104-es \u00fcveget haszn\u00e1l, a mur\u00e1n\u00f3i \u00fcvegm\u0171helyekhez hasonl\u00f3an. Ennek az \u00fcvegt\u00edpusnak az olvad\u00e1si pontja sz\u00ednenk\u00e9nt elt\u00e9r, valahol 650-700 Celsius fok k\u00f6z\u00f6tt van. A puha megnevez\u00e9s abb\u00f3l is ered, hogy ez az olvad\u00e1si pont alacsonynak sz\u00e1m\u00edt az \u00fcvegt\u00edpusok k\u00f6z\u00f6tt, ebb\u0151l kifoly\u00f3lag a t\u00f6bbi \u00fcveghez k\u00e9pest j\u00f3l form\u00e1zhat\u00f3. <\/p>\n\n\n\n<h2 class=\"wp-block-heading\">\u00dcVEGP\u00c1LCA GY\u00c1RT\u00d3K<\/h2>\n\n\n\n<p>A legt\u00f6bb p\u00e1lca amit haszn\u00e1lok a mur\u00e1n\u00f3i Effetre c\u00e9g gy\u00e1rtja, de vannak olyan csod\u00e1s sz\u00ednek, amelyeket a n\u00e9met Lauscha vagy Reichenbach \u00dcveggy\u00e1r, az amerikai Double Helix, vagy ak\u00e1r a k\u00ednai CIM c\u00e9g gy\u00e1rt. <\/p>\n\n\n\n<h2 class=\"wp-block-heading\">\u00dcVEGP\u00c1LCA SZ\u00cdNEK<\/h2>\n\n\n\n<p>A sziv\u00e1rv\u00e1ny \u00f6sszes \u00e1rnyalata. A sz\u00ednek lehetnek \u00e1ttetsz\u0151ek (transparens) vagy nem \u00e1ttetsz\u0151ek (opal, opaque)<br>Effetre \u00fcvegp\u00e1lc\u00e1k: <a href=\"https:\/\/www.effetremurano.com\/cataloghi\/Bacchette-effetre-murano.pdf\" target=\"_blank\" rel=\"noopener\" title=\"KLIKK\">KLIKK<\/a><br>Reichenbach \u00fcvegp\u00e1lc\u00e1k: <a href=\"https:\/\/www.farbglas.de\/lampworking.php\" target=\"_blank\" rel=\"noopener\" title=\"KLIKK\">KLIKK<\/a><br>CIM \u00fcvegp\u00e1lc\u00e1k : <a href=\"https:\/\/www.creationismessy.com\/palettes.aspx\" target=\"_blank\" rel=\"noopener\" title=\"KLIKK\">KLIKK<\/a><br>Double Helix \u00fcvegp\u00e1lc\u00e1k: <a href=\"https:\/\/doublehelixglassworks.com\/product-category\/glass\/glass-rods\/\" target=\"_blank\" rel=\"noopener\" title=\"KLIKK\">KLIKK<\/a><br>Double Helix \u00fcvegp\u00e1lc\u00e1k t\u00edpusok: <a href=\"https:\/\/doublehelixglassworks.com\/wp-content\/uploads\/2019\/07\/Master-Glass-List.pdf\" target=\"_blank\" rel=\"noopener\" title=\"KLIKK\">KLIKK<\/a><br>Double Helix \u00fcvegp\u00e1lc\u00e1k haszn\u00e1lati \u00fatmutat\u00f3 angolul: <a href=\"http:\/\/doublehelixglassworks.com\/wp-content\/uploads\/2019\/10\/8PageBookletwoGuideMarks.pdf\" target=\"_blank\" rel=\"noopener\" title=\"KLIKK\">KLIKK<\/a><\/p>\n\n\n\n<h2 class=\"wp-block-heading\">\u00dcVEGP\u00c1LCA \u00c1RAK<\/h2>\n\n\n\n<p>Nagyon v\u00e1ltoz\u00f3 \u00e9s a sz\u00ednt\u0151l f\u00fcgg. A legolcs\u00f3bb p\u00e1lca \u00e1ra 6-700 Ft\/m\u00e9ter, 5-6 mm vastags\u00e1gban. A legdr\u00e1g\u00e1bb \u00fcvegp\u00e1lca \u00e1ra el\u00e9ri a 12.000 Ft-ot m\u00e9terenk\u00e9nt.<\/p>\n\n\n\n<h2 class=\"wp-block-heading\">\u00dcVEGP\u00c1LCA S\u00daLYA<\/h2>\n\n\n\n<p>Ha egy \u00fcvegp\u00e1lca kb. 5 mm vastag \u00e9s 1 m hossz\u00fa, akkor kb. 60 gramm a s\u00falya.<\/p>\n\n\n\n<h2 class=\"wp-block-heading\">\u00dcVEGP\u00c1LCA SZ\u00c1LL\u00cdT\u00c1S \u00c9S POST\u00c1Z\u00c1S<\/h2>\n\n\n\n<p>A m\u00e9teres sz\u00e1lat 2 vagy 3 darabra v\u00e1gva sz\u00e1ll\u00edtj\u00e1k. A p\u00e1lc\u00e1kat szorosan k\u00f6tegelve csomagolj\u00e1k \u00e9s kib\u00e9lelt dobozba k\u00fcldik. Nekem az \u00e9vek sor\u00e1n m\u00e9g nem fordult el\u0151, hogy  s\u00e9r\u00fclten \u00e9rkezett volna meg a rendel\u00e9sem. \u00c9n a m\u00e9teres sz\u00e1lakat 3 darabra v\u00e1gva haszn\u00e1lom, az 50 cm hossz\u00fa \u00fcvegp\u00e1lc\u00e1t \u00e9n hossz\u00fanak tal\u00e1lom a munka sor\u00e1n. <\/p>\n\n\n\n<h2 class=\"wp-block-heading\">\u00dcVEGP\u00c1LCA V\u00c1S\u00c1RL\u00c1S<\/h2>\n\n\n\n<p>Ez mindig a mennyis\u00e9gt\u0151l f\u00fcgg. 1-2 \u00fcvegp\u00e1lc\u00e1t b\u00e1rhol megvehet\u00fcnk, mert az a postak\u00f6lts\u00e9g t\u00f6bb lesz mint a p\u00e1lca. De m\u00e1r 2-3 kg eset\u00e9n sz\u00ednt\u0151l f\u00fcgg\u0151en el\u0151fordulhat, hogy meg\u00e9ri ak\u00e1r k\u00fclf\u00f6ld\u00f6n megvenni \u0151ket. <\/p>\n\n\n\n<p>Ezeket a megb\u00edzhat\u00f3 boltokat tudom aj\u00e1nlani \u00fcvegp\u00e1lca \u00e9s szersz\u00e1m rendel\u00e9s\u00e9hez:<\/p>\n\n\n\n<p>Magyarorsz\u00e1g: Glass-Design, <strong><a href=\"http:\/\/shop.glass-design.hu\/\" target=\"_blank\" rel=\"noopener\" title=\"www.glass-design.hu\">www.glass-design.hu<\/a><\/strong><\/p>\n\n\n\n<p>N\u00e9metorsz\u00e1g: Audrey Otterbein <a href=\"http:\/\/www.otterbein-glas.de\/xtcommerce\/\" target=\"_blank\" rel=\"noreferrer noopener\"><strong>www.otterbein-glas.de<\/strong><\/a><\/p>\n\n\n\n<p>Hollandia: Artyco Object <a href=\"http:\/\/www.artyco.nl\" target=\"_blank\" rel=\"noreferrer noopener\"><strong>www.artyco.nl<\/strong><\/a><\/p>\n\n\n\n<p><\/p>","protected":false},"excerpt":{"rendered":"<p>A l\u00e1ng felett az \u00fcveg\u00e9kszerek \u00e1ltal\u00e1ban 5-6 mm vastag \u00fcvegp\u00e1lc\u00e1kb\u00f3l k\u00e9sz\u00fclnek. Sz\u00edn\u00fck igen v\u00e1tozatos. \u00d6sszet\u00e9tel\u00fck alapj\u00e1n k\u00fcl\u00f6nb\u00f6z\u0151f\u00e9le \u00fcvegeket gy\u00e1rtanak, amelyeket nem lehet vegy\u00edteni, keverni, ha m\u00e9gis megtessz\u00fck az \u00fcveg a leh\u0171l\u00e9s ut\u00e1n val\u00f3sz\u00edn\u0171leg elt\u00f6rik. Az \u00fcvegeket a t\u00e1gul\u00e1si egy\u00fctthat\u00f3juk alapj\u00e1n k\u00fcl\u00f6nb\u00f6ztetj\u00fck meg, angol jel\u00f6l\u00e9se COE (Coefficient of Expansion). Gy\u00f6ngyk\u00e9sz\u00edt\u00e9shez Eur\u00f3p\u00e1ban szinte minden \u00e9kszerk\u00e9sz\u00edt\u0151 a COE &hellip; <\/p>\n<p class=\"link-more\"><a href=\"https:\/\/judit-art.hu\/hu\/uvegpalca-vasarlas\/\" class=\"more-link\"><span class=\"screen-reader-text\">&#8220;\u00dcvegp\u00e1lc\u00e1k az \u00e9kszerk\u00e9sz\u00edt\u00e9shez&#8221;<\/span> b\u0151vebben<\/a><\/p>","protected":false},"author":1,"featured_media":1697,"parent":0,"menu_order":0,"comment_status":"closed","ping_status":"closed","template":"","meta":{"_mi_skip_tracking":false,"_monsterinsights_sitenote_active":false,"_monsterinsights_sitenote_note":"","_monsterinsights_sitenote_category":0,"footnotes":""},"class_list":["post-801","page","type-page","status-publish","has-post-thumbnail","hentry"],"aioseo_notices":[],"jetpack_sharing_enabled":true,"_links":{"self":[{"href":"https:\/\/judit-art.hu\/hu\/wp-json\/wp\/v2\/pages\/801","targetHints":{"allow":["GET"]}}],"collection":[{"href":"https:\/\/judit-art.hu\/hu\/wp-json\/wp\/v2\/pages"}],"about":[{"href":"https:\/\/judit-art.hu\/hu\/wp-json\/wp\/v2\/types\/page"}],"author":[{"embeddable":true,"href":"https:\/\/judit-art.hu\/hu\/wp-json\/wp\/v2\/users\/1"}],"replies":[{"embeddable":true,"href":"https:\/\/judit-art.hu\/hu\/wp-json\/wp\/v2\/comments?post=801"}],"version-history":[{"count":47,"href":"https:\/\/judit-art.hu\/hu\/wp-json\/wp\/v2\/pages\/801\/revisions"}],"predecessor-version":[{"id":1458,"href":"https:\/\/judit-art.hu\/hu\/wp-json\/wp\/v2\/pages\/801\/revisions\/1458"}],"wp:featuredmedia":[{"embeddable":true,"href":"https:\/\/judit-art.hu\/hu\/wp-json\/wp\/v2\/media\/1697"}],"wp:attachment":[{"href":"https:\/\/judit-art.hu\/hu\/wp-json\/wp\/v2\/media?parent=801"}],"curies":[{"name":"wp","href":"https:\/\/api.w.org\/{rel}","templated":true}]}}