{"id":5,"date":"2022-06-05T17:26:55","date_gmt":"2022-06-05T17:26:55","guid":{"rendered":"https:\/\/juditglass.com\/?page_id=5"},"modified":"2023-08-02T14:30:24","modified_gmt":"2023-08-02T14:30:24","slug":"uvegekszer_keszites","status":"publish","type":"page","link":"https:\/\/judit-art.hu\/hu\/uvegekszer_keszites\/","title":{"rendered":"\u00dcveg\u00e9kszerk\u00e9sz\u00edt\u00e9s l\u00e1ng felett"},"content":{"rendered":"<p>Az \u00f3korban az egyiptomiak is k\u00e9sz\u00edtettek \u00fcvegb\u0151l \u00e9kszereket, f\u0151leg gy\u00f6ngy\u00f6ket, de a mai napig egy igaz\u00e1n kedvelt anyag az \u00e9kszerek ter\u00e9n. <\/p>\n\n\n\n<p>Ma tal\u00e1n a legismertebb \u00fcvegm\u0171ves k\u00f6zpont Mur\u00e1n\u00f3ban tal\u00e1lhat\u00f3, ami a XII. sz\u00e1zadban honosodott a v\u00e1rosban meg. Ez egy olyan jelenet\u0151s \u00e9s \u00e9rt\u00e9kes tud\u00e1s volt m\u00e1r k\u00f6z\u00e9pkorban, hogy a szigetet a mesterek nem hagyhatt\u00e1k el,  a \u00fcvegm\u00edves tud\u00e1st nem adhatt\u00e1k \u00e1t b\u00e1rkinek.<\/p>\n\n\n\n<p>Ma m\u00e1r sok lehet\u0151s\u00e9g van a vil\u00e1gban a l\u00e1ng feletti \u00fcvegolvaszt\u00e1st elsaj\u00e1t\u00edtani. Magyarorsz\u00e1gon is vannak lelkes \u00fcveg\u00e9kszerk\u00e9sz\u00edt\u0151k, t\u00f6bbs\u00e9g\u00fck hozz\u00e1m hasonl\u00f3an mur\u00e1n\u00f3i \u00fcvegp\u00e1lc\u00e1kb\u00f3l k\u00e9sz\u00edtenek gy\u00f6ngy\u00f6ket, med\u00e1lokat. Ez a szakma nem keverend\u0151 \u00f6ssze azokkal akik az \u00fagynevezett fusing technik\u00e1t haszn\u00e1lj\u00e1k. \u0150k kemenc\u00e9be olvasztj\u00e1k egym\u00e1sra a lapos \u00fcvegr\u00e9tegeket. Amit ak\u00e1r \u00d6n is otthon kipr\u00f3b\u00e1lhat kemence n\u00e9lk\u00fcl  egy \u00fagynevezett <a href=\"http:\/\/www.fusing.hu\/olvaszto%20box%20hasznalata.html\" target=\"_blank\" rel=\"noopener\" title=\"fusing boxban\">fusing boxban<\/a>, amit a mikr\u00f3ban tud \u00fagy felhev\u00edteni, hogy az \u00fcveg megolvad benne.<\/p>\n\n\n\n<p>A l\u00e1nggal val\u00f3 munka mindenk\u00e9ppen ig\u00e9nyel k\u00e9z\u00fcgyess\u00e9get, de m\u00e9g jobban megk\u00f6veteli a gyakorl\u00e1st, hogy a v\u00e9geredm\u00e9ny sz\u00e9p legyen.<\/p>\n\n\n\n<p>A l\u00e1ng legforr\u00f3bb pontja kb 1200 Celsius fokos \u00e9s 4-6mm vastag sz\u00ednes \u00fcvegp\u00e1lc\u00e1kat olvasztunk meg. Grafitb\u00f3l vagy ac\u00e9lb\u00f3l k\u00e9sz\u00fclt szersz\u00e1mokkal form\u00e1zzuk az olvadt \u00fcveget.<\/p>\n\n\n\n<p>Az elk\u00e9sz\u00fclt \u00e9kszert nem szabad gyorsan leh\u0171lni hagyni, ez\u00e9rt egy 500 Celsius fokos kemenc\u00e9be helyezz\u00fck, amiben kb. 5-6 \u00f3ra alatt lassan engedj\u00fck leh\u0171lni szoba h\u0151m\u00e9rs\u00e9kletre.<\/p>\n\n\n\n<p>Sokan f\u00e9lnek att\u00f3l, hogy az \u00fcveg t\u00f6rik. Igen t\u00e9nyleg t\u00f6rik, de csak akkor, ha nem komolyabb fizikai behat\u00e1s \u00e9ri. Norm\u00e1l k\u00f6r\u00fclm\u00e9nyek k\u00f6z\u00f6tt, att\u00f3l, hogy odakoccan valamihez, m\u00e9g nem fog semmi baja esni.<\/p>","protected":false},"excerpt":{"rendered":"<p>Az \u00f3korban az egyiptomiak is k\u00e9sz\u00edtettek \u00fcvegb\u0151l \u00e9kszereket, f\u0151leg gy\u00f6ngy\u00f6ket, de a mai napig egy igaz\u00e1n kedvelt anyag az \u00e9kszerek ter\u00e9n. Ma tal\u00e1n a legismertebb \u00fcvegm\u0171ves k\u00f6zpont Mur\u00e1n\u00f3ban tal\u00e1lhat\u00f3, ami a XII. sz\u00e1zadban honosodott a v\u00e1rosban meg. Ez egy olyan jelenet\u0151s \u00e9s \u00e9rt\u00e9kes tud\u00e1s volt m\u00e1r k\u00f6z\u00e9pkorban, hogy a szigetet a mesterek nem hagyhatt\u00e1k el, &hellip; <\/p>\n<p class=\"link-more\"><a href=\"https:\/\/judit-art.hu\/hu\/uvegekszer_keszites\/\" class=\"more-link\"><span class=\"screen-reader-text\">&#8220;\u00dcveg\u00e9kszerk\u00e9sz\u00edt\u00e9s l\u00e1ng felett&#8221;<\/span> b\u0151vebben<\/a><\/p>","protected":false},"author":1,"featured_media":1640,"parent":0,"menu_order":0,"comment_status":"closed","ping_status":"closed","template":"","meta":{"_mi_skip_tracking":false,"_monsterinsights_sitenote_active":false,"_monsterinsights_sitenote_note":"","_monsterinsights_sitenote_category":0,"footnotes":""},"class_list":["post-5","page","type-page","status-publish","has-post-thumbnail","hentry"],"aioseo_notices":[],"jetpack_sharing_enabled":true,"_links":{"self":[{"href":"https:\/\/judit-art.hu\/hu\/wp-json\/wp\/v2\/pages\/5","targetHints":{"allow":["GET"]}}],"collection":[{"href":"https:\/\/judit-art.hu\/hu\/wp-json\/wp\/v2\/pages"}],"about":[{"href":"https:\/\/judit-art.hu\/hu\/wp-json\/wp\/v2\/types\/page"}],"author":[{"embeddable":true,"href":"https:\/\/judit-art.hu\/hu\/wp-json\/wp\/v2\/users\/1"}],"replies":[{"embeddable":true,"href":"https:\/\/judit-art.hu\/hu\/wp-json\/wp\/v2\/comments?post=5"}],"version-history":[{"count":32,"href":"https:\/\/judit-art.hu\/hu\/wp-json\/wp\/v2\/pages\/5\/revisions"}],"predecessor-version":[{"id":1238,"href":"https:\/\/judit-art.hu\/hu\/wp-json\/wp\/v2\/pages\/5\/revisions\/1238"}],"wp:featuredmedia":[{"embeddable":true,"href":"https:\/\/judit-art.hu\/hu\/wp-json\/wp\/v2\/media\/1640"}],"wp:attachment":[{"href":"https:\/\/judit-art.hu\/hu\/wp-json\/wp\/v2\/media?parent=5"}],"curies":[{"name":"wp","href":"https:\/\/api.w.org\/{rel}","templated":true}]}}