{"id":496,"date":"2022-07-10T12:14:10","date_gmt":"2022-07-10T12:14:10","guid":{"rendered":"https:\/\/juditglass.com\/?page_id=496"},"modified":"2023-03-30T17:17:32","modified_gmt":"2023-03-30T17:17:32","slug":"cookie","status":"publish","type":"page","link":"https:\/\/judit-art.hu\/hu\/cookie\/","title":{"rendered":"Cookie Szab\u00e1lyzat"},"content":{"rendered":"<div class=\"cli_pg_page_contaner\">\n<h3><\/h3><\/div>\n\n\n<\/h3>\n<strong>ookie (s\u00fcti) haszn\u00e1lati szab\u00e1lyzat<\/strong>\n<h3>\n\n\n\n<\/h3>\nAl\u00e1bb olvashatja a jelen honlappal kapcsolatos legfontosabb cookie (s\u00fcti) szab\u00e1lyoz\u00e1sokat.\n<h3>\n\n\n\n<\/h3>\nCookie-k (s\u00fctik) haszn\u00e1lata a www.judit-art.hu weboldalon\n<h3>\n\n\n\n<\/h3>\nAzoknak a weboldalnak, amelyek az Eur\u00f3pai Uni\u00f3 orsz\u00e1gain bel\u00fcl m\u0171k\u00f6dtetnek, cookie-k haszn\u00e1lat\u00e1hoz, \u00e9s a felhaszn\u00e1l\u00f3 sz\u00e1m\u00edt\u00f3g\u00e9p\u00e9n vagy egy\u00e9b eszk\u00f6z\u00e9n t\u00f6rt\u00e9n\u0151 t\u00e1rol\u00e1s\u00e1hoz a felhaszn\u00e1l\u00f3k hozz\u00e1j\u00e1rul\u00e1s\u00e1t kell k\u00e9rni\u00fck. Az al\u00e1bbiak sor\u00e1n t\u00e1j\u00e9koztatjuk \u00d6nt az \u00e1ltalunk haszn\u00e1lt cookie-kr\u00f3l \u00e9s a haszn\u00e1latuk c\u00e9lj\u00e1r\u00f3l.\n<h3>\n\n\n\n<\/h3>\n<strong>Mi a cookie (s\u00fcti)?<\/strong>\n<h3>\n\n\n\n<\/h3>\nA cookie-k kis adatf\u00e1jlok, amelyeket a b\u00f6ng\u00e9sz\u0151 helyez el a felhaszn\u00e1l\u00f3 sz\u00e1m\u00edt\u00f3g\u00e9p\u00e9n vagy eszk\u00f6z\u00e9n. T\u00f6bbek k\u00f6z\u00f6tt inform\u00e1ci\u00f3t gy\u0171jtenek, megjegyzik a l\u00e1togat\u00f3 egy\u00e9ni be\u00e1ll\u00edt\u00e1sait, \u00e9s \u00e1ltal\u00e1noss\u00e1gban megk\u00f6nny\u00edtik a weboldal haszn\u00e1lat\u00e1t a felhaszn\u00e1l\u00f3k sz\u00e1m\u00e1ra. A s\u00fctik \u00f6nmagukban nem gy\u0171jtik a sz\u00e1m\u00edt\u00f3g\u00e9pen vagy a f\u00e1jlokban t\u00e1rolt adatokat.\n<h3>\n\n\n\n<\/h3>\n<strong>A cookie-k t\u00edpusai:<\/strong>\n<h3>\n\n\n\n<\/h3>\n<ul class=\"wp-block-list\">\n \t<li>Munkamenet cookie: ezek a cookie-k ideiglenesen aktiv\u00e1l\u00f3dnak, am\u00edg a b\u00f6ng\u00e9sz\u00e9s folyik. Azaz, att\u00f3l a pillanatt\u00f3l, amikor a felhaszn\u00e1l\u00f3 megnyitja a b\u00f6ng\u00e9sz\u0151 ablakot, addig a pillanatig, am\u00edg be nem z\u00e1rja azt. Amint bez\u00e1rul a b\u00f6ng\u00e9sz\u0151, minden munkamenet cookie t\u00f6rl\u0151dik.<\/li>\n \t<li>\u00c1lland\u00f3 cookie: ezek a cookie-k a felhaszn\u00e1l\u00f3 eszk\u00f6z\u00e9n maradnak a cookie-ban meghat\u00e1rozott ideig. Minden alkalommal aktiv\u00e1l\u00f3dnak, amikor a felhaszn\u00e1l\u00f3 megl\u00e1togatja a weboldalt.<\/li>\n \t<li>Saj\u00e1t cookie: ezeket a cookie-kat az a weboldal hozza l\u00e9tre, amelyet a felhaszn\u00e1l\u00f3 egy bizonyos id\u0151ben \u00e9ppen megl\u00e1togat. (jelen esetben www.judit-art.hu)<\/li>\n \t<li>Harmadik f\u00e9l cookie: amikor egy felhaszn\u00e1l\u00f3 megl\u00e1togat egy oldalt, egy m\u00e1sik f\u00e9l aktiv\u00e1lja a cookie-t a honlapon kereszt\u00fcl.<\/li>\n<\/ul>\n<h3>\n\n\n\n<\/h3>\n<strong>Milyen s\u00fctiket haszn\u00e1lunk \u00e9s mi\u00e9rt?<\/strong>\n<h3>\n\n\n\n<\/h3>\n<strong>Felt\u00e9tlen\u00fcl sz\u00fcks\u00e9ges cookie:<\/strong>\u00a0ezek a cookie-k seg\u00edts\u00e9get ny\u00fajtanak honlapon t\u00f6rt\u00e9n\u0151 mozg\u00e1sban, megjegyzik a felhaszn\u00e1l\u00f3 egyes oldalakon v\u00e9gzett m\u0171veleteit. Ezen cookie-k n\u00e9lk\u00fcl a szolg\u00e1ltat\u00e1sok nem m\u0171k\u00f6dn\u00e9nek. Ezek a cookie-k nem t\u00e1rolnak olyan adatokat a felhaszn\u00e1l\u00f3r\u00f3l, hogy milyen oldalakat n\u00e9zett meg az interneten, vagy amelyeket marketing c\u00e9lb\u00f3l lehetne felhaszn\u00e1lni.\n<h3>\n\n\n\n<\/h3>\nA felt\u00e9tlen\u00fcl sz\u00fcks\u00e9ges cookie-kat az al\u00e1bbiakra haszn\u00e1ljuk:\n<h3>\n\n\n\n<\/h3>\n&#8211; Eml\u00e9kszik a beg\u00e9pelt inform\u00e1ci\u00f3kra a megrendel\u00e9sek oldalain, amikor a felhaszn\u00e1l\u00f3 k\u00fcl\u00f6nb\u00f6z\u0151 oldalakra navig\u00e1l a b\u00f6ng\u00e9sz\u00e9s ideje alatt;\n<h3>\n\n\n\n<\/h3>\n&#8211; Eml\u00e9kszik a megrendelt term\u00e9kekre, szolg\u00e1ltat\u00e1sokra, miut\u00e1n kijelentkezik a weboldalr\u00f3l;\n<h3>\n\n\n\n<\/h3>\n&#8211; Felismeri a felhaszn\u00e1l\u00f3t, ha bejelentkezik a weboldalunkra;\n<h3>\n\n\n\n<\/h3>\n&#8211; Meggy\u0151z\u0151dik r\u00f3la, hogy a felhaszn\u00e1l\u00f3 megfelel\u0151 szolg\u00e1ltat\u00e1shoz kapcsol\u00f3dik, miut\u00e1n n\u00e9h\u00e1ny dolgot m\u00f3dos\u00edtottunk a weboldal m\u0171k\u00f6d\u00e9s\u00e9n\n<h3>\n\n\n\n<\/h3>\n&#8211; Elir\u00e1ny\u00edtja a felhaszn\u00e1l\u00f3t k\u00fcl\u00f6nb\u00f6z\u0151 szolg\u00e1ltat\u00e1sok applik\u00e1ci\u00f3ihoz, vagy speci\u00e1lis szerverekhez.\n<h3>\n\n\n\n<\/h3>\nEzen cookie-k elfogad\u00e1sa felt\u00e9tele honlapunk megfelel\u0151 haszn\u00e1lat\u00e1nak, \u00edgy ha a felhaszn\u00e1l\u00f3 kikapcsolja ezeket a cookie-kat, nem tudjuk garant\u00e1lni weboldalunk megfelel\u0151 m\u0171k\u00f6d\u00e9s\u00e9t, illetve a megfelel\u0151 biztons\u00e1got oldalunk haszn\u00e1lata sor\u00e1n.\n<h3>\n\n\n\n<\/h3>\n<strong>Teljes\u00edtm\u00e9nyt biztos\u00edt\u00f3 cookie-k:<\/strong>\u00a0inform\u00e1ci\u00f3kat gy\u0171jtenek arr\u00f3l, hogy a felhaszn\u00e1l\u00f3 hogyan haszn\u00e1lja weboldalunkat (pl. milyen oldalakat tekint meg, illetve tapasztal-e valamilyen hib\u00e1t). Ezek a cookie-k nem gy\u0171jtenek inform\u00e1ci\u00f3t, amelyek alapj\u00e1n azonos\u00edthat\u00f3 a felhaszn\u00e1l\u00f3, \u00e9s az\u00e9rt haszn\u00e1ljuk, hogy jav\u00edtani tudjuk a honlapunk m\u0171k\u00f6d\u00e9s\u00e9t, meg\u00e9rts\u00fck a vev\u0151ink \u00e9rdekl\u0151d\u00e9s\u00e9t, \u00e9s m\u00e9rj\u00fck, milyen hat\u00e9konyak a hirdet\u00e9seink.\n<h3>\n\n\n\n<\/h3>\nA teljes\u00edtm\u00e9nyt biztos\u00edt\u00f3 cookie-kat az al\u00e1bbiakra haszn\u00e1ljuk:\n<h3>\n\n\n\n<\/h3>\n&#8211; Web elemz\u00e9sek (Analytics): statisztik\u00e1kat szolg\u00e1ltat arr\u00f3l, hogy haszn\u00e1lj\u00e1k weboldalunkat\n<h3>\n\n\n\n<\/h3>\n&#8211; Hirdet\u00e9sek v\u00e1laszol\u00e1si ar\u00e1nya: megmutatja, hogy milyen hat\u00e9konyak a hirdet\u00e9seink, belesz\u00e1m\u00edtva azokat, amelyek a mi oldalunkra mutatnak.\n<h3>\n\n\n\n<\/h3>\n&#8211; Hiba menedzsment: seg\u00edt nek\u00fcnk, hogy fejlessz\u00fck a weboldalunkat a felmer\u00fcl\u0151 hib\u00e1k m\u00e9r\u00e9s\u00e9vel.\n<h3>\n\n\n\n<\/h3>\n&#8211; Design-ok tesztel\u00e9se: weboldalunk k\u00fcl\u00f6nb\u00f6z\u0151 megjelen\u00e9s\u0171 verzi\u00f3inak tesztel\u00e9s\u00e9hez.\n<h3>\n\n\n\n<\/h3>\nA fenti cookie-k k\u00f6z\u00fcl n\u00e9h\u00e1nyat harmadik f\u00e9l haszn\u00e1l, esetlegesen tov\u00e1bbi inform\u00e1ci\u00f3k\u00e9rt keresse fel ezen partnerek weboldal\u00e1n tal\u00e1lhat\u00f3 titoktart\u00e1si le\u00edr\u00e1sokat.\n<h3>\n\n\n\n<\/h3>\nA honlapunk haszn\u00e1lat\u00e1val elfogadja a Teljes\u00edtm\u00e9nyt biztos\u00edt\u00f3 cookie haszn\u00e1lat\u00e1t. Ezen cookie-k elfogad\u00e1sa felt\u00e9tele honlapunk megfelel\u0151 haszn\u00e1lat\u00e1nak. Ha a felhaszn\u00e1l\u00f3 kikapcsolja ezeket a cookie-kat, nem tudjuk garant\u00e1lni weboldalunk megfelel\u0151 m\u0171k\u00f6d\u00e9s\u00e9t, illetve a megfelel\u0151 biztons\u00e1got oldalunk haszn\u00e1lata sor\u00e1n.\n<h3>\n\n\n\n<\/h3>\n<strong>Haszn\u00e1latot el\u0151seg\u00edt\u0151 cookie-k:<\/strong>\u00a0ezeket a cookie-kat k\u00fcl\u00f6nb\u00f6z\u0151 szolg\u00e1ltat\u00e1sok ny\u00fajt\u00e1s\u00e1ra haszn\u00e1ljuk, illetve hogy megjegyezz\u00fck a felhaszn\u00e1l\u00f3 be\u00e1ll\u00edt\u00e1sait, hogy megk\u00f6nny\u00edts\u00fck az oldal l\u00e1togat\u00e1s\u00e1t.\n<h3>\n\n\n\n<\/h3>\nA haszn\u00e1latot el\u0151seg\u00edt\u0151 cookie-kat az al\u00e1bbiakra haszn\u00e1ljuk:\n<h3>\n\n\n\n<\/h3>\n&#8211; Eml\u00e9kszik a felhaszn\u00e1l\u00f3 be\u00e1ll\u00edt\u00e1saira, mint pl. weboldal elrendez\u00e9se, a sz\u00f6veg m\u00e9rete, el\u0151nyben r\u00e9szes\u00edtet be\u00e1ll\u00edt\u00e1sok \u00e9s sz\u00ednek;\n<h3>\n\n\n\n<\/h3>\n&#8211; Megmutatja, hogy a felhaszn\u00e1l\u00f3 mikor jelentkezett be a weboldalra.\n<h3>\n\n\n\n<\/h3>\nA fenti cookie-k k\u00f6z\u00fcl n\u00e9h\u00e1nyat harmadik f\u00e9l haszn\u00e1l, esetlegesen tov\u00e1bbi inform\u00e1ci\u00f3k\u00e9rt keresse fel ezen partnerek weboldal\u00e1n tal\u00e1lhat\u00f3 titoktart\u00e1si le\u00edr\u00e1sokat.\n<h3>\n\n\n\n<\/h3>\n<strong>Az \u00d6n hozz\u00e1j\u00e1rul\u00e1sa<\/strong>\n<h3>\n\n\n\n<\/h3>\nA honlap b\u00f6ng\u00e9sz\u00e9s\u00e9vel elfogadja, hogy cookie-kat helyezz\u00fcnk el az \u00d6n sz\u00e1m\u00edt\u00f3g\u00e9p\u00e9n abb\u00f3l a c\u00e9lb\u00f3l, hogy elemezni tudjuk, hogyan haszn\u00e1lja honlapunkat. Hogyha nem egyezik bele, hogy cookie-kat haszn\u00e1ljunk, amikor \u00d6n ezen az oldalon b\u00f6ng\u00e9szik, el\u0151fordulhat, hogy weboldalunk nem fog teljesk\u00f6r\u0171en m\u0171k\u00f6dni.\n<h3>\n\n\n\n<\/h3>\n<strong>Hogyan lehet t\u00f6r\u00f6lni\/kikapcsolni a cookie-kat?<\/strong>\n<h3>\n\n\n\n<\/h3>\nMinden b\u00f6ng\u00e9sz\u0151 lehet\u0151v\u00e9 teszi a cookie be\u00e1ll\u00edt\u00e1sainak v\u00e1ltoztat\u00e1s\u00e1t. Viszont nagyon fontos, hogy mivel a cookie-k c\u00e9lja weboldalunk haszn\u00e1lhat\u00f3s\u00e1g\u00e1nak \u00e9s folyamatainak megk\u00f6nny\u00edt\u00e9se, a cookie-k alkalmaz\u00e1s\u00e1nak megakad\u00e1lyoz\u00e1sa vagy t\u00f6rl\u00e9se eset\u00e9n el\u0151fordulhat, hogy felhaszn\u00e1l\u00f3ink nem lesznek k\u00e9pesek weboldalunk funkci\u00f3inak teljes k\u00f6r\u0171 haszn\u00e1lat\u00e1ra, illetve hogy a weboldal a tervezett\u0151l elt\u00e9r\u0151en fog m\u0171k\u00f6dni b\u00f6ng\u00e9sz\u0151j\u00e9ben.\n<h3>\n\n\n\n<\/h3>\n\u00c1ltal\u00e1ban a b\u00f6ng\u00e9sz\u0151k \u201eBe\u00e1ll\u00edt\u00e1sok\u201d men\u00fciben tal\u00e1lhat\u00f3k a cookie-kal kapcsolatos be\u00e1ll\u00edt\u00e1sok. A cookie-k be\u00e1ll\u00edt\u00e1s\u00e1val kapcsolatban az al\u00e1bbi linkek is seg\u00edts\u00e9g\u00e9re szolg\u00e1lnak, valamint tov\u00e1bbi inform\u00e1ci\u00f3t az egyes b\u00f6ng\u00e9sz\u0151k \u201eS\u00fag\u00f3\u201d men\u00fcj\u00e9ben tal\u00e1l.\n<h3>\n\n\n\n<\/h3>\n<strong>Hogyan lehet visszavonni a hozz\u00e1j\u00e1rul\u00e1st?<\/strong>\n<h3>\n\n\n\n<\/h3>\nHa hozz\u00e1j\u00e1rult a cookie-k haszn\u00e1lat\u00e1hoz, a b\u00f6ng\u00e9sz\u0151 cookie-kat t\u00e1rol az \u00d6n sz\u00e1m\u00edt\u00f3g\u00e9p\u00e9n vagy egy\u00e9b eszk\u00f6z\u00e9n, hogy rendszer\u00fcnk felismerje be\u00e1ll\u00edt\u00e1sait. A hozz\u00e1j\u00e1rul\u00e1s \u00e9rv\u00e9nyess\u00e9ge id\u0151nk\u00e9nt lej\u00e1r. Azonban, hogyha szeretn\u00e9 visszavonni hozz\u00e1j\u00e1rul\u00e1s\u00e1t, a b\u00f6ng\u00e9sz\u0151je cookie be\u00e1ll\u00edt\u00e1sai k\u00f6z\u00f6tt b\u00e1rmikor megteheti.\n<h3>","protected":false},"excerpt":{"rendered":"<p>ookie (s\u00fcti) haszn\u00e1lati szab\u00e1lyzat Al\u00e1bb olvashatja a jelen honlappal kapcsolatos legfontosabb cookie (s\u00fcti) szab\u00e1lyoz\u00e1sokat. Cookie-k (s\u00fctik) haszn\u00e1lata a www.judit-art.hu weboldalon Azoknak a weboldalnak, amelyek az Eur\u00f3pai Uni\u00f3 orsz\u00e1gain bel\u00fcl m\u0171k\u00f6dtetnek, cookie-k haszn\u00e1lat\u00e1hoz, \u00e9s a felhaszn\u00e1l\u00f3 sz\u00e1m\u00edt\u00f3g\u00e9p\u00e9n vagy egy\u00e9b eszk\u00f6z\u00e9n t\u00f6rt\u00e9n\u0151 t\u00e1rol\u00e1s\u00e1hoz a felhaszn\u00e1l\u00f3k hozz\u00e1j\u00e1rul\u00e1s\u00e1t kell k\u00e9rni\u00fck. Az al\u00e1bbiak sor\u00e1n t\u00e1j\u00e9koztatjuk \u00d6nt az \u00e1ltalunk haszn\u00e1lt cookie-kr\u00f3l &hellip; <\/p>\n<p class=\"link-more\"><a href=\"https:\/\/judit-art.hu\/hu\/cookie\/\" class=\"more-link\"><span class=\"screen-reader-text\">&#8220;Cookie Szab\u00e1lyzat&#8221;<\/span> b\u0151vebben<\/a><\/p>","protected":false},"author":1,"featured_media":0,"parent":0,"menu_order":0,"comment_status":"closed","ping_status":"closed","template":"","meta":{"_mi_skip_tracking":false,"_monsterinsights_sitenote_active":false,"_monsterinsights_sitenote_note":"","_monsterinsights_sitenote_category":0,"footnotes":""},"class_list":["post-496","page","type-page","status-publish","hentry"],"aioseo_notices":[],"jetpack_sharing_enabled":true,"_links":{"self":[{"href":"https:\/\/judit-art.hu\/hu\/wp-json\/wp\/v2\/pages\/496","targetHints":{"allow":["GET"]}}],"collection":[{"href":"https:\/\/judit-art.hu\/hu\/wp-json\/wp\/v2\/pages"}],"about":[{"href":"https:\/\/judit-art.hu\/hu\/wp-json\/wp\/v2\/types\/page"}],"author":[{"embeddable":true,"href":"https:\/\/judit-art.hu\/hu\/wp-json\/wp\/v2\/users\/1"}],"replies":[{"embeddable":true,"href":"https:\/\/judit-art.hu\/hu\/wp-json\/wp\/v2\/comments?post=496"}],"version-history":[{"count":4,"href":"https:\/\/judit-art.hu\/hu\/wp-json\/wp\/v2\/pages\/496\/revisions"}],"predecessor-version":[{"id":1134,"href":"https:\/\/judit-art.hu\/hu\/wp-json\/wp\/v2\/pages\/496\/revisions\/1134"}],"wp:attachment":[{"href":"https:\/\/judit-art.hu\/hu\/wp-json\/wp\/v2\/media?parent=496"}],"curies":[{"name":"wp","href":"https:\/\/api.w.org\/{rel}","templated":true}]}}