{"id":439,"date":"2022-07-09T21:57:39","date_gmt":"2022-07-09T21:57:39","guid":{"rendered":"https:\/\/juditglass.com\/?page_id=439"},"modified":"2023-03-30T19:47:38","modified_gmt":"2023-03-30T19:47:38","slug":"acel-ekszerkiegeszito","status":"publish","type":"page","link":"https:\/\/judit-art.hu\/hu\/acel-ekszerkiegeszito\/","title":{"rendered":"\u00c9kszeralapanyagok \u00e9kszerk\u00e9sz\u00edt\u0151knek"},"content":{"rendered":"<p>Az elk\u00e9sz\u00fclt \u00fcveg gy\u00f6ngy\u00f6ket, med\u00e1lokat szeretn\u00e9nk valamire felf\u0171zni, hogy sz\u00e9p \u00e9kszerk\u00e9nt tudjuk \u0151ket hordani.<\/p>\n\n\n\n<p>\u00c9n az \u00e1ltalam k\u00e9sz\u00edtett \u00fcveg\u00e9kszerket legt\u00f6bbsz\u00f6r allergia mentes nemes ac\u00e9lra szoktam felf\u0171zni. Ez az \u00e9kszeralapanyag nem rozsd\u00e1sodik, nem veszti el a f\u00e9ny\u00e9t \u00e9s nem okoz alllergi\u00e1t. Pici bedug\u00f3s f\u00fclbeval\u00f3imat viszont tit\u00e1n t\u00fcsk\u00e9re olvasztom, mert azt m\u00e9g azok is hordhatj\u00e1k akik az aranyra allergi\u00e1sok.<\/p>\n\n\n\n<p>Sokan ragasztj\u00e1t az \u00fcveget valamilyen akaszt\u00f3ra. Ez akkor j\u00f3l is m\u0171k\u00f6dik, ha ragaszt\u00e1si fel\u00fclet nagy. Ha azonban egy kicsi akaszt\u00f3t szeretn\u00e9nk haszn\u00e1lni, \u00e9rdemes m\u00e1s megold\u00e1st keresni. \u00c9n erre egy csavaros rendszert dolgoztam ki. Az \u00fcvegbe mag\u00e1ba beleovlasztok egy nagyon pici csavart \u00e9s a nemes ac\u00e9l alkar\u00e9szre pedig hegeszetek egy menetes sz\u00e1rat. \u00cdgy egy nagyon er\u0151s \u00e9s tart\u00f3s megold\u00e1ssal pici akaszt\u00f3kra tudom az \u00fcveget r\u00f6gz\u00edteni \u00e9s nincs vesz\u00e9lye annak, hogy a ragaszt\u00e1s elenged.<\/p>\n\n\n\n<p>Ha szeretn\u00e9 megismert ezt a technik\u00e1t, akkor jelentkezzen egy tanfolyamomra, vagy ha m\u00e1r ismeri \u00e9s szeretne hozz\u00e1 alapanyagot t\u0151lem v\u00e1s\u00e1rolni, akkor ezt az <a href=\"https:\/\/beachbuggy.at\/hu\" target=\"_blank\" rel=\"noopener\" title=\"web\u00e1ruh\u00e1zamban\">web\u00e1ruh\u00e1zamban<\/a> megteheti.<\/p>\n\n\n\n<div class=\"wp-block-buttons is-layout-flex wp-block-buttons-is-layout-flex\">\n<div class=\"wp-block-button\"><a class=\"wp-block-button__link wp-element-button\" href=\"\/hu\/www.beachbuggy.at\/\">Ir\u00e1ny a bolt<\/a><\/div>\n<\/div>\n\n\n\n<figure class=\"wp-block-gallery has-nested-images columns-default is-cropped wp-block-gallery-1 is-layout-flex wp-block-gallery-is-layout-flex\">\n<figure class=\"wp-block-image size-large\"><img loading=\"lazy\" decoding=\"async\" width=\"2560\" height=\"2560\" data-id=\"447\" src=\"https:\/\/judit-art.hu\/wp-content\/uploads\/2022\/07\/armband_M2.5_5-scaled.jpg\" alt=\"\" class=\"wp-image-447\" srcset=\"https:\/\/judit-art.hu\/wp-content\/uploads\/2022\/07\/armband_M2.5_5-scaled.jpg 2560w, https:\/\/judit-art.hu\/wp-content\/uploads\/2022\/07\/armband_M2.5_5-250x250.jpg 250w, https:\/\/judit-art.hu\/wp-content\/uploads\/2022\/07\/armband_M2.5_5-100x100.jpg 100w, https:\/\/judit-art.hu\/wp-content\/uploads\/2022\/07\/armband_M2.5_5-350x350.jpg 350w, https:\/\/judit-art.hu\/wp-content\/uploads\/2022\/07\/armband_M2.5_5-300x300.jpg 300w, https:\/\/judit-art.hu\/wp-content\/uploads\/2022\/07\/armband_M2.5_5-1024x1024.jpg 1024w, https:\/\/judit-art.hu\/wp-content\/uploads\/2022\/07\/armband_M2.5_5-150x150.jpg 150w, https:\/\/judit-art.hu\/wp-content\/uploads\/2022\/07\/armband_M2.5_5-768x768.jpg 768w, https:\/\/judit-art.hu\/wp-content\/uploads\/2022\/07\/armband_M2.5_5-1536x1536.jpg 1536w, https:\/\/judit-art.hu\/wp-content\/uploads\/2022\/07\/armband_M2.5_5-2048x2048.jpg 2048w, https:\/\/judit-art.hu\/wp-content\/uploads\/2022\/07\/armband_M2.5_5-12x12.jpg 12w\" sizes=\"auto, (max-width: 767px) 89vw, (max-width: 1000px) 54vw, (max-width: 1071px) 543px, 580px\" \/><\/figure>\n\n\n\n<figure class=\"wp-block-image size-large\"><img loading=\"lazy\" decoding=\"async\" width=\"2560\" height=\"2560\" data-id=\"446\" src=\"https:\/\/judit-art.hu\/wp-content\/uploads\/2022\/07\/armband_M2.5_2-scaled.jpg\" alt=\"\" class=\"wp-image-446\" srcset=\"https:\/\/judit-art.hu\/wp-content\/uploads\/2022\/07\/armband_M2.5_2-scaled.jpg 2560w, https:\/\/judit-art.hu\/wp-content\/uploads\/2022\/07\/armband_M2.5_2-250x250.jpg 250w, https:\/\/judit-art.hu\/wp-content\/uploads\/2022\/07\/armband_M2.5_2-100x100.jpg 100w, https:\/\/judit-art.hu\/wp-content\/uploads\/2022\/07\/armband_M2.5_2-350x350.jpg 350w, https:\/\/judit-art.hu\/wp-content\/uploads\/2022\/07\/armband_M2.5_2-300x300.jpg 300w, https:\/\/judit-art.hu\/wp-content\/uploads\/2022\/07\/armband_M2.5_2-1024x1024.jpg 1024w, https:\/\/judit-art.hu\/wp-content\/uploads\/2022\/07\/armband_M2.5_2-150x150.jpg 150w, https:\/\/judit-art.hu\/wp-content\/uploads\/2022\/07\/armband_M2.5_2-768x768.jpg 768w, https:\/\/judit-art.hu\/wp-content\/uploads\/2022\/07\/armband_M2.5_2-1536x1536.jpg 1536w, https:\/\/judit-art.hu\/wp-content\/uploads\/2022\/07\/armband_M2.5_2-2048x2048.jpg 2048w, https:\/\/judit-art.hu\/wp-content\/uploads\/2022\/07\/armband_M2.5_2-12x12.jpg 12w\" sizes=\"auto, (max-width: 767px) 89vw, (max-width: 1000px) 54vw, (max-width: 1071px) 543px, 580px\" \/><\/figure>\n\n\n\n<figure class=\"wp-block-image size-large\"><img loading=\"lazy\" decoding=\"async\" width=\"2560\" height=\"2560\" data-id=\"445\" src=\"https:\/\/judit-art.hu\/wp-content\/uploads\/2022\/07\/armband_M2.5_4-scaled.jpg\" alt=\"\" class=\"wp-image-445\" srcset=\"https:\/\/judit-art.hu\/wp-content\/uploads\/2022\/07\/armband_M2.5_4-scaled.jpg 2560w, https:\/\/judit-art.hu\/wp-content\/uploads\/2022\/07\/armband_M2.5_4-250x250.jpg 250w, https:\/\/judit-art.hu\/wp-content\/uploads\/2022\/07\/armband_M2.5_4-100x100.jpg 100w, https:\/\/judit-art.hu\/wp-content\/uploads\/2022\/07\/armband_M2.5_4-350x350.jpg 350w, https:\/\/judit-art.hu\/wp-content\/uploads\/2022\/07\/armband_M2.5_4-300x300.jpg 300w, https:\/\/judit-art.hu\/wp-content\/uploads\/2022\/07\/armband_M2.5_4-1024x1024.jpg 1024w, https:\/\/judit-art.hu\/wp-content\/uploads\/2022\/07\/armband_M2.5_4-150x150.jpg 150w, https:\/\/judit-art.hu\/wp-content\/uploads\/2022\/07\/armband_M2.5_4-768x768.jpg 768w, https:\/\/judit-art.hu\/wp-content\/uploads\/2022\/07\/armband_M2.5_4-1536x1536.jpg 1536w, https:\/\/judit-art.hu\/wp-content\/uploads\/2022\/07\/armband_M2.5_4-2048x2048.jpg 2048w, https:\/\/judit-art.hu\/wp-content\/uploads\/2022\/07\/armband_M2.5_4-12x12.jpg 12w\" sizes=\"auto, (max-width: 767px) 89vw, (max-width: 1000px) 54vw, (max-width: 1071px) 543px, 580px\" \/><\/figure>\n\n\n\n<figure class=\"wp-block-image size-large\"><img loading=\"lazy\" decoding=\"async\" width=\"2560\" height=\"2560\" data-id=\"444\" src=\"https:\/\/judit-art.hu\/wp-content\/uploads\/2022\/07\/armband_M2.5_3-scaled.jpg\" alt=\"\" class=\"wp-image-444\" srcset=\"https:\/\/judit-art.hu\/wp-content\/uploads\/2022\/07\/armband_M2.5_3-scaled.jpg 2560w, https:\/\/judit-art.hu\/wp-content\/uploads\/2022\/07\/armband_M2.5_3-250x250.jpg 250w, https:\/\/judit-art.hu\/wp-content\/uploads\/2022\/07\/armband_M2.5_3-100x100.jpg 100w, https:\/\/judit-art.hu\/wp-content\/uploads\/2022\/07\/armband_M2.5_3-350x350.jpg 350w, https:\/\/judit-art.hu\/wp-content\/uploads\/2022\/07\/armband_M2.5_3-300x300.jpg 300w, https:\/\/judit-art.hu\/wp-content\/uploads\/2022\/07\/armband_M2.5_3-1024x1024.jpg 1024w, https:\/\/judit-art.hu\/wp-content\/uploads\/2022\/07\/armband_M2.5_3-150x150.jpg 150w, https:\/\/judit-art.hu\/wp-content\/uploads\/2022\/07\/armband_M2.5_3-768x768.jpg 768w, https:\/\/judit-art.hu\/wp-content\/uploads\/2022\/07\/armband_M2.5_3-1536x1536.jpg 1536w, https:\/\/judit-art.hu\/wp-content\/uploads\/2022\/07\/armband_M2.5_3-2048x2048.jpg 2048w, https:\/\/judit-art.hu\/wp-content\/uploads\/2022\/07\/armband_M2.5_3-12x12.jpg 12w\" sizes=\"auto, (max-width: 767px) 89vw, (max-width: 1000px) 54vw, (max-width: 1071px) 543px, 580px\" \/><\/figure>\n<\/figure>","protected":false},"excerpt":{"rendered":"<p>Az elk\u00e9sz\u00fclt \u00fcveg gy\u00f6ngy\u00f6ket, med\u00e1lokat szeretn\u00e9nk valamire felf\u0171zni, hogy sz\u00e9p \u00e9kszerk\u00e9nt tudjuk \u0151ket hordani. \u00c9n az \u00e1ltalam k\u00e9sz\u00edtett \u00fcveg\u00e9kszerket legt\u00f6bbsz\u00f6r allergia mentes nemes ac\u00e9lra szoktam felf\u0171zni. Ez az \u00e9kszeralapanyag nem rozsd\u00e1sodik, nem veszti el a f\u00e9ny\u00e9t \u00e9s nem okoz alllergi\u00e1t. Pici bedug\u00f3s f\u00fclbeval\u00f3imat viszont tit\u00e1n t\u00fcsk\u00e9re olvasztom, mert azt m\u00e9g azok is hordhatj\u00e1k akik az &hellip; <\/p>\n<p class=\"link-more\"><a href=\"https:\/\/judit-art.hu\/hu\/acel-ekszerkiegeszito\/\" class=\"more-link\"><span class=\"screen-reader-text\">&#8220;\u00c9kszeralapanyagok \u00e9kszerk\u00e9sz\u00edt\u0151knek&#8221;<\/span> b\u0151vebben<\/a><\/p>","protected":false},"author":1,"featured_media":0,"parent":0,"menu_order":0,"comment_status":"closed","ping_status":"closed","template":"","meta":{"_mi_skip_tracking":false,"_monsterinsights_sitenote_active":false,"_monsterinsights_sitenote_note":"","_monsterinsights_sitenote_category":0,"footnotes":""},"class_list":["post-439","page","type-page","status-publish","hentry"],"aioseo_notices":[],"jetpack_sharing_enabled":true,"_links":{"self":[{"href":"https:\/\/judit-art.hu\/hu\/wp-json\/wp\/v2\/pages\/439","targetHints":{"allow":["GET"]}}],"collection":[{"href":"https:\/\/judit-art.hu\/hu\/wp-json\/wp\/v2\/pages"}],"about":[{"href":"https:\/\/judit-art.hu\/hu\/wp-json\/wp\/v2\/types\/page"}],"author":[{"embeddable":true,"href":"https:\/\/judit-art.hu\/hu\/wp-json\/wp\/v2\/users\/1"}],"replies":[{"embeddable":true,"href":"https:\/\/judit-art.hu\/hu\/wp-json\/wp\/v2\/comments?post=439"}],"version-history":[{"count":33,"href":"https:\/\/judit-art.hu\/hu\/wp-json\/wp\/v2\/pages\/439\/revisions"}],"predecessor-version":[{"id":1159,"href":"https:\/\/judit-art.hu\/hu\/wp-json\/wp\/v2\/pages\/439\/revisions\/1159"}],"wp:attachment":[{"href":"https:\/\/judit-art.hu\/hu\/wp-json\/wp\/v2\/media?parent=439"}],"curies":[{"name":"wp","href":"https:\/\/api.w.org\/{rel}","templated":true}]}}