{"id":330,"date":"2022-07-09T19:36:26","date_gmt":"2022-07-09T19:36:26","guid":{"rendered":"https:\/\/juditglass.com\/colibri-wp\/"},"modified":"2023-08-02T15:38:44","modified_gmt":"2023-08-02T15:38:44","slug":"colibri-wp","status":"publish","type":"page","link":"https:\/\/judit-art.hu\/hu\/","title":{"rendered":"Sz\u0151ke Judit \u00fcveg\u00e9kszerei"},"content":{"rendered":"<p>Sz\u0151ke Judit vagyok \u00e9s  2010 \u00f3ta foglalkozom l\u00e1mpagy\u00f6ngy\u00f6k, \u00fcvegmed\u00e1lok k\u00e9sz\u00edt\u00e9s\u00e9vel \u00e9s 8 \u00e9ve tartok \u00fcveg\u00e9kszer k\u00e9sz\u00edt\u0151 tanfolyamokat. <\/p>\n\n\n\n<p>Az \u00fcveg\u00e9kszerket l\u00e1ng felett mur\u00e1n\u00f3i \u00fcvegp\u00e1lc\u00e1kb\u00f3l form\u00e1zom.  Azok, akik m\u00e1r kipr\u00f3b\u00e1lt\u00e1k az \u00fcveg \u00e1tform\u00e1l\u00e1s\u00e1t, meg\u00e9rtik ennek var\u00e1zs\u00e1t. <\/p>\n\n\n\n<p> A m\u0171helyem Sopron sz\u00edv\u00e9ben, a Lenck \u00e1tj\u00e1r\u00f3ban tal\u00e1lhat\u00f3, egy gy\u00f6ny\u00f6r\u0171 150 \u00e9ves \u00e9p\u00fcletben. <br>C\u00edmem 9400 Sopron, V\u00e1rker\u00fclet 98. &#8211; Lenck \u00e1tj\u00e1r\u00f3 , az els\u0151 bels\u0151 udvar a V\u00e1rker\u00fclet fel\u0151l. <\/p>\n\n\n\n<p>A m\u0171hely 2021-ben a k\u00edv\u00fcl-bel\u00fcl egy teljes fel\u00faj\u00edt\u00e1s ut\u00e1n a mai kornak megfelel\u0151 technikai eszk\u00f6z\u00f6kkel lett kib\u0151v\u00edtve, hogy alkalmas legyen sz\u00ednvonalas oktat\u00e1sra. <\/p>\n\n\n\n<p>N\u00e9h\u00e1ny elk\u00e9sz\u00fclt \u00fcveg\u00e9kszert a honlaponom kereszt\u00fcl is megv\u00e1s\u00e1rohlat a <a href=\"https:\/\/judit-art.hu\/hu\/shop\" title=\"V\u00e1s\u00e1rl\u00e1s\">V\u00e1s\u00e1rl\u00e1s<\/a> men\u00fcpontban.<\/p>\n\n\n\n<p>H\u00e1rom \u00e1lland\u00f3 g\u00e1z\u00e9g\u0151 \u00e1llom\u00e1s ker\u00fclt kialak\u00edt\u00e1sra, hogy az \u00e9rdekl\u0151d\u0151k kis l\u00e9tsz\u00e1m\u00fa csoportokban saj\u00e1t\u00edthass\u00e1k el az \u00fcvegform\u00e1l\u00e1s rejtelmeit.  <a href=\"https:\/\/judit-art.hu\/hu\/tanfolyamok\" title=\"Tanfolyamok\">Tanfolyamaimra<\/a> itt a honlapon lehet jelentkezni.<\/p>\n\n\n\n<p>Azoknak, akik m\u00e9g soha nem pr\u00f3b\u00e1lt\u00e1k l\u00e1ng felett \u00fcveg\u00e9kszert k\u00e9sz\u00edteni,  egy kezd\u0151 gy\u00f6ngyk\u00e9sz\u00edt\u0151 tanfolyamot tudok aj\u00e1nlani, de ha valaki gyakorlott \u00fcvegform\u00e1l\u00f3, szint\u00e9n tud \u00e9rdekess\u00e9geket n\u00e1lam tanulni.<\/p>\n\n\n\n<p>A halad\u00f3 tanfolyamokon val\u00f3 r\u00e9szv\u00e9telt mindenk\u00e9ppen ahhoz k\u00f6t\u00f6tt, hogy valaki m\u00e1r gyakorlott legyen az \u00fcveg\u00e9kszer k\u00e9sz\u00edt\u00e9sben. Ez\u00e9rt ha nem n\u00e1lam tanult, mindenk\u00e9ppen k\u00e9rem, hogy k\u00fcldj\u00f6n fot\u00f3kat az eddigi munk\u00e1ir\u00f3l a jelentkez\u00e9s el\u0151tt, hogy l\u00e1ssam megvan-e a gyakorlata az adott technik\u00e1hoz. <br>A tanfolyamok 2-5 \u00f3r\u00e1t vesznek ig\u00e9nybe, att\u00f3l f\u00fcgg\u0151en, hogy h\u00e1ny f\u0151vel \u00e9s milyen technika, milyen szinten ker\u00fcl oktat\u00e1sra.<br>Term\u00e9szetesen megvan a lehet\u0151s\u00e9g az egy\u00e9ni oktat\u00e1sra is, err\u0151l email-ben \u00e9rdekl\u0151dj\u00f6n.<\/p>\n\n\n\n<p>Az oktat\u00e1s nyelve lehet magyar, n\u00e9met vagy angol. Egy tanfolyamon bel\u00fcl az oktat\u00e1s kiz\u00e1r\u00f3lag egy nyelven t\u00f6rt\u00e9nik.<\/p>\n\n\n\n<p>Az \u00fcveg\u00e9kszerekhez k\u00e9sz\u00edtek nemesac\u00e9l kieg\u00e9sz\u00edt\u0151ket is, ez a <a href=\"http:\/\/www.beachbuggy.at\/hu\" target=\"_blank\" rel=\"noopener\" title=\"\">web\u00e1ruh\u00e1zban<\/a> lehet megv\u00e1s\u00e1rolni.<\/p>\n\n\n\n<p>Rem\u00e9lem hamarosan ell\u00e1togat m\u0171helyembe, ami p\u00e9nteken \u00e9s szombatonk\u00e9nt l\u00e1togathat\u00f3 14-18 \u00f3ra k\u00f6z\u00f6tt!<\/p>\n\n\n\n<p>\u00dcdv\u00f6zlettel: Sz\u0151ke Judit<\/p>\n\n\n\n<p><\/p>","protected":false},"excerpt":{"rendered":"<p>Sz\u0151ke Judit vagyok \u00e9s 2010 \u00f3ta foglalkozom l\u00e1mpagy\u00f6ngy\u00f6k, \u00fcvegmed\u00e1lok k\u00e9sz\u00edt\u00e9s\u00e9vel \u00e9s 8 \u00e9ve tartok \u00fcveg\u00e9kszer k\u00e9sz\u00edt\u0151 tanfolyamokat. Az \u00fcveg\u00e9kszerket l\u00e1ng felett mur\u00e1n\u00f3i \u00fcvegp\u00e1lc\u00e1kb\u00f3l form\u00e1zom. Azok, akik m\u00e1r kipr\u00f3b\u00e1lt\u00e1k az \u00fcveg \u00e1tform\u00e1l\u00e1s\u00e1t, meg\u00e9rtik ennek var\u00e1zs\u00e1t. A m\u0171helyem Sopron sz\u00edv\u00e9ben, a Lenck \u00e1tj\u00e1r\u00f3ban tal\u00e1lhat\u00f3, egy gy\u00f6ny\u00f6r\u0171 150 \u00e9ves \u00e9p\u00fcletben. C\u00edmem 9400 Sopron, V\u00e1rker\u00fclet 98. &#8211; Lenck \u00e1tj\u00e1r\u00f3 &hellip; <\/p>\n<p class=\"link-more\"><a href=\"https:\/\/judit-art.hu\/hu\/\" class=\"more-link\"><span class=\"screen-reader-text\">&#8220;\u00dcdv\u00f6zl\u00f6m az \u00fcveg\u00e9kszer k\u00e9sz\u00edt\u0151 m\u0171helyemben&#8221;<\/span> b\u0151vebben<\/a><\/p>","protected":false},"author":1,"featured_media":0,"parent":0,"menu_order":0,"comment_status":"closed","ping_status":"closed","template":"","meta":{"_mi_skip_tracking":false,"_monsterinsights_sitenote_active":false,"_monsterinsights_sitenote_note":"","_monsterinsights_sitenote_category":0,"footnotes":""},"class_list":["post-330","page","type-page","status-publish","hentry"],"aioseo_notices":[],"jetpack_sharing_enabled":true,"_links":{"self":[{"href":"https:\/\/judit-art.hu\/hu\/wp-json\/wp\/v2\/pages\/330","targetHints":{"allow":["GET"]}}],"collection":[{"href":"https:\/\/judit-art.hu\/hu\/wp-json\/wp\/v2\/pages"}],"about":[{"href":"https:\/\/judit-art.hu\/hu\/wp-json\/wp\/v2\/types\/page"}],"author":[{"embeddable":true,"href":"https:\/\/judit-art.hu\/hu\/wp-json\/wp\/v2\/users\/1"}],"replies":[{"embeddable":true,"href":"https:\/\/judit-art.hu\/hu\/wp-json\/wp\/v2\/comments?post=330"}],"version-history":[{"count":57,"href":"https:\/\/judit-art.hu\/hu\/wp-json\/wp\/v2\/pages\/330\/revisions"}],"predecessor-version":[{"id":1642,"href":"https:\/\/judit-art.hu\/hu\/wp-json\/wp\/v2\/pages\/330\/revisions\/1642"}],"wp:attachment":[{"href":"https:\/\/judit-art.hu\/hu\/wp-json\/wp\/v2\/media?parent=330"}],"curies":[{"name":"wp","href":"https:\/\/api.w.org\/{rel}","templated":true}]}}