{"id":1748,"date":"2023-08-26T12:33:16","date_gmt":"2023-08-26T12:33:16","guid":{"rendered":"https:\/\/judit-art.hu\/hu\/?page_id=1748"},"modified":"2023-09-11T20:41:02","modified_gmt":"2023-09-11T20:41:02","slug":"szemelyesen","status":"publish","type":"page","link":"https:\/\/judit-art.hu\/hu\/szemelyesen\/","title":{"rendered":"Szem\u00e9lyes v\u00e1s\u00e1rl\u00e1s"},"content":{"rendered":"<p>P\u00e9nteken \u00e9s szombaton \u00f6z\u00f6tt 14-18 \u00f3ra k\u00f6z\u00f6tt m\u0171helyemben, Sopronban a Lenck-\u00e1tj\u00e1r\u00f3ban van lehet\u0151s\u00e9g v\u00e1s\u00e1rl\u00e1sra. <br>C\u00edm: 9400 Sopron V\u00e1rker\u00fclet 98.<\/p>\n\n\n\n<p>\u00c9kszereimb\u0151l egy nagyobb v\u00e1laszt\u00e9kot tal\u00e1l Sopronban a D-MET Magyar Egyedi Term\u00e9kek boltj\u00e1ba. <br>Nyitva: H\u00e9tf\u0151t\u0151l p\u00e9ntekig 10-17 \u00f3ra k\u00f6z\u00f6tt \u00e9s szombaton 10-13 \u00f3ra k\u00f6z\u00f6tt. <br>C\u00edm: 9400 Sopron, Torna utca 8. <br>weboldal: <a href=\"https:\/\/www.facebook.com\/dmet.sopron\" target=\"_blank\" rel=\"noopener\" title=\"KLIKK!\"><strong>KLIKK!<\/strong><\/a><\/p>","protected":false},"excerpt":{"rendered":"<p>P\u00e9nteken \u00e9s szombaton \u00f6z\u00f6tt 14-18 \u00f3ra k\u00f6z\u00f6tt m\u0171helyemben, Sopronban a Lenck-\u00e1tj\u00e1r\u00f3ban van lehet\u0151s\u00e9g v\u00e1s\u00e1rl\u00e1sra. C\u00edm: 9400 Sopron V\u00e1rker\u00fclet 98. \u00c9kszereimb\u0151l egy nagyobb v\u00e1laszt\u00e9kot tal\u00e1l Sopronban a D-MET Magyar Egyedi Term\u00e9kek boltj\u00e1ba. Nyitva: H\u00e9tf\u0151t\u0151l p\u00e9ntekig 10-17 \u00f3ra k\u00f6z\u00f6tt \u00e9s szombaton 10-13 \u00f3ra k\u00f6z\u00f6tt. C\u00edm: 9400 Sopron, Torna utca 8. weboldal: KLIKK!<\/p>","protected":false},"author":1,"featured_media":0,"parent":0,"menu_order":0,"comment_status":"closed","ping_status":"closed","template":"","meta":{"_mi_skip_tracking":false,"_monsterinsights_sitenote_active":false,"_monsterinsights_sitenote_note":"","_monsterinsights_sitenote_category":0,"footnotes":""},"class_list":["post-1748","page","type-page","status-publish","hentry"],"aioseo_notices":[],"jetpack_sharing_enabled":true,"_links":{"self":[{"href":"https:\/\/judit-art.hu\/hu\/wp-json\/wp\/v2\/pages\/1748","targetHints":{"allow":["GET"]}}],"collection":[{"href":"https:\/\/judit-art.hu\/hu\/wp-json\/wp\/v2\/pages"}],"about":[{"href":"https:\/\/judit-art.hu\/hu\/wp-json\/wp\/v2\/types\/page"}],"author":[{"embeddable":true,"href":"https:\/\/judit-art.hu\/hu\/wp-json\/wp\/v2\/users\/1"}],"replies":[{"embeddable":true,"href":"https:\/\/judit-art.hu\/hu\/wp-json\/wp\/v2\/comments?post=1748"}],"version-history":[{"count":4,"href":"https:\/\/judit-art.hu\/hu\/wp-json\/wp\/v2\/pages\/1748\/revisions"}],"predecessor-version":[{"id":1758,"href":"https:\/\/judit-art.hu\/hu\/wp-json\/wp\/v2\/pages\/1748\/revisions\/1758"}],"wp:attachment":[{"href":"https:\/\/judit-art.hu\/hu\/wp-json\/wp\/v2\/media?parent=1748"}],"curies":[{"name":"wp","href":"https:\/\/api.w.org\/{rel}","templated":true}]}}