{"id":1706,"date":"2023-08-26T11:31:28","date_gmt":"2023-08-26T11:31:28","guid":{"rendered":"https:\/\/judit-art.hu\/hu\/?page_id=1706"},"modified":"2023-08-26T11:48:50","modified_gmt":"2023-08-26T11:48:50","slug":"muhely-fotogaleria","status":"publish","type":"page","link":"https:\/\/judit-art.hu\/hu\/muhely-fotogaleria\/","title":{"rendered":"M\u0171hely fot\u00f3gal\u00e9ria"},"content":{"rendered":"<div class=\"wp-block-jetpack-slideshow aligncenter\" data-autoplay=\"true\" data-delay=\"2\" data-effect=\"fade\"><div class=\"wp-block-jetpack-slideshow_container swiper-container\"><ul class=\"wp-block-jetpack-slideshow_swiper-wrapper swiper-wrapper\"><li class=\"wp-block-jetpack-slideshow_slide swiper-slide\"><figure><img loading=\"lazy\" decoding=\"async\" width=\"2560\" height=\"1706\" alt=\"\u00fcvegmed\u00e1l k\u00e9sz\u00edt\u00e9s\" class=\"wp-block-jetpack-slideshow_image wp-image-1709\" data-id=\"1709\" src=\"https:\/\/judit-art.hu\/wp-content\/uploads\/2023\/08\/muhely3-1-scaled.jpg\" srcset=\"https:\/\/judit-art.hu\/wp-content\/uploads\/2023\/08\/muhely3-1-scaled.jpg 2560w, https:\/\/judit-art.hu\/wp-content\/uploads\/2023\/08\/muhely3-1-300x200.jpg 300w, https:\/\/judit-art.hu\/wp-content\/uploads\/2023\/08\/muhely3-1-1024x683.jpg 1024w, https:\/\/judit-art.hu\/wp-content\/uploads\/2023\/08\/muhely3-1-768x512.jpg 768w, https:\/\/judit-art.hu\/wp-content\/uploads\/2023\/08\/muhely3-1-1536x1024.jpg 1536w, https:\/\/judit-art.hu\/wp-content\/uploads\/2023\/08\/muhely3-1-2048x1365.jpg 2048w, https:\/\/judit-art.hu\/wp-content\/uploads\/2023\/08\/muhely3-1-18x12.jpg 18w, https:\/\/judit-art.hu\/wp-content\/uploads\/2023\/08\/muhely3-1-350x233.jpg 350w\" sizes=\"auto, (max-width: 767px) 89vw, (max-width: 1000px) 54vw, (max-width: 1071px) 543px, 580px\" \/><figcaption class=\"wp-block-jetpack-slideshow_caption gallery-caption\">\u00fcvegmed\u00e1l k\u00e9sz\u00fcl g\u00e1zeg\u0151 felett<\/figcaption><\/figure><\/li><li class=\"wp-block-jetpack-slideshow_slide swiper-slide\"><figure><img loading=\"lazy\" decoding=\"async\" width=\"2560\" height=\"1709\" alt=\"\u00fcveg\u00e9kszer k\u00e9sz\u00edt\u00e9s\" class=\"wp-block-jetpack-slideshow_image wp-image-1716\" data-id=\"1716\" src=\"https:\/\/judit-art.hu\/wp-content\/uploads\/2023\/08\/muhely7-1-scaled.jpg\" srcset=\"https:\/\/judit-art.hu\/wp-content\/uploads\/2023\/08\/muhely7-1-scaled.jpg 2560w, https:\/\/judit-art.hu\/wp-content\/uploads\/2023\/08\/muhely7-1-300x200.jpg 300w, https:\/\/judit-art.hu\/wp-content\/uploads\/2023\/08\/muhely7-1-1024x684.jpg 1024w, https:\/\/judit-art.hu\/wp-content\/uploads\/2023\/08\/muhely7-1-768x513.jpg 768w, https:\/\/judit-art.hu\/wp-content\/uploads\/2023\/08\/muhely7-1-1536x1026.jpg 1536w, https:\/\/judit-art.hu\/wp-content\/uploads\/2023\/08\/muhely7-1-2048x1367.jpg 2048w, https:\/\/judit-art.hu\/wp-content\/uploads\/2023\/08\/muhely7-1-18x12.jpg 18w, https:\/\/judit-art.hu\/wp-content\/uploads\/2023\/08\/muhely7-1-350x234.jpg 350w\" sizes=\"auto, (max-width: 767px) 89vw, (max-width: 1000px) 54vw, (max-width: 1071px) 543px, 580px\" \/><figcaption class=\"wp-block-jetpack-slideshow_caption gallery-caption\">munka k\u00f6zben<\/figcaption><\/figure><\/li><li class=\"wp-block-jetpack-slideshow_slide swiper-slide\"><figure><img loading=\"lazy\" decoding=\"async\" width=\"2560\" height=\"1709\" alt=\"munka g\u00e1z\u00e9g\u0151 felett\" class=\"wp-block-jetpack-slideshow_image wp-image-1717\" data-id=\"1717\" src=\"https:\/\/judit-art.hu\/wp-content\/uploads\/2023\/08\/muhely8-1-scaled.jpg\" srcset=\"https:\/\/judit-art.hu\/wp-content\/uploads\/2023\/08\/muhely8-1-scaled.jpg 2560w, https:\/\/judit-art.hu\/wp-content\/uploads\/2023\/08\/muhely8-1-300x200.jpg 300w, https:\/\/judit-art.hu\/wp-content\/uploads\/2023\/08\/muhely8-1-1024x684.jpg 1024w, https:\/\/judit-art.hu\/wp-content\/uploads\/2023\/08\/muhely8-1-768x513.jpg 768w, https:\/\/judit-art.hu\/wp-content\/uploads\/2023\/08\/muhely8-1-1536x1026.jpg 1536w, https:\/\/judit-art.hu\/wp-content\/uploads\/2023\/08\/muhely8-1-2048x1367.jpg 2048w, https:\/\/judit-art.hu\/wp-content\/uploads\/2023\/08\/muhely8-1-18x12.jpg 18w, https:\/\/judit-art.hu\/wp-content\/uploads\/2023\/08\/muhely8-1-350x234.jpg 350w\" sizes=\"auto, (max-width: 767px) 89vw, (max-width: 1000px) 54vw, (max-width: 1071px) 543px, 580px\" \/><figcaption class=\"wp-block-jetpack-slideshow_caption gallery-caption\">gy\u00f6ngy k\u00e9sz\u00fcl a g\u00e1z\u00e9g\u0151 felett<\/figcaption><\/figure><\/li><li class=\"wp-block-jetpack-slideshow_slide swiper-slide\"><figure><img loading=\"lazy\" decoding=\"async\" width=\"2560\" height=\"1707\" alt=\"\u00fcveg f\u00fclbeval\u00f3\" class=\"wp-block-jetpack-slideshow_image wp-image-1707\" data-id=\"1707\" src=\"https:\/\/judit-art.hu\/wp-content\/uploads\/2023\/08\/muhely4-scaled.jpg\" srcset=\"https:\/\/judit-art.hu\/wp-content\/uploads\/2023\/08\/muhely4-scaled.jpg 2560w, https:\/\/judit-art.hu\/wp-content\/uploads\/2023\/08\/muhely4-300x200.jpg 300w, https:\/\/judit-art.hu\/wp-content\/uploads\/2023\/08\/muhely4-1024x683.jpg 1024w, https:\/\/judit-art.hu\/wp-content\/uploads\/2023\/08\/muhely4-768x512.jpg 768w, https:\/\/judit-art.hu\/wp-content\/uploads\/2023\/08\/muhely4-1536x1024.jpg 1536w, https:\/\/judit-art.hu\/wp-content\/uploads\/2023\/08\/muhely4-2048x1365.jpg 2048w, https:\/\/judit-art.hu\/wp-content\/uploads\/2023\/08\/muhely4-18x12.jpg 18w, https:\/\/judit-art.hu\/wp-content\/uploads\/2023\/08\/muhely4-350x233.jpg 350w\" sizes=\"auto, (max-width: 767px) 89vw, (max-width: 1000px) 54vw, (max-width: 1071px) 543px, 580px\" \/><figcaption class=\"wp-block-jetpack-slideshow_caption gallery-caption\">elk\u00e9sz\u00fclt \u00fcvegf\u00fclbeval\u00f3k<\/figcaption><\/figure><\/li><li class=\"wp-block-jetpack-slideshow_slide swiper-slide\"><figure><img loading=\"lazy\" decoding=\"async\" width=\"2560\" height=\"1707\" alt=\"g\u00e1z\u00e9g\u0151 \u00fcveg olvaszt\u00e1shoz\" class=\"wp-block-jetpack-slideshow_image wp-image-1712\" data-id=\"1712\" src=\"https:\/\/judit-art.hu\/wp-content\/uploads\/2023\/08\/muhely1-1-scaled.jpg\" srcset=\"https:\/\/judit-art.hu\/wp-content\/uploads\/2023\/08\/muhely1-1-scaled.jpg 2560w, https:\/\/judit-art.hu\/wp-content\/uploads\/2023\/08\/muhely1-1-300x200.jpg 300w, https:\/\/judit-art.hu\/wp-content\/uploads\/2023\/08\/muhely1-1-1024x683.jpg 1024w, https:\/\/judit-art.hu\/wp-content\/uploads\/2023\/08\/muhely1-1-768x512.jpg 768w, https:\/\/judit-art.hu\/wp-content\/uploads\/2023\/08\/muhely1-1-1536x1024.jpg 1536w, https:\/\/judit-art.hu\/wp-content\/uploads\/2023\/08\/muhely1-1-2048x1365.jpg 2048w, https:\/\/judit-art.hu\/wp-content\/uploads\/2023\/08\/muhely1-1-18x12.jpg 18w, https:\/\/judit-art.hu\/wp-content\/uploads\/2023\/08\/muhely1-1-350x233.jpg 350w\" sizes=\"auto, (max-width: 767px) 89vw, (max-width: 1000px) 54vw, (max-width: 1071px) 543px, 580px\" \/><figcaption class=\"wp-block-jetpack-slideshow_caption gallery-caption\">a nagy g\u00e1z\u00e9g\u0151<\/figcaption><\/figure><\/li><li class=\"wp-block-jetpack-slideshow_slide swiper-slide\"><figure><img loading=\"lazy\" decoding=\"async\" width=\"2560\" height=\"1707\" alt=\"szersz\u00e1m med\u00e1l k\u00e9sz\u00edt\u00e9shez\" class=\"wp-block-jetpack-slideshow_image wp-image-1713\" data-id=\"1713\" src=\"https:\/\/judit-art.hu\/wp-content\/uploads\/2023\/08\/muhely2-2-scaled.jpg\" srcset=\"https:\/\/judit-art.hu\/wp-content\/uploads\/2023\/08\/muhely2-2-scaled.jpg 2560w, https:\/\/judit-art.hu\/wp-content\/uploads\/2023\/08\/muhely2-2-300x200.jpg 300w, https:\/\/judit-art.hu\/wp-content\/uploads\/2023\/08\/muhely2-2-1024x683.jpg 1024w, https:\/\/judit-art.hu\/wp-content\/uploads\/2023\/08\/muhely2-2-768x512.jpg 768w, https:\/\/judit-art.hu\/wp-content\/uploads\/2023\/08\/muhely2-2-1536x1024.jpg 1536w, https:\/\/judit-art.hu\/wp-content\/uploads\/2023\/08\/muhely2-2-2048x1365.jpg 2048w, https:\/\/judit-art.hu\/wp-content\/uploads\/2023\/08\/muhely2-2-18x12.jpg 18w, https:\/\/judit-art.hu\/wp-content\/uploads\/2023\/08\/muhely2-2-350x233.jpg 350w\" sizes=\"auto, (max-width: 767px) 89vw, (max-width: 1000px) 54vw, (max-width: 1071px) 543px, 580px\" \/><figcaption class=\"wp-block-jetpack-slideshow_caption gallery-caption\">szersz\u00e1mok az asztalon<\/figcaption><\/figure><\/li><li class=\"wp-block-jetpack-slideshow_slide swiper-slide\"><figure><img loading=\"lazy\" decoding=\"async\" width=\"2560\" height=\"1707\" alt=\"mur\u00e1n\u00f3i \u00fcvegmed\u00e1l\" class=\"wp-block-jetpack-slideshow_image wp-image-1718\" data-id=\"1718\" src=\"https:\/\/judit-art.hu\/wp-content\/uploads\/2023\/08\/muhely6-1-scaled.jpg\" srcset=\"https:\/\/judit-art.hu\/wp-content\/uploads\/2023\/08\/muhely6-1-scaled.jpg 2560w, https:\/\/judit-art.hu\/wp-content\/uploads\/2023\/08\/muhely6-1-300x200.jpg 300w, https:\/\/judit-art.hu\/wp-content\/uploads\/2023\/08\/muhely6-1-1024x683.jpg 1024w, https:\/\/judit-art.hu\/wp-content\/uploads\/2023\/08\/muhely6-1-768x512.jpg 768w, https:\/\/judit-art.hu\/wp-content\/uploads\/2023\/08\/muhely6-1-1536x1024.jpg 1536w, https:\/\/judit-art.hu\/wp-content\/uploads\/2023\/08\/muhely6-1-2048x1365.jpg 2048w, https:\/\/judit-art.hu\/wp-content\/uploads\/2023\/08\/muhely6-1-18x12.jpg 18w, https:\/\/judit-art.hu\/wp-content\/uploads\/2023\/08\/muhely6-1-350x233.jpg 350w\" sizes=\"auto, (max-width: 767px) 89vw, (max-width: 1000px) 54vw, (max-width: 1071px) 543px, 580px\" \/><figcaption class=\"wp-block-jetpack-slideshow_caption gallery-caption\">emberke \u00fcvegmed\u00e1l<\/figcaption><\/figure><\/li><li class=\"wp-block-jetpack-slideshow_slide swiper-slide\"><figure><img loading=\"lazy\" decoding=\"async\" width=\"2560\" height=\"1707\" alt=\"\u00fcveg ember\" class=\"wp-block-jetpack-slideshow_image wp-image-1721\" data-id=\"1721\" src=\"https:\/\/judit-art.hu\/wp-content\/uploads\/2023\/08\/muhely5-1-scaled.jpg\" srcset=\"https:\/\/judit-art.hu\/wp-content\/uploads\/2023\/08\/muhely5-1-scaled.jpg 2560w, https:\/\/judit-art.hu\/wp-content\/uploads\/2023\/08\/muhely5-1-300x200.jpg 300w, https:\/\/judit-art.hu\/wp-content\/uploads\/2023\/08\/muhely5-1-1024x683.jpg 1024w, https:\/\/judit-art.hu\/wp-content\/uploads\/2023\/08\/muhely5-1-768x512.jpg 768w, https:\/\/judit-art.hu\/wp-content\/uploads\/2023\/08\/muhely5-1-1536x1024.jpg 1536w, https:\/\/judit-art.hu\/wp-content\/uploads\/2023\/08\/muhely5-1-2048x1365.jpg 2048w, https:\/\/judit-art.hu\/wp-content\/uploads\/2023\/08\/muhely5-1-18x12.jpg 18w, https:\/\/judit-art.hu\/wp-content\/uploads\/2023\/08\/muhely5-1-350x233.jpg 350w\" sizes=\"auto, (max-width: 767px) 89vw, (max-width: 1000px) 54vw, (max-width: 1071px) 543px, 580px\" \/><figcaption class=\"wp-block-jetpack-slideshow_caption gallery-caption\">az emberke miel\u0151tt a med\u00e1lra ker\u00fclt<\/figcaption><\/figure><\/li><\/ul><a class=\"wp-block-jetpack-slideshow_button-prev swiper-button-prev swiper-button-white\" role=\"button\"><\/a><a class=\"wp-block-jetpack-slideshow_button-next swiper-button-next swiper-button-white\" role=\"button\"><\/a><a aria-label=\"Pause Slideshow\" class=\"wp-block-jetpack-slideshow_button-pause\" role=\"button\"><\/a><div class=\"wp-block-jetpack-slideshow_pagination swiper-pagination swiper-pagination-white\"><\/div><\/div><\/div>","protected":false},"excerpt":{"rendered":"","protected":false},"author":1,"featured_media":0,"parent":0,"menu_order":0,"comment_status":"closed","ping_status":"closed","template":"","meta":{"_mi_skip_tracking":false,"_monsterinsights_sitenote_active":false,"_monsterinsights_sitenote_note":"","_monsterinsights_sitenote_category":0,"footnotes":""},"class_list":["post-1706","page","type-page","status-publish","hentry"],"aioseo_notices":[],"jetpack_sharing_enabled":true,"_links":{"self":[{"href":"https:\/\/judit-art.hu\/hu\/wp-json\/wp\/v2\/pages\/1706","targetHints":{"allow":["GET"]}}],"collection":[{"href":"https:\/\/judit-art.hu\/hu\/wp-json\/wp\/v2\/pages"}],"about":[{"href":"https:\/\/judit-art.hu\/hu\/wp-json\/wp\/v2\/types\/page"}],"author":[{"embeddable":true,"href":"https:\/\/judit-art.hu\/hu\/wp-json\/wp\/v2\/users\/1"}],"replies":[{"embeddable":true,"href":"https:\/\/judit-art.hu\/hu\/wp-json\/wp\/v2\/comments?post=1706"}],"version-history":[{"count":8,"href":"https:\/\/judit-art.hu\/hu\/wp-json\/wp\/v2\/pages\/1706\/revisions"}],"predecessor-version":[{"id":1747,"href":"https:\/\/judit-art.hu\/hu\/wp-json\/wp\/v2\/pages\/1706\/revisions\/1747"}],"wp:attachment":[{"href":"https:\/\/judit-art.hu\/hu\/wp-json\/wp\/v2\/media?parent=1706"}],"curies":[{"name":"wp","href":"https:\/\/api.w.org\/{rel}","templated":true}]}}