{"id":1600,"date":"2023-08-02T11:07:34","date_gmt":"2023-08-02T11:07:34","guid":{"rendered":"https:\/\/judit-art.hu\/hu\/?page_id=1600"},"modified":"2023-08-02T11:13:01","modified_gmt":"2023-08-02T11:13:01","slug":"szallitas","status":"publish","type":"page","link":"https:\/\/judit-art.hu\/hu\/szallitas\/","title":{"rendered":"Sz\u00e1ll\u00edt\u00e1s"},"content":{"rendered":"<p>Az \u00fcveg\u00e9kszereimet Magyarorosz\u00e1gra a Magyar Posta jutattja el \u00d6nh\u00f6z.<\/p>\n\n\n\n<p>H\u00e1zhozsz\u00e1ll\u00edt\u00e1s d\u00edja: 2000 Ft.<br>Csomagautomat\u00e1ba t\u00f6rt\u00e9n\u0151 \u00e1tv\u00e9tel: 1200 Ft.<\/p>\n\n\n\n<p>Lehet\u0151s\u00e9g van szem\u00e9lyes \u00e1tv\u00e9telre is Sopronban a m\u0171hely nyitvatart\u00e1s idej\u00e9ben p\u00e9nteken \u00e9s szombaton 14-18 \u00f3ra k\u00f6z\u00f6tt. <\/p>\n\n\n\n<p>Mind a postai kisz\u00e1ll\u00edt\u00e1shoz, mind a szem\u00e9lyes \u00e1tv\u00e9telhez sz\u00fcks\u00e9ges a  v\u00e9g\u00f6sszeg \u00e1tutal\u00e1ssal val\u00f3 kiegyenl\u00edt\u00e9s\u00e9re.<\/p>","protected":false},"excerpt":{"rendered":"<p>Az \u00fcveg\u00e9kszereimet Magyarorosz\u00e1gra a Magyar Posta jutattja el \u00d6nh\u00f6z. H\u00e1zhozsz\u00e1ll\u00edt\u00e1s d\u00edja: 2000 Ft.Csomagautomat\u00e1ba t\u00f6rt\u00e9n\u0151 \u00e1tv\u00e9tel: 1200 Ft. Lehet\u0151s\u00e9g van szem\u00e9lyes \u00e1tv\u00e9telre is Sopronban a m\u0171hely nyitvatart\u00e1s idej\u00e9ben p\u00e9nteken \u00e9s szombaton 14-18 \u00f3ra k\u00f6z\u00f6tt. Mind a postai kisz\u00e1ll\u00edt\u00e1shoz, mind a szem\u00e9lyes \u00e1tv\u00e9telhez sz\u00fcks\u00e9ges a v\u00e9g\u00f6sszeg \u00e1tutal\u00e1ssal val\u00f3 kiegyenl\u00edt\u00e9s\u00e9re.<\/p>","protected":false},"author":1,"featured_media":0,"parent":0,"menu_order":0,"comment_status":"closed","ping_status":"closed","template":"","meta":{"_mi_skip_tracking":false,"_monsterinsights_sitenote_active":false,"_monsterinsights_sitenote_note":"","_monsterinsights_sitenote_category":0,"footnotes":""},"class_list":["post-1600","page","type-page","status-publish","hentry"],"aioseo_notices":[],"jetpack_sharing_enabled":true,"_links":{"self":[{"href":"https:\/\/judit-art.hu\/hu\/wp-json\/wp\/v2\/pages\/1600","targetHints":{"allow":["GET"]}}],"collection":[{"href":"https:\/\/judit-art.hu\/hu\/wp-json\/wp\/v2\/pages"}],"about":[{"href":"https:\/\/judit-art.hu\/hu\/wp-json\/wp\/v2\/types\/page"}],"author":[{"embeddable":true,"href":"https:\/\/judit-art.hu\/hu\/wp-json\/wp\/v2\/users\/1"}],"replies":[{"embeddable":true,"href":"https:\/\/judit-art.hu\/hu\/wp-json\/wp\/v2\/comments?post=1600"}],"version-history":[{"count":5,"href":"https:\/\/judit-art.hu\/hu\/wp-json\/wp\/v2\/pages\/1600\/revisions"}],"predecessor-version":[{"id":1608,"href":"https:\/\/judit-art.hu\/hu\/wp-json\/wp\/v2\/pages\/1600\/revisions\/1608"}],"wp:attachment":[{"href":"https:\/\/judit-art.hu\/hu\/wp-json\/wp\/v2\/media?parent=1600"}],"curies":[{"name":"wp","href":"https:\/\/api.w.org\/{rel}","templated":true}]}}