{"id":1449,"date":"2023-04-10T13:27:00","date_gmt":"2023-04-10T13:27:00","guid":{"rendered":"https:\/\/judit-art.hu\/hu\/?page_id=1449"},"modified":"2023-04-10T14:26:42","modified_gmt":"2023-04-10T14:26:42","slug":"az-uveg","status":"publish","type":"page","link":"https:\/\/judit-art.hu\/hu\/az-uveg\/","title":{"rendered":"\u00dcveg, mint anyag"},"content":{"rendered":"<p>Az \u00fcveg \u00e1ltal\u00e1nos \u00e9rtelemben olyan szil\u00e1rd anyag, amelynek nem szab\u00e1lyszer\u0171 a krist\u00e1ly szerkezete \u00e9s egyes tulajdons\u00e1gai a folyad\u00e9kokra jellemz\u0151ek \u00e9s amelynek az olvadt \u00e1llapotb\u00f3l a leh\u0171l\u00e9s k\u00f6zben krist\u00e1lyosod\u00e1s n\u00e9lk\u00fcl jut a szil\u00e1rd \u00e1llapotba. Az \u00fcveg  alapja a kvarchomok, aminek az olvad\u00e1s pontja 1700 Celsius fok. Ezt h\u0151m\u00e9rs\u00e9kletet a vill\u00e1mokat \u00e9s a vulk\u00e1ni tev\u00e9kenys\u00e9get lesz\u00e1m\u00edtva nagyon sok\u00e1ig nem tudta az emberis\u00e9g megk\u00f6zel\u00edteni. Az olvad\u00e1spont cs\u00f6kkent\u00e9se \u00e9s egyes tulajdons\u00e1gok er\u0151s\u00e9t\u00e9se \u00e9rdek\u00e9ben a homokhoz egy\u00e9b adal\u00e9kokat kell adni. Ezek k\u00f6z\u00fcl a legfontosabb a n\u00e1trium-karbon\u00e1t \u00e9s kalcium-oxid (m\u00e9szk\u0151).<\/p>\n\n\n\n<p>A term\u00e9szetben el\u0151fordul\u00f3 \u00fcvegek k\u00f6z\u00e9 tartoz\u00f3 obszidi\u00e1n\u00fcveget m\u00e1r k\u0151korszaki t\u00e1rsadalmak haszn\u00e1lt\u00e1k, mivel nagyon \u00e9les sz\u00e9leken t\u00f6rik, \u00edgy ide\u00e1lis volt v\u00e1g\u00f3szersz\u00e1mokhoz \u00e9s fegyverekhez. <\/p>\n\n\n\n<p>A r\u00e9g\u00e9szeti felfedez\u00e9sek arra utalnak, hogy kb. 4000 \u00e9vvel ezel\u0151tt Mezopot\u00e1mi\u00e1ban m\u00e1r gy\u00e1rtottak \u00fcveget.  A korai \u00fcveg ritk\u00e1n volt \u00e1tl\u00e1tsz\u00f3, \u00e9s gyakran tartalmazott szennyez\u0151d\u00e9seket \u00e9s t\u00f6k\u00e9letlens\u00e9geket. \u00d6nt\u00e9ssel, farag\u00e1ssal is k\u00e9sz\u00fcltek t\u00e1rgyak \u00e9s biztosan tudjuk, hogy k\u00e9sz\u00edtettek \u00e9kszereket is \u00fcvegb\u0151l. <\/p>\n\n\n\n<p>A 13. sz\u00e1zadban a velencei Mur\u00e1n\u00f3 sziget az \u00fcveggy\u00e1rt\u00e1s vil\u00e1g k\u00f6zpontj\u00e1v\u00e1 v\u00e1lt.  A mur\u00e1n\u00f3i \u00fcvegk\u00e9sz\u00edt\u0151k kifejlesztett\u00e9k a kiv\u00e9telesen tiszta, sz\u00edntelen \u00fcvegkrist\u00e1lyt, amelyet sz\u00e9les k\u00f6rben haszn\u00e1ltak ablakokhoz, t\u00fckr\u00f6kh\u00f6z, haj\u00f3l\u00e1mp\u00e1khoz \u00e9s lencs\u00e9k gy\u00e1rt\u00e1s\u00e1hoz.<\/p>\n\n\n\n<p>A 16. sz\u00e1zad volt a velencei \u00fcveggy\u00e1rt\u00e1s aranykora Muran\u00f3ban. Az itt gy\u00e1rtott \u00fcvegt\u00e1rgyak nagy becsben tartott\u00e1k kir\u00e1lyok \u00e9s fejedelmek, mivel az \u00fcveg rendk\u00edv\u00fcl v\u00e9kony volt, ez\u00e9rt t\u00f6r\u00e9keny, ami a luxus hat\u00e1s\u00e1t er\u0151s\u00edtette.<\/p>\n\n\n\n<p>Az \u00fcveg el\u0151\u00e1ll\u00edt\u00e1s\u00e1nak \u00e9s megform\u00e1l\u00e1sa olyan \u00e9rt\u00e9kes tud\u00e1s volt, hogy szigetet a mesterek el sem hagyhatt\u00e1k, egy ilyen tett ak\u00e1r hal\u00e1lb\u00fcntet\u00e9ssel is j\u00e1rhatott.<\/p>\n\n\n\n<p>A mur\u00e1n\u00f3i \u00fcveg \u00e9kszerk\u00e9sz\u00edt\u00e9s akkor ker\u00fclt el\u0151t\u00e9rbe, amikor Nap\u00f3leon elfoglalta a szigetet \u00e9s bez\u00e1ratott nagyon sok \u00fcvegm\u0171helyt \u00e9s csak apr\u00f3bb \u00fcveg\u00e1ruk el\u0151\u00e1ll\u00edt\u00e1s\u00e1t enged\u00e9lyezte.<\/p>\n\n\n\n<p>Miut\u00e1n Velence Olaszorsz\u00e1g r\u00e9sz\u00e9v\u00e9 v\u00e1lt az \u00fcveggy\u00e1rt\u00e1s ism\u00e9t fellend\u00fclt, de soha nem \u00e9rte el a kor\u00e1bbi szintj\u00e9t, mivel id\u0151k\u00f6zben  az \u00fcvegmegmunk\u00e1l\u00e1s az eg\u00e9sz vil\u00e1gon sz\u00e9lesen elterjedt, \u00edgy Mur\u00e1n\u00f3 elvesztette monopol helyzet\u00e9t.<\/p>\n\n\n\n<p>Ett\u0151l f\u00fcggetlen\u00fcl az \u00e9kszerk\u00e9sz\u00edt\u0151k, l\u00e1mpagy\u00f6ngy k\u00e9sz\u00edt\u0151k k\u00f6r\u00e9ben igen elterjedt az itt gy\u00e1rtott \u00fcveg, mert nagyon sok sz\u00ednben k\u00e9sz\u00edtik az \u00fcveget \u00e9s mur\u00e1n\u00f3i \u00fcveg nagyon j\u00f3l form\u00e1zhat\u00f3, viszonylag alacsonyabb h\u0151m\u00e9rs\u00e9kleten.<\/p>","protected":false},"excerpt":{"rendered":"<p>Az \u00fcveg \u00e1ltal\u00e1nos \u00e9rtelemben olyan szil\u00e1rd anyag, amelynek nem szab\u00e1lyszer\u0171 a krist\u00e1ly szerkezete \u00e9s egyes tulajdons\u00e1gai a folyad\u00e9kokra jellemz\u0151ek \u00e9s amelynek az olvadt \u00e1llapotb\u00f3l a leh\u0171l\u00e9s k\u00f6zben krist\u00e1lyosod\u00e1s n\u00e9lk\u00fcl jut a szil\u00e1rd \u00e1llapotba. Az \u00fcveg alapja a kvarchomok, aminek az olvad\u00e1s pontja 1700 Celsius fok. Ezt h\u0151m\u00e9rs\u00e9kletet a vill\u00e1mokat \u00e9s a vulk\u00e1ni tev\u00e9kenys\u00e9get lesz\u00e1m\u00edtva nagyon &hellip; <\/p>\n<p class=\"link-more\"><a href=\"https:\/\/judit-art.hu\/hu\/az-uveg\/\" class=\"more-link\"><span class=\"screen-reader-text\">&#8220;\u00dcveg, mint anyag&#8221;<\/span> b\u0151vebben<\/a><\/p>","protected":false},"author":1,"featured_media":0,"parent":0,"menu_order":0,"comment_status":"closed","ping_status":"closed","template":"","meta":{"_mi_skip_tracking":false,"_monsterinsights_sitenote_active":false,"_monsterinsights_sitenote_note":"","_monsterinsights_sitenote_category":0,"footnotes":""},"class_list":["post-1449","page","type-page","status-publish","hentry"],"aioseo_notices":[],"jetpack_sharing_enabled":true,"_links":{"self":[{"href":"https:\/\/judit-art.hu\/hu\/wp-json\/wp\/v2\/pages\/1449","targetHints":{"allow":["GET"]}}],"collection":[{"href":"https:\/\/judit-art.hu\/hu\/wp-json\/wp\/v2\/pages"}],"about":[{"href":"https:\/\/judit-art.hu\/hu\/wp-json\/wp\/v2\/types\/page"}],"author":[{"embeddable":true,"href":"https:\/\/judit-art.hu\/hu\/wp-json\/wp\/v2\/users\/1"}],"replies":[{"embeddable":true,"href":"https:\/\/judit-art.hu\/hu\/wp-json\/wp\/v2\/comments?post=1449"}],"version-history":[{"count":4,"href":"https:\/\/judit-art.hu\/hu\/wp-json\/wp\/v2\/pages\/1449\/revisions"}],"predecessor-version":[{"id":1460,"href":"https:\/\/judit-art.hu\/hu\/wp-json\/wp\/v2\/pages\/1449\/revisions\/1460"}],"wp:attachment":[{"href":"https:\/\/judit-art.hu\/hu\/wp-json\/wp\/v2\/media?parent=1449"}],"curies":[{"name":"wp","href":"https:\/\/api.w.org\/{rel}","templated":true}]}}