{"id":1412,"date":"2023-04-10T08:56:46","date_gmt":"2023-04-10T08:56:46","guid":{"rendered":"https:\/\/judit-art.hu\/hu\/?page_id=1412"},"modified":"2023-04-10T09:33:22","modified_gmt":"2023-04-10T09:33:22","slug":"csavarozhato-uvegekszerek","status":"publish","type":"page","link":"https:\/\/judit-art.hu\/hu\/csavarozhato-uvegekszerek\/","title":{"rendered":"Csavarozhat\u00f3 \u00fcveg\u00e9kszerek"},"content":{"rendered":"<p>Az \u00fcveg\u00e9kszerek egyik \u00faj fajt\u00e1ja, a csavarozhat\u00f3 \u00fcveg\u00e9kszer. Ebben az esetben az \u00fcvegbe egy speci\u00e1lis csavart olvasztunk, ami benne marad az \u00fcvegben \u00e9s azt menetes \u00e9kszer alapokra, gy\u0171r\u0171re, med\u00e1lakaszt\u00f3ra, f\u00fclbeval\u00f3ra, kark\u00f6t\u0151re csavarozzuk. Ennek az egyik legnagyobb el\u0151nye, hogy nem kell az \u00fcveget ragasztani \u00e9s az \u00fcveget tudjuk cser\u00e9lni is az \u00e9kszeren. Az \u00fcveg form\u00e1ja lehet kerek cabochon, hagyom\u00e1nyos kerek goly\u00f3, de ak\u00e1r sz\u00edv, vagy n\u00e9gysz\u00f6let\u0171 is.<br>Az ilyen \u00fcveg\u00e9kszer k\u00e9sz\u00edt\u00e9s\u00e9hez speci\u00e1lis szersz\u00e1mokra van sz\u00fcks\u00e9g.  A szersz\u00e1mok megv\u00e1s\u00e1rolhat\u00f3ak a <a href=\"http:\/\/www.beachbuggy.at\" target=\"_blank\" rel=\"noopener\" title=\"www.beachbuggy.at\">www.beachbuggy.at<\/a> oldalon. Magyarosz\u00e1gra a postak\u00f6lts\u00e9g 2000 Ft.<\/p>\n\n\n<div class=\"wp-block-image\">\n<figure class=\"aligncenter size-full\"><img loading=\"lazy\" decoding=\"async\" width=\"934\" height=\"634\" src=\"https:\/\/judit-art.hu\/wp-content\/uploads\/2023\/04\/image-2.png\" alt=\"\" class=\"wp-image-1414\" srcset=\"https:\/\/judit-art.hu\/wp-content\/uploads\/2023\/04\/image-2.png 934w, https:\/\/judit-art.hu\/wp-content\/uploads\/2023\/04\/image-2-350x238.png 350w, https:\/\/judit-art.hu\/wp-content\/uploads\/2023\/04\/image-2-300x204.png 300w, https:\/\/judit-art.hu\/wp-content\/uploads\/2023\/04\/image-2-768x521.png 768w, https:\/\/judit-art.hu\/wp-content\/uploads\/2023\/04\/image-2-18x12.png 18w\" sizes=\"auto, (max-width: 767px) 89vw, (max-width: 1000px) 54vw, (max-width: 1071px) 543px, 580px\" \/><\/figure>\n<\/div>\n\n\n<p>A k\u00e9pen l\u00e1that\u00f3 speci\u00e1lis p\u00e1lca mentes v\u00e9ggel, egy t\u00e1rcs\u00e1ra menettel a k\u00f6zep\u00e9n \u00e9s  hatfej\u0171 v\u00e9g\u0171 csavarra. A csavar csak a egyik perem\u00e9n hatfej\u0171. Ezekre akkor van sz\u00fcks\u00e9g, ha cabochont szeretn\u00e9nk k\u00e9sz\u00edteni. A t\u00e1csra r\u00e9sz elhagyhat\u00f3, amennyiben \u00fcveggoly\u00f3t szeretn\u00e9nk a csavarra dolgozni. A p\u00e1lca menetes r\u00e9sz\u00e9t ilyen esetben is \u00e9rdemes lev\u00e1laszt\u00f3 anyagba m\u00e1rtani, hogy v\u00e9letlen\u00fcl se ker\u00fclj\u00f6n olvadt \u00fcveg a menetre, vagy a p\u00e1lc\u00e1ra k\u00f6zvetlen\u00fcl.<\/p>\n\n\n<div class=\"wp-block-image\">\n<figure class=\"aligncenter size-large\"><img loading=\"lazy\" decoding=\"async\" width=\"1024\" height=\"470\" src=\"https:\/\/judit-art.hu\/wp-content\/uploads\/2023\/04\/image-6-1024x470.png\" alt=\"\" class=\"wp-image-1418\" srcset=\"https:\/\/judit-art.hu\/wp-content\/uploads\/2023\/04\/image-6-1024x470.png 1024w, https:\/\/judit-art.hu\/wp-content\/uploads\/2023\/04\/image-6-350x160.png 350w, https:\/\/judit-art.hu\/wp-content\/uploads\/2023\/04\/image-6-300x138.png 300w, https:\/\/judit-art.hu\/wp-content\/uploads\/2023\/04\/image-6-768x352.png 768w, https:\/\/judit-art.hu\/wp-content\/uploads\/2023\/04\/image-6-18x8.png 18w, https:\/\/judit-art.hu\/wp-content\/uploads\/2023\/04\/image-6.png 1448w\" sizes=\"auto, (max-width: 767px) 89vw, (max-width: 1000px) 54vw, (max-width: 1071px) 543px, 580px\" \/><\/figure>\n<\/div>\n\n\n<p>Az p\u00e1lc\u00e1ra felcsavarozzuk a t\u00e1rcs\u00e1t majd lev\u00e1laszt\u00f3 anyagba m\u00e1rtjuk.<\/p>\n\n\n<div class=\"wp-block-image\">\n<figure class=\"aligncenter size-large\"><img loading=\"lazy\" decoding=\"async\" width=\"1024\" height=\"441\" src=\"https:\/\/judit-art.hu\/wp-content\/uploads\/2023\/04\/image-7-1024x441.png\" alt=\"\" class=\"wp-image-1419\" srcset=\"https:\/\/judit-art.hu\/wp-content\/uploads\/2023\/04\/image-7-1024x441.png 1024w, https:\/\/judit-art.hu\/wp-content\/uploads\/2023\/04\/image-7-350x151.png 350w, https:\/\/judit-art.hu\/wp-content\/uploads\/2023\/04\/image-7-300x129.png 300w, https:\/\/judit-art.hu\/wp-content\/uploads\/2023\/04\/image-7-768x331.png 768w, https:\/\/judit-art.hu\/wp-content\/uploads\/2023\/04\/image-7-18x8.png 18w, https:\/\/judit-art.hu\/wp-content\/uploads\/2023\/04\/image-7.png 1388w\" sizes=\"auto, (max-width: 767px) 89vw, (max-width: 1000px) 54vw, (max-width: 1071px) 543px, 580px\" \/><\/figure>\n<\/div>\n\n\n<p>A csavart \u00fagy csavarozzuk fel, hogy a hatlap felfele \u00e1lljon. Ha nyitott v\u00e9g\u0171 csavart haszn\u00e1lunk, egy pici lev\u00e1laszt\u00f3 anyaggal z\u00e1rjuk le, hogy ne tudjon az \u00fcveg a csavarba folyni.<\/p>\n\n\n<div class=\"wp-block-image\">\n<figure class=\"aligncenter size-large\"><img loading=\"lazy\" decoding=\"async\" width=\"1024\" height=\"362\" src=\"https:\/\/judit-art.hu\/wp-content\/uploads\/2023\/04\/image-10-1024x362.png\" alt=\"\" class=\"wp-image-1422\" srcset=\"https:\/\/judit-art.hu\/wp-content\/uploads\/2023\/04\/image-10-1024x362.png 1024w, https:\/\/judit-art.hu\/wp-content\/uploads\/2023\/04\/image-10-350x124.png 350w, https:\/\/judit-art.hu\/wp-content\/uploads\/2023\/04\/image-10-300x106.png 300w, https:\/\/judit-art.hu\/wp-content\/uploads\/2023\/04\/image-10-768x271.png 768w, https:\/\/judit-art.hu\/wp-content\/uploads\/2023\/04\/image-10-1536x542.png 1536w, https:\/\/judit-art.hu\/wp-content\/uploads\/2023\/04\/image-10-2048x723.png 2048w, https:\/\/judit-art.hu\/wp-content\/uploads\/2023\/04\/image-10-18x6.png 18w\" sizes=\"auto, (max-width: 767px) 89vw, (max-width: 1000px) 54vw, (max-width: 1071px) 543px, 580px\" \/><\/figure>\n<\/div>\n\n\n<p>Az \u00fcveget r\u00e1olvasztjuk a csavarra \u00e9s a t\u00e1rcs\u00e1ra. Kemenc\u00e9be helyezz\u00fck, ahol nagyon lassan leh\u0171tj\u00fck szobah\u0151m\u00e9rs\u00e9kletre. A leh\u0171lt \u00fcveget lecsavarozzuk \u00e9s megtiszt\u00edtjuk a lev\u00e1laszt\u00f3 anyagt\u00f3l. Ezek ut\u00e1n k\u00e9sz a cser\u00e9lhet\u0151 \u00e9kszer\u00fcnk.<\/p>\n\n\n<div class=\"wp-block-image\">\n<figure class=\"aligncenter size-full\"><img loading=\"lazy\" decoding=\"async\" width=\"605\" height=\"612\" src=\"https:\/\/judit-art.hu\/wp-content\/uploads\/2023\/04\/image-11.png\" alt=\"\" class=\"wp-image-1423\" srcset=\"https:\/\/judit-art.hu\/wp-content\/uploads\/2023\/04\/image-11.png 605w, https:\/\/judit-art.hu\/wp-content\/uploads\/2023\/04\/image-11-100x100.png 100w, https:\/\/judit-art.hu\/wp-content\/uploads\/2023\/04\/image-11-350x354.png 350w, https:\/\/judit-art.hu\/wp-content\/uploads\/2023\/04\/image-11-297x300.png 297w, https:\/\/judit-art.hu\/wp-content\/uploads\/2023\/04\/image-11-12x12.png 12w\" sizes=\"auto, (max-width: 605px) 100vw, 605px\" \/><\/figure>\n<\/div>\n\n\n<p><\/p>\n\n\n\n<p>Ezek ut\u00e4n felcsavarozhat\u00f3 az \u00fcveg\u00e9kszer, az al\u00e1bbi k\u00e9pen egy gy\u0171r\u0171re ker\u00fclt.<\/p>\n\n\n<div class=\"wp-block-image\">\n<figure class=\"aligncenter size-large\"><img loading=\"lazy\" decoding=\"async\" width=\"1024\" height=\"610\" src=\"https:\/\/judit-art.hu\/wp-content\/uploads\/2023\/04\/image-14-1024x610.png\" alt=\"\" class=\"wp-image-1426\" srcset=\"https:\/\/judit-art.hu\/wp-content\/uploads\/2023\/04\/image-14-1024x610.png 1024w, https:\/\/judit-art.hu\/wp-content\/uploads\/2023\/04\/image-14-350x208.png 350w, https:\/\/judit-art.hu\/wp-content\/uploads\/2023\/04\/image-14-300x179.png 300w, https:\/\/judit-art.hu\/wp-content\/uploads\/2023\/04\/image-14-768x457.png 768w, https:\/\/judit-art.hu\/wp-content\/uploads\/2023\/04\/image-14-18x12.png 18w, https:\/\/judit-art.hu\/wp-content\/uploads\/2023\/04\/image-14.png 1339w\" sizes=\"auto, (max-width: 767px) 89vw, (max-width: 1000px) 54vw, (max-width: 1071px) 543px, 580px\" \/><\/figure>\n<\/div>","protected":false},"excerpt":{"rendered":"<p>Az \u00fcveg\u00e9kszerek egyik \u00faj fajt\u00e1ja, a csavarozhat\u00f3 \u00fcveg\u00e9kszer. Ebben az esetben az \u00fcvegbe egy speci\u00e1lis csavart olvasztunk, ami benne marad az \u00fcvegben \u00e9s azt menetes \u00e9kszer alapokra, gy\u0171r\u0171re, med\u00e1lakaszt\u00f3ra, f\u00fclbeval\u00f3ra, kark\u00f6t\u0151re csavarozzuk. Ennek az egyik legnagyobb el\u0151nye, hogy nem kell az \u00fcveget ragasztani \u00e9s az \u00fcveget tudjuk cser\u00e9lni is az \u00e9kszeren. Az \u00fcveg form\u00e1ja lehet &hellip; <\/p>\n<p class=\"link-more\"><a href=\"https:\/\/judit-art.hu\/hu\/csavarozhato-uvegekszerek\/\" class=\"more-link\"><span class=\"screen-reader-text\">&#8220;Csavarozhat\u00f3 \u00fcveg\u00e9kszerek&#8221;<\/span> b\u0151vebben<\/a><\/p>","protected":false},"author":1,"featured_media":0,"parent":0,"menu_order":0,"comment_status":"closed","ping_status":"closed","template":"","meta":{"_mi_skip_tracking":false,"_monsterinsights_sitenote_active":false,"_monsterinsights_sitenote_note":"","_monsterinsights_sitenote_category":0,"footnotes":""},"class_list":["post-1412","page","type-page","status-publish","hentry"],"aioseo_notices":[],"jetpack_sharing_enabled":true,"_links":{"self":[{"href":"https:\/\/judit-art.hu\/hu\/wp-json\/wp\/v2\/pages\/1412","targetHints":{"allow":["GET"]}}],"collection":[{"href":"https:\/\/judit-art.hu\/hu\/wp-json\/wp\/v2\/pages"}],"about":[{"href":"https:\/\/judit-art.hu\/hu\/wp-json\/wp\/v2\/types\/page"}],"author":[{"embeddable":true,"href":"https:\/\/judit-art.hu\/hu\/wp-json\/wp\/v2\/users\/1"}],"replies":[{"embeddable":true,"href":"https:\/\/judit-art.hu\/hu\/wp-json\/wp\/v2\/comments?post=1412"}],"version-history":[{"count":10,"href":"https:\/\/judit-art.hu\/hu\/wp-json\/wp\/v2\/pages\/1412\/revisions"}],"predecessor-version":[{"id":1448,"href":"https:\/\/judit-art.hu\/hu\/wp-json\/wp\/v2\/pages\/1412\/revisions\/1448"}],"wp:attachment":[{"href":"https:\/\/judit-art.hu\/hu\/wp-json\/wp\/v2\/media?parent=1412"}],"curies":[{"name":"wp","href":"https:\/\/api.w.org\/{rel}","templated":true}]}}