{"id":1068,"date":"2023-03-28T17:16:45","date_gmt":"2023-03-28T17:16:45","guid":{"rendered":"https:\/\/judit-art.hu\/hu\/?page_id=1068"},"modified":"2023-04-04T12:43:11","modified_gmt":"2023-04-04T12:43:11","slug":"uvegekszer-keszito-tanfolyam-ajandekutalvany","status":"publish","type":"page","link":"https:\/\/judit-art.hu\/hu\/uvegekszer-keszito-tanfolyam-ajandekutalvany\/","title":{"rendered":"Tanfolyam aj\u00e1nd\u00e9kutalv\u00e1ny"},"content":{"rendered":"<p>A weboldalon egy adott <a href=\"https:\/\/judit-art.hu\/hu\/tanfolyamok\/\" target=\"_blank\" rel=\"noopener\" title=\"tanfolyamra\">tanfolyamra<\/a> tud aj\u00e1nd\u00e9kutalv\u00e1nyt v\u00e1s\u00e1rl\u00e1srolni. Az utalv\u00e1nyhoz foglalja le az adott tanfolyamon a helyet, majd email-be jelezze, hogy ez egy aj\u00e1nd\u00e9knak v\u00e1s\u00e1rolta. A tanfolyam aj\u00e1nd\u00e9kutalv\u00e1ny ki\u00e1ll\u00edt\u00e1s\u00e1hoz k\u00e9rem \u00edrja meg az aj\u00e1nd\u00e9kozott nev\u00e9t. A tanfolyam kifizet\u00e9se ut\u00e1n egy PDF form\u00e1tumban k\u00fcld\u00f6m meg az utalv\u00e1nyt, amelyet kinyomtathat \u00e9s aj\u00e1nd\u00e9kk\u00e9nt \u00e1tadhat. <\/p>\n\n\n\n<p>Az utalv\u00e1ny k\u00e9szp\u00e9nzre nem v\u00e1lthat\u00f3, viszont k\u00e9rheti :<br>&#8211; b\u00e1rmikor a tanfolyam r\u00e9sztvev\u0151 szem\u00e9ly\u00e9nek v\u00e1ltoztat\u00e1s\u00e1t<br>&#8211; 7 napt\u00e1ri nappal a tanfolyam el\u0151tt az utalv\u00e1ny egy k\u00e9s\u0151bbi tanfolyamra val\u00f3 \u00e1tv\u00e1lt\u00e1s\u00e1t<\/p>\n\n\n\n<p>A v\u00e1ltoztat\u00e1s kiz\u00e1r\u00f3lag \u00edr\u00e1sos form\u00e1ban lehet k\u00e9rni (email).<\/p>","protected":false},"excerpt":{"rendered":"<p>A weboldalon egy adott tanfolyamra tud aj\u00e1nd\u00e9kutalv\u00e1nyt v\u00e1s\u00e1rl\u00e1srolni. Az utalv\u00e1nyhoz foglalja le az adott tanfolyamon a helyet, majd email-be jelezze, hogy ez egy aj\u00e1nd\u00e9knak v\u00e1s\u00e1rolta. A tanfolyam aj\u00e1nd\u00e9kutalv\u00e1ny ki\u00e1ll\u00edt\u00e1s\u00e1hoz k\u00e9rem \u00edrja meg az aj\u00e1nd\u00e9kozott nev\u00e9t. A tanfolyam kifizet\u00e9se ut\u00e1n egy PDF form\u00e1tumban k\u00fcld\u00f6m meg az utalv\u00e1nyt, amelyet kinyomtathat \u00e9s aj\u00e1nd\u00e9kk\u00e9nt \u00e1tadhat. Az utalv\u00e1ny k\u00e9szp\u00e9nzre nem &hellip; <\/p>\n<p class=\"link-more\"><a href=\"https:\/\/judit-art.hu\/hu\/uvegekszer-keszito-tanfolyam-ajandekutalvany\/\" class=\"more-link\"><span class=\"screen-reader-text\">&#8220;Tanfolyam aj\u00e1nd\u00e9kutalv\u00e1ny&#8221;<\/span> b\u0151vebben<\/a><\/p>","protected":false},"author":1,"featured_media":0,"parent":0,"menu_order":0,"comment_status":"closed","ping_status":"closed","template":"","meta":{"_mi_skip_tracking":false,"_monsterinsights_sitenote_active":false,"_monsterinsights_sitenote_note":"","_monsterinsights_sitenote_category":0,"footnotes":""},"class_list":["post-1068","page","type-page","status-publish","hentry"],"aioseo_notices":[],"jetpack_sharing_enabled":true,"_links":{"self":[{"href":"https:\/\/judit-art.hu\/hu\/wp-json\/wp\/v2\/pages\/1068","targetHints":{"allow":["GET"]}}],"collection":[{"href":"https:\/\/judit-art.hu\/hu\/wp-json\/wp\/v2\/pages"}],"about":[{"href":"https:\/\/judit-art.hu\/hu\/wp-json\/wp\/v2\/types\/page"}],"author":[{"embeddable":true,"href":"https:\/\/judit-art.hu\/hu\/wp-json\/wp\/v2\/users\/1"}],"replies":[{"embeddable":true,"href":"https:\/\/judit-art.hu\/hu\/wp-json\/wp\/v2\/comments?post=1068"}],"version-history":[{"count":18,"href":"https:\/\/judit-art.hu\/hu\/wp-json\/wp\/v2\/pages\/1068\/revisions"}],"predecessor-version":[{"id":1244,"href":"https:\/\/judit-art.hu\/hu\/wp-json\/wp\/v2\/pages\/1068\/revisions\/1244"}],"wp:attachment":[{"href":"https:\/\/judit-art.hu\/hu\/wp-json\/wp\/v2\/media?parent=1068"}],"curies":[{"name":"wp","href":"https:\/\/api.w.org\/{rel}","templated":true}]}}