{"id":102,"date":"2022-07-08T20:07:31","date_gmt":"2022-07-08T20:07:31","guid":{"rendered":"https:\/\/juditglass.com\/shop\/"},"modified":"2023-08-02T18:03:06","modified_gmt":"2023-08-02T18:03:06","slug":"shop","status":"publish","type":"page","link":"https:\/\/judit-art.hu\/hu\/shop\/","title":{"rendered":"V\u00e1s\u00e1rl\u00e1s"},"content":{"rendered":"<p>sz\u0171r\u00e9s: <a href=\"https:\/\/judit-art.hu\/hu\/termekkategoria\/uvegekszerek\/nyaklanc\/\" title=\"nyakl\u00e1ncok\"><span style=\"text-decoration: underline;\">nyakl\u00e1ncok<\/span><\/a> &#8211; <a href=\"https:\/\/judit-art.hu\/hu\/termekkategoria\/uvegekszerek\/uvegfulbevalo\/\" title=\"f\u00fclbeval\u00f3k\"><span style=\"text-decoration: underline;\">f\u00fclbeval\u00f3k<\/span><\/a> &#8211; <a href=\"https:\/\/judit-art.hu\/hu\/termekkategoria\/uvegekszerek\/ajandektargyak\/\" title=\"aj\u00e1nd\u00e9kt\u00e1rgyak\"><span style=\"text-decoration: underline;\">aj\u00e1nd\u00e9kt\u00e1rgyak<\/span><\/a><\/p>","protected":false},"excerpt":{"rendered":"<p>sz\u0171r\u00e9s: nyakl\u00e1ncok &#8211; f\u00fclbeval\u00f3k &#8211; aj\u00e1nd\u00e9kt\u00e1rgyak<\/p>","protected":false},"author":1,"featured_media":0,"parent":0,"menu_order":0,"comment_status":"closed","ping_status":"closed","template":"","meta":{"_mi_skip_tracking":false,"_monsterinsights_sitenote_active":false,"_monsterinsights_sitenote_note":"","_monsterinsights_sitenote_category":0,"footnotes":""},"class_list":["post-102","page","type-page","status-publish","hentry"],"aioseo_notices":[],"jetpack_sharing_enabled":true,"_links":{"self":[{"href":"https:\/\/judit-art.hu\/hu\/wp-json\/wp\/v2\/pages\/102","targetHints":{"allow":["GET"]}}],"collection":[{"href":"https:\/\/judit-art.hu\/hu\/wp-json\/wp\/v2\/pages"}],"about":[{"href":"https:\/\/judit-art.hu\/hu\/wp-json\/wp\/v2\/types\/page"}],"author":[{"embeddable":true,"href":"https:\/\/judit-art.hu\/hu\/wp-json\/wp\/v2\/users\/1"}],"replies":[{"embeddable":true,"href":"https:\/\/judit-art.hu\/hu\/wp-json\/wp\/v2\/comments?post=102"}],"version-history":[{"count":9,"href":"https:\/\/judit-art.hu\/hu\/wp-json\/wp\/v2\/pages\/102\/revisions"}],"predecessor-version":[{"id":1681,"href":"https:\/\/judit-art.hu\/hu\/wp-json\/wp\/v2\/pages\/102\/revisions\/1681"}],"wp:attachment":[{"href":"https:\/\/judit-art.hu\/hu\/wp-json\/wp\/v2\/media?parent=102"}],"curies":[{"name":"wp","href":"https:\/\/api.w.org\/{rel}","templated":true}]}}