{"id":994,"date":"2023-03-27T11:05:48","date_gmt":"2023-03-27T11:05:48","guid":{"rendered":"https:\/\/judit-art.hu\/hu\/?page_id=994"},"modified":"2024-04-14T19:00:36","modified_gmt":"2024-04-14T19:00:36","slug":"arak","status":"publish","type":"page","link":"https:\/\/judit-art.hu\/de\/arak\/","title":{"rendered":"Preisliste"},"content":{"rendered":"<p>In meiner Werkstatt ist es m\u00f6glich, an einem Kurs teilzunehmen oder wenn Sie schon ein Kurs absolviert haben zu \u00fcben. <\/p>\n\n\n\n<p>Die ausgeschriebenen Kurse werden ab einer Anmeldung von 2-3 Personen durchgef\u00fchrt. Der Glas wird in einem Ofen gek\u00fchlt, sodass er erst am n\u00e4chsten Tag mitgenommen oder verschickt werden kann. <\/p>\n\n\n\n<p class=\"has-text-color\" style=\"color:#fee49a\"><strong>3-st\u00fcndiger Glasperlenkurs f\u00fcr Anf\u00e4nger: <\/strong>28.000 Ft<\/p>\n\n\n\n<p class=\"has-text-color\" style=\"color:#fee49a\"><strong>5-st\u00fcndiger Glasperlenkurs f\u00fcr Anf\u00e4nger: <\/strong>45.000 Ft<\/p>\n\n\n\n<p class=\"has-text-color\" style=\"color:#fee49a\"><strong>2 Stunden \u00dcben ohne Unterricht: <\/strong>14.000 Ft<\/p>\n\n\n\n<p class=\"has-text-color\" style=\"color:#fee49a\"><strong>3 Stunden \u00dcben ohne Unterricht: <\/strong>20.000 Ft<\/p>\n\n\n\n<p><em>Info: 5 Stunden Glasperlenkurs f\u00fcr Anf\u00e4nger: Ich organisiere dies auf Wunsch, Datum und Anfangzeit kann vereinbart werden<\/em><\/p>\n\n\n\n<p><em>\u00dcben: Die Personen, die schon ein Kurs bei mir absolviert haben, d\u00fcrfen in meinem Werkstatt <\/em>\u00fcben.<\/p>\n\n\n\n<p><strong>Die Preise beinhalten die Nutzung von: <\/strong><\/p>\n\n\n\n<ul class=\"wp-block-list\">\n<li>die f\u00fcr die Perlen ben\u00f6tigten Glasst\u00e4be von der Firma Effetre in Murano (Spezialglasst\u00e4be gegen Aufpreis) <\/li>\n\n\n\n<li>Gasbrenner (Bobcat, mit 10 Liter Sauerstoffkonzentrator, Propan-Butangas) <\/li>\n\n\n\n<li>Ofen zum temperieren beim 500 Grad und die programiert Abk\u00fchlung <\/li>\n\n\n\n<li>Werkstattwerkzeuge f\u00fcr die Perlenherstellung <\/li>\n\n\n\n<li>Gegen eine zus\u00e4tzliche Geb\u00fchr k\u00f6nnen Sie anfordern: <\/li>\n\n\n\n<li>Versand von Schmuck Verwendung von Spezialbrillen<\/li>\n<\/ul>\n\n\n\n<p><strong>Gegen eine zus\u00e4tzliche Geb\u00fchr k\u00f6nnen Sie anfordern: <\/strong><\/p>\n\n\n\n<ul class=\"wp-block-list\">\n<li>Versand von Schmuck <\/li>\n\n\n\n<li>Verwendung von Spezialglasst\u00e4be<\/li>\n<\/ul>","protected":false},"excerpt":{"rendered":"<p>In meiner Werkstatt ist es m\u00f6glich, an einem Kurs teilzunehmen oder wenn Sie schon ein Kurs absolviert haben zu \u00fcben. Die ausgeschriebenen Kurse werden ab einer Anmeldung von 2-3 Personen durchgef\u00fchrt. Der Glas wird in einem Ofen gek\u00fchlt, sodass er erst am n\u00e4chsten Tag mitgenommen oder verschickt werden kann. 3-st\u00fcndiger Glasperlenkurs f\u00fcr Anf\u00e4nger: 28.000 Ft &hellip; <\/p>\n<p class=\"link-more\"><a href=\"https:\/\/judit-art.hu\/de\/arak\/\" class=\"more-link\"><span class=\"screen-reader-text\">\u201ePreisliste\u201c<\/span> weiterlesen<\/a><\/p>","protected":false},"author":1,"featured_media":0,"parent":0,"menu_order":0,"comment_status":"closed","ping_status":"closed","template":"","meta":{"_mi_skip_tracking":false,"_monsterinsights_sitenote_active":false,"_monsterinsights_sitenote_note":"","_monsterinsights_sitenote_category":0,"footnotes":""},"class_list":["post-994","page","type-page","status-publish","hentry"],"aioseo_notices":[],"jetpack_sharing_enabled":true,"_links":{"self":[{"href":"https:\/\/judit-art.hu\/de\/wp-json\/wp\/v2\/pages\/994","targetHints":{"allow":["GET"]}}],"collection":[{"href":"https:\/\/judit-art.hu\/de\/wp-json\/wp\/v2\/pages"}],"about":[{"href":"https:\/\/judit-art.hu\/de\/wp-json\/wp\/v2\/types\/page"}],"author":[{"embeddable":true,"href":"https:\/\/judit-art.hu\/de\/wp-json\/wp\/v2\/users\/1"}],"replies":[{"embeddable":true,"href":"https:\/\/judit-art.hu\/de\/wp-json\/wp\/v2\/comments?post=994"}],"version-history":[{"count":35,"href":"https:\/\/judit-art.hu\/de\/wp-json\/wp\/v2\/pages\/994\/revisions"}],"predecessor-version":[{"id":1839,"href":"https:\/\/judit-art.hu\/de\/wp-json\/wp\/v2\/pages\/994\/revisions\/1839"}],"wp:attachment":[{"href":"https:\/\/judit-art.hu\/de\/wp-json\/wp\/v2\/media?parent=994"}],"curies":[{"name":"wp","href":"https:\/\/api.w.org\/{rel}","templated":true}]}}