{"id":801,"date":"2022-11-20T15:52:44","date_gmt":"2022-11-20T15:52:44","guid":{"rendered":"https:\/\/judit-art.hu\/de\/?page_id=801"},"modified":"2023-08-02T19:36:53","modified_gmt":"2023-08-02T19:36:53","slug":"uvegpalca-vasarlas","status":"publish","type":"page","link":"https:\/\/judit-art.hu\/de\/uvegpalca-vasarlas\/","title":{"rendered":"Who kann ich Glasst\u00e4be kaufen"},"content":{"rendered":"<p>Ich arbeite mit Glasst\u00e4be aus Murano. Sie k\u00f6nnen es auch dort kaufen. Dort soll man aber wirklich in sehr grosse Menge einkaufen, damit es loht. Ich selbst verbrauche nicht so viele Glasst\u00e4be, damit es f\u00fcr mich rentabel w\u00e4re.  Ich kann Ihnen die follgende Online-Shop empfehlen:<\/p>\n\n\n\n<p>Deutschland: Audrey Otterbein <a href=\"http:\/\/www.otterbein-glas.de\/xtcommerce\/\" target=\"_blank\" rel=\"noreferrer noopener\"><strong>www.otterbein-glas.de<\/strong><\/a><\/p>\n\n\n\n<p>Niederlande: Artyco Object <a href=\"http:\/\/www.artyco.nl\" target=\"_blank\" rel=\"noreferrer noopener\"><strong>www.artyco.nl<\/strong><\/a><\/p>\n\n\n\n<p>Schweiz: Crea-Arte GmbH: <strong><a href=\"http:\/\/www.crea-arte.ch\" target=\"_blank\" rel=\"noopener\" title=\"www.crea-arte.ch\">www.crea-arte.ch<\/a><\/strong><\/p>\n\n\n\n<p><\/p>","protected":false},"excerpt":{"rendered":"<p>Ich arbeite mit Glasst\u00e4be aus Murano. Sie k\u00f6nnen es auch dort kaufen. Dort soll man aber wirklich in sehr grosse Menge einkaufen, damit es loht. Ich selbst verbrauche nicht so viele Glasst\u00e4be, damit es f\u00fcr mich rentabel w\u00e4re. Ich kann Ihnen die follgende Online-Shop empfehlen: Deutschland: Audrey Otterbein www.otterbein-glas.de Niederlande: Artyco Object www.artyco.nl Schweiz: Crea-Arte &hellip; <\/p>\n<p class=\"link-more\"><a href=\"https:\/\/judit-art.hu\/de\/uvegpalca-vasarlas\/\" class=\"more-link\"><span class=\"screen-reader-text\">\u201eWho kann ich Glasst\u00e4be kaufen\u201c<\/span> weiterlesen<\/a><\/p>","protected":false},"author":1,"featured_media":1697,"parent":0,"menu_order":0,"comment_status":"closed","ping_status":"closed","template":"","meta":{"_mi_skip_tracking":false,"_monsterinsights_sitenote_active":false,"_monsterinsights_sitenote_note":"","_monsterinsights_sitenote_category":0,"footnotes":""},"class_list":["post-801","page","type-page","status-publish","has-post-thumbnail","hentry"],"aioseo_notices":[],"jetpack_sharing_enabled":true,"_links":{"self":[{"href":"https:\/\/judit-art.hu\/de\/wp-json\/wp\/v2\/pages\/801","targetHints":{"allow":["GET"]}}],"collection":[{"href":"https:\/\/judit-art.hu\/de\/wp-json\/wp\/v2\/pages"}],"about":[{"href":"https:\/\/judit-art.hu\/de\/wp-json\/wp\/v2\/types\/page"}],"author":[{"embeddable":true,"href":"https:\/\/judit-art.hu\/de\/wp-json\/wp\/v2\/users\/1"}],"replies":[{"embeddable":true,"href":"https:\/\/judit-art.hu\/de\/wp-json\/wp\/v2\/comments?post=801"}],"version-history":[{"count":47,"href":"https:\/\/judit-art.hu\/de\/wp-json\/wp\/v2\/pages\/801\/revisions"}],"predecessor-version":[{"id":1458,"href":"https:\/\/judit-art.hu\/de\/wp-json\/wp\/v2\/pages\/801\/revisions\/1458"}],"wp:featuredmedia":[{"embeddable":true,"href":"https:\/\/judit-art.hu\/de\/wp-json\/wp\/v2\/media\/1697"}],"wp:attachment":[{"href":"https:\/\/judit-art.hu\/de\/wp-json\/wp\/v2\/media?parent=801"}],"curies":[{"name":"wp","href":"https:\/\/api.w.org\/{rel}","templated":true}]}}