{"id":496,"date":"2022-07-10T12:14:10","date_gmt":"2022-07-10T12:14:10","guid":{"rendered":"https:\/\/juditglass.com\/?page_id=496"},"modified":"2023-03-30T17:17:32","modified_gmt":"2023-03-30T17:17:32","slug":"cookie","status":"publish","type":"page","link":"https:\/\/judit-art.hu\/de\/cookie\/","title":{"rendered":"Cookie Richtlinie"},"content":{"rendered":"<h3 class=\"wp-block-heading\">Was ist ein Cookie?<\/h3>\n\n\n\n<p>Ein Cookie ist eine kleine Datei, die Interneteinstellungen speichert. Sie wird beim ersten Besuch einer Website von Ihrem Internetbrowser heruntergeladen. Beim n\u00e4chsten Aufruf dieser Website mit demselben Endger\u00e4t wird das Cookie und die darin gespeicherte Information entweder an die Website, die es erzeugt hat (First Party Cookie) oder an eine andere Website, zu der es geh\u00f6rt (Third Party Cookie) gesandt. Dadurch erkennt die Website, dass Sie mit diesem Browser schon einmal aufgerufen wurde und variiert in manchen F\u00e4llen den angezeigten Inhalt.<\/p>\n\n\n\n<p>Einige Cookies sind \u00e4u\u00dferst n\u00fctzlich, da sie die Benutzererfahrung beim erneuten Aufruf einer Website, die Sie bereits mehrmals besucht haben, verbessern k\u00f6nnen. Vorausgesetzt, dass Sie dasselbe Endger\u00e4t und denselben Browser wie bisher verwenden, erinnern sich Cookies z. B. an Ihre Vorlieben, wie Sie eine Seite nutzen und passen die angezeigten Angebote Ihren pers\u00f6nlichen Interessen und Bed\u00fcrfnissen an.<\/p>\n\n\n\n<p>Abh\u00e4ngig von ihrer Funktion und ihrem Verwendungszweck k\u00f6nnen Cookies in vier Kategorien eingeteilt werden: unbedingt erforderliche Cookies, Performance Cookies, Funktionale Cookies, Cookies f\u00fcr Marketingzwecke.<\/p>\n\n\n\n<p><strong>Unbedingt erforderliche Cookies<\/strong><br>Unbedingt erforderliche Cookies werden ben\u00f6tigt, damit Sie sich auf einer Website bewegen und ihre Eigenschaften nutzen k\u00f6nnen. Ohne diese Cookies k\u00f6nnen Funktionalit\u00e4ten nicht gew\u00e4hrleistet werden, beispielsweise dass w\u00e4hrend eines Besuchs get\u00e4tigte Aktionen&nbsp; erhalten bleiben, auch wenn zwischen einzelnen Seiten der Website navigiert wird.<\/p>\n\n\n\n<p><strong>Funktionale Cookies<\/strong><br>Funktionale Cookies erm\u00f6glichen es einer Website, bereits get\u00e4tigte Angaben zu speichern und dem Nutzer verbesserte, pers\u00f6nlichere Funktionen anzubieten. Funktionale Cookies werden beispielsweise dazu benutzt, angeforderte Funktionen wie das Abspielen von Videos zu erm\u00f6glichen. Diese Cookies sammeln anonymisierte Informationen, sie k\u00f6nnen nicht Ihre Bewegungen auf anderen Websites verfolgen.<\/p>\n\n\n\n<p><strong>Performance Cookies<\/strong><br>Performance Cookies sammeln Informationen \u00fcber die Nutzungsweise einer Website \u2013 etwa welche Seiten ein Besucher am h\u00e4ufigsten aufruft und ob er Fehlermeldungen von einer Seite erh\u00e4lt. Diese Cookies speichern keine Informationen, die eine Identifikation des Nutzers zulassen. Die gesammelten Informationen werden aggregiert und somit anonym ausgewertet. Diese Cookies werden ausschlie\u00dflich dazu verwendet, die Performance einer Website und damit das Nutzererlebnis zu verbessern.<\/p>\n\n\n\n<p><strong>Cookies f\u00fcr Marketingzwecke<\/strong><br>Cookies f\u00fcr Marketingzwecke werden genutzt, um gezielt f\u00fcr den Nutzer relevante und an seine Interessen angepasste Werbeanzeigen auszuspielen. Sie werden au\u00dferdem dazu verwendet, die Erscheinungsh\u00e4ufigkeit einer Anzeige zu begrenzen und die Effektivit\u00e4t von Werbekampagnen zu messen. Sie registrieren, ob man eine Website besucht hat oder nicht. Diese Information kann mit Dritten, wie z.B. Werbetreibenden, geteilt werden. Cookies zur Verbesserung der Zielgruppenansprache und Werbung werden oftmals mit Seitenfunktionalit\u00e4ten von Dritten verlinkt.<\/p>\n\n\n\n<h3 class=\"wp-block-heading\">Verwendung von Cookies auf dieser-Websites<\/h3>\n\n\n\n<p>Wie die meisten Websites, die Sie besuchen, verwendet auch diese Webseite Cookies, um die Nutzererfahrung sowohl bei einmaligen als auch bei wiederholten Besuchen der Website zu verbessern. Dadurch k\u00f6nnen Sie z. B. zwischen den Seiten schnell und einfach wechseln, Ihre Konfigurationen speichern und GoogleMaps Services nutzen.<\/p>\n\n\n\n<p>Cookies werden entweder von unseren Websites (First Party Cookies) oder von anderen Websites gesetzt, deren Inhalte auf unseren Websites erscheinen (Third Party Cookies). Diese Drittanbieter k\u00f6nnen Cookies setzen, wenn Sie auf deren Seiten eingeloggt sind und unsere Websites besuchen. Diese Webseite hat keinen Einfluss auf die Cookie-Einstellungen dieser fremden Websites. Bitte besuchen Sie die Websites der Drittanbieter, um weitere Informationen zu deren Verwendung von Cookies zu erhalten.<\/p>\n\n\n\n<h3 class=\"wp-block-heading\">Cookies verwalten und l\u00f6schen<\/h3>\n\n\n\n<p>Sie k\u00f6nnen Cookies blockieren und l\u00f6schen, indem Sie Ihre Browsereinstellungen \u00e4ndern. Zur Verwaltung von Cookies erm\u00f6glichen Ihnen die meisten Browser, alle Cookies zu akzeptieren oder abzulehnen bzw. nur bestimmte Arten von Cookies zu akzeptieren. Die Verfahren zur Verwaltung und L\u00f6schung von Cookies finden Sie in der im Browser integrierten Hilfe-Funktion. Sollten Sie den Einsatz von Cookies beschr\u00e4nken, k\u00f6nnen Sie nicht alle interaktiven Funktionen unserer Websites nutzen.<\/p>","protected":false},"excerpt":{"rendered":"<p>Was ist ein Cookie? Ein Cookie ist eine kleine Datei, die Interneteinstellungen speichert. Sie wird beim ersten Besuch einer Website von Ihrem Internetbrowser heruntergeladen. Beim n\u00e4chsten Aufruf dieser Website mit demselben Endger\u00e4t wird das Cookie und die darin gespeicherte Information entweder an die Website, die es erzeugt hat (First Party Cookie) oder an eine andere &hellip; <\/p>\n<p class=\"link-more\"><a href=\"https:\/\/judit-art.hu\/de\/cookie\/\" class=\"more-link\"><span class=\"screen-reader-text\">\u201eCookie Richtlinie\u201c<\/span> weiterlesen<\/a><\/p>","protected":false},"author":1,"featured_media":0,"parent":0,"menu_order":0,"comment_status":"closed","ping_status":"closed","template":"","meta":{"_mi_skip_tracking":false,"_monsterinsights_sitenote_active":false,"_monsterinsights_sitenote_note":"","_monsterinsights_sitenote_category":0,"footnotes":""},"class_list":["post-496","page","type-page","status-publish","hentry"],"aioseo_notices":[],"jetpack_sharing_enabled":true,"_links":{"self":[{"href":"https:\/\/judit-art.hu\/de\/wp-json\/wp\/v2\/pages\/496","targetHints":{"allow":["GET"]}}],"collection":[{"href":"https:\/\/judit-art.hu\/de\/wp-json\/wp\/v2\/pages"}],"about":[{"href":"https:\/\/judit-art.hu\/de\/wp-json\/wp\/v2\/types\/page"}],"author":[{"embeddable":true,"href":"https:\/\/judit-art.hu\/de\/wp-json\/wp\/v2\/users\/1"}],"replies":[{"embeddable":true,"href":"https:\/\/judit-art.hu\/de\/wp-json\/wp\/v2\/comments?post=496"}],"version-history":[{"count":4,"href":"https:\/\/judit-art.hu\/de\/wp-json\/wp\/v2\/pages\/496\/revisions"}],"predecessor-version":[{"id":1134,"href":"https:\/\/judit-art.hu\/de\/wp-json\/wp\/v2\/pages\/496\/revisions\/1134"}],"wp:attachment":[{"href":"https:\/\/judit-art.hu\/de\/wp-json\/wp\/v2\/media?parent=496"}],"curies":[{"name":"wp","href":"https:\/\/api.w.org\/{rel}","templated":true}]}}