{"id":439,"date":"2022-07-09T21:57:39","date_gmt":"2022-07-09T21:57:39","guid":{"rendered":"https:\/\/juditglass.com\/?page_id=439"},"modified":"2023-03-30T19:47:38","modified_gmt":"2023-03-30T19:47:38","slug":"acel-ekszerkiegeszito","status":"publish","type":"page","link":"https:\/\/judit-art.hu\/de\/acel-ekszerkiegeszito\/","title":{"rendered":"Schmuckzubeh\u00f6re"},"content":{"rendered":"<p>Wenn eine Glasperle oder ein Anh\u00e4nger fertig ist, m\u00fcssen Sie dar\u00fcber nachdenken, wie Sie daraus ein echtes Schmuckst\u00fcck machen k\u00f6nnen<\/p>\n\n\n\n<p>Ich installiere mein Glas auf Zubeh\u00f6r aus chirurgischem Stahl. Es verursacht weder Allergien noch verliert es seinen Glanz.<\/p>\n\n\n\n<p>Viele Leute kleben die Cabochons und Anh\u00e4nger auf das Metall, aber ich bin kein Fan dieser Technik, weil sich der Kleber nach einiger Zeit l\u00f6sen kann. Meine bevorzugte Methode ist, eine spezielle Schraubenmutter in das Glas einzuschmelzen und das Glas dann einfach auf ein kleines Gewinde am Edelstahlzubeh\u00f6r zu schrauben.<\/p>\n\n\n\n<p>Wenn Sie dieses Wechselsystem nutzen m\u00f6chten, k\u00f6nnen Sie hier Werkzeuge und Zubeh\u00f6r kaufen<\/p>\n\n\n\n<div class=\"wp-block-buttons is-layout-flex wp-block-buttons-is-layout-flex\">\n<div class=\"wp-block-button\"><a class=\"wp-block-button__link wp-element-button\" href=\"\/de\/www.beachbuggy.at\/\">Zum Shop<\/a><\/div>\n<\/div>\n\n\n\n<figure class=\"wp-block-gallery has-nested-images columns-default is-cropped wp-block-gallery-1 is-layout-flex wp-block-gallery-is-layout-flex\">\n<figure class=\"wp-block-image size-large\"><img loading=\"lazy\" decoding=\"async\" width=\"2560\" height=\"2560\" data-id=\"447\" src=\"https:\/\/judit-art.hu\/wp-content\/uploads\/2022\/07\/armband_M2.5_5-scaled.jpg\" alt=\"\" class=\"wp-image-447\" srcset=\"https:\/\/judit-art.hu\/wp-content\/uploads\/2022\/07\/armband_M2.5_5-scaled.jpg 2560w, https:\/\/judit-art.hu\/wp-content\/uploads\/2022\/07\/armband_M2.5_5-250x250.jpg 250w, https:\/\/judit-art.hu\/wp-content\/uploads\/2022\/07\/armband_M2.5_5-100x100.jpg 100w, https:\/\/judit-art.hu\/wp-content\/uploads\/2022\/07\/armband_M2.5_5-350x350.jpg 350w, https:\/\/judit-art.hu\/wp-content\/uploads\/2022\/07\/armband_M2.5_5-300x300.jpg 300w, https:\/\/judit-art.hu\/wp-content\/uploads\/2022\/07\/armband_M2.5_5-1024x1024.jpg 1024w, https:\/\/judit-art.hu\/wp-content\/uploads\/2022\/07\/armband_M2.5_5-150x150.jpg 150w, https:\/\/judit-art.hu\/wp-content\/uploads\/2022\/07\/armband_M2.5_5-768x768.jpg 768w, https:\/\/judit-art.hu\/wp-content\/uploads\/2022\/07\/armband_M2.5_5-1536x1536.jpg 1536w, https:\/\/judit-art.hu\/wp-content\/uploads\/2022\/07\/armband_M2.5_5-2048x2048.jpg 2048w, https:\/\/judit-art.hu\/wp-content\/uploads\/2022\/07\/armband_M2.5_5-12x12.jpg 12w\" sizes=\"auto, (max-width: 767px) 89vw, (max-width: 1000px) 54vw, (max-width: 1071px) 543px, 580px\" \/><\/figure>\n\n\n\n<figure class=\"wp-block-image size-large\"><img loading=\"lazy\" decoding=\"async\" width=\"2560\" height=\"2560\" data-id=\"446\" src=\"https:\/\/judit-art.hu\/wp-content\/uploads\/2022\/07\/armband_M2.5_2-scaled.jpg\" alt=\"\" class=\"wp-image-446\" srcset=\"https:\/\/judit-art.hu\/wp-content\/uploads\/2022\/07\/armband_M2.5_2-scaled.jpg 2560w, https:\/\/judit-art.hu\/wp-content\/uploads\/2022\/07\/armband_M2.5_2-250x250.jpg 250w, https:\/\/judit-art.hu\/wp-content\/uploads\/2022\/07\/armband_M2.5_2-100x100.jpg 100w, https:\/\/judit-art.hu\/wp-content\/uploads\/2022\/07\/armband_M2.5_2-350x350.jpg 350w, https:\/\/judit-art.hu\/wp-content\/uploads\/2022\/07\/armband_M2.5_2-300x300.jpg 300w, https:\/\/judit-art.hu\/wp-content\/uploads\/2022\/07\/armband_M2.5_2-1024x1024.jpg 1024w, https:\/\/judit-art.hu\/wp-content\/uploads\/2022\/07\/armband_M2.5_2-150x150.jpg 150w, https:\/\/judit-art.hu\/wp-content\/uploads\/2022\/07\/armband_M2.5_2-768x768.jpg 768w, https:\/\/judit-art.hu\/wp-content\/uploads\/2022\/07\/armband_M2.5_2-1536x1536.jpg 1536w, https:\/\/judit-art.hu\/wp-content\/uploads\/2022\/07\/armband_M2.5_2-2048x2048.jpg 2048w, https:\/\/judit-art.hu\/wp-content\/uploads\/2022\/07\/armband_M2.5_2-12x12.jpg 12w\" sizes=\"auto, (max-width: 767px) 89vw, (max-width: 1000px) 54vw, (max-width: 1071px) 543px, 580px\" \/><\/figure>\n\n\n\n<figure class=\"wp-block-image size-large\"><img loading=\"lazy\" decoding=\"async\" width=\"2560\" height=\"2560\" data-id=\"445\" src=\"https:\/\/judit-art.hu\/wp-content\/uploads\/2022\/07\/armband_M2.5_4-scaled.jpg\" alt=\"\" class=\"wp-image-445\" srcset=\"https:\/\/judit-art.hu\/wp-content\/uploads\/2022\/07\/armband_M2.5_4-scaled.jpg 2560w, https:\/\/judit-art.hu\/wp-content\/uploads\/2022\/07\/armband_M2.5_4-250x250.jpg 250w, https:\/\/judit-art.hu\/wp-content\/uploads\/2022\/07\/armband_M2.5_4-100x100.jpg 100w, https:\/\/judit-art.hu\/wp-content\/uploads\/2022\/07\/armband_M2.5_4-350x350.jpg 350w, https:\/\/judit-art.hu\/wp-content\/uploads\/2022\/07\/armband_M2.5_4-300x300.jpg 300w, https:\/\/judit-art.hu\/wp-content\/uploads\/2022\/07\/armband_M2.5_4-1024x1024.jpg 1024w, https:\/\/judit-art.hu\/wp-content\/uploads\/2022\/07\/armband_M2.5_4-150x150.jpg 150w, https:\/\/judit-art.hu\/wp-content\/uploads\/2022\/07\/armband_M2.5_4-768x768.jpg 768w, https:\/\/judit-art.hu\/wp-content\/uploads\/2022\/07\/armband_M2.5_4-1536x1536.jpg 1536w, https:\/\/judit-art.hu\/wp-content\/uploads\/2022\/07\/armband_M2.5_4-2048x2048.jpg 2048w, https:\/\/judit-art.hu\/wp-content\/uploads\/2022\/07\/armband_M2.5_4-12x12.jpg 12w\" sizes=\"auto, (max-width: 767px) 89vw, (max-width: 1000px) 54vw, (max-width: 1071px) 543px, 580px\" \/><\/figure>\n\n\n\n<figure class=\"wp-block-image size-large\"><img loading=\"lazy\" decoding=\"async\" width=\"2560\" height=\"2560\" data-id=\"444\" src=\"https:\/\/judit-art.hu\/wp-content\/uploads\/2022\/07\/armband_M2.5_3-scaled.jpg\" alt=\"\" class=\"wp-image-444\" srcset=\"https:\/\/judit-art.hu\/wp-content\/uploads\/2022\/07\/armband_M2.5_3-scaled.jpg 2560w, https:\/\/judit-art.hu\/wp-content\/uploads\/2022\/07\/armband_M2.5_3-250x250.jpg 250w, https:\/\/judit-art.hu\/wp-content\/uploads\/2022\/07\/armband_M2.5_3-100x100.jpg 100w, https:\/\/judit-art.hu\/wp-content\/uploads\/2022\/07\/armband_M2.5_3-350x350.jpg 350w, https:\/\/judit-art.hu\/wp-content\/uploads\/2022\/07\/armband_M2.5_3-300x300.jpg 300w, https:\/\/judit-art.hu\/wp-content\/uploads\/2022\/07\/armband_M2.5_3-1024x1024.jpg 1024w, https:\/\/judit-art.hu\/wp-content\/uploads\/2022\/07\/armband_M2.5_3-150x150.jpg 150w, https:\/\/judit-art.hu\/wp-content\/uploads\/2022\/07\/armband_M2.5_3-768x768.jpg 768w, https:\/\/judit-art.hu\/wp-content\/uploads\/2022\/07\/armband_M2.5_3-1536x1536.jpg 1536w, https:\/\/judit-art.hu\/wp-content\/uploads\/2022\/07\/armband_M2.5_3-2048x2048.jpg 2048w, https:\/\/judit-art.hu\/wp-content\/uploads\/2022\/07\/armband_M2.5_3-12x12.jpg 12w\" sizes=\"auto, (max-width: 767px) 89vw, (max-width: 1000px) 54vw, (max-width: 1071px) 543px, 580px\" \/><\/figure>\n<\/figure>","protected":false},"excerpt":{"rendered":"<p>Wenn eine Glasperle oder ein Anh\u00e4nger fertig ist, m\u00fcssen Sie dar\u00fcber nachdenken, wie Sie daraus ein echtes Schmuckst\u00fcck machen k\u00f6nnen Ich installiere mein Glas auf Zubeh\u00f6r aus chirurgischem Stahl. Es verursacht weder Allergien noch verliert es seinen Glanz. Viele Leute kleben die Cabochons und Anh\u00e4nger auf das Metall, aber ich bin kein Fan dieser Technik, &hellip; <\/p>\n<p class=\"link-more\"><a href=\"https:\/\/judit-art.hu\/de\/acel-ekszerkiegeszito\/\" class=\"more-link\"><span class=\"screen-reader-text\">\u201eSchmuckzubeh\u00f6re\u201c<\/span> weiterlesen<\/a><\/p>","protected":false},"author":1,"featured_media":0,"parent":0,"menu_order":0,"comment_status":"closed","ping_status":"closed","template":"","meta":{"_mi_skip_tracking":false,"_monsterinsights_sitenote_active":false,"_monsterinsights_sitenote_note":"","_monsterinsights_sitenote_category":0,"footnotes":""},"class_list":["post-439","page","type-page","status-publish","hentry"],"aioseo_notices":[],"jetpack_sharing_enabled":true,"_links":{"self":[{"href":"https:\/\/judit-art.hu\/de\/wp-json\/wp\/v2\/pages\/439","targetHints":{"allow":["GET"]}}],"collection":[{"href":"https:\/\/judit-art.hu\/de\/wp-json\/wp\/v2\/pages"}],"about":[{"href":"https:\/\/judit-art.hu\/de\/wp-json\/wp\/v2\/types\/page"}],"author":[{"embeddable":true,"href":"https:\/\/judit-art.hu\/de\/wp-json\/wp\/v2\/users\/1"}],"replies":[{"embeddable":true,"href":"https:\/\/judit-art.hu\/de\/wp-json\/wp\/v2\/comments?post=439"}],"version-history":[{"count":33,"href":"https:\/\/judit-art.hu\/de\/wp-json\/wp\/v2\/pages\/439\/revisions"}],"predecessor-version":[{"id":1159,"href":"https:\/\/judit-art.hu\/de\/wp-json\/wp\/v2\/pages\/439\/revisions\/1159"}],"wp:attachment":[{"href":"https:\/\/judit-art.hu\/de\/wp-json\/wp\/v2\/media?parent=439"}],"curies":[{"name":"wp","href":"https:\/\/api.w.org\/{rel}","templated":true}]}}