{"id":330,"date":"2022-07-09T19:36:26","date_gmt":"2022-07-09T19:36:26","guid":{"rendered":"https:\/\/juditglass.com\/colibri-wp\/"},"modified":"2023-08-02T15:38:44","modified_gmt":"2023-08-02T15:38:44","slug":"colibri-wp","status":"publish","type":"page","link":"https:\/\/judit-art.hu\/de\/","title":{"rendered":"Willkommen"},"content":{"rendered":"<p>Lieber Besucher!<\/p>\n<p>Vielen Dank f\u00fcr Ihren Besuch auf meiner Atelier-Website. Ich bin Judit Sz\u0151ke und arbeite seit 2010 mit Glas. Ich mache haupts\u00e4chlich Glasschmuck and der Flamme eines Gasbrenners. Das Formen des Glases \u00fcber der Flamme fasziniert mich bei der Arbeit, wie ich ein so hartes Material nach meinen W\u00fcnschen formen kann.<\/p>\n<p>Mein Studio befindet sich im Herzen von Sopron, in der Lenckpassage, in einem wundersch\u00f6nen 150 Jahre alten Geb\u00e4ude.<\/p>\n<p>In 2021 wurde die Atelier nach einer umfassenden Renovierung innen und au\u00dfen mit moderner technischer Ausstattung erweitert, um sie f\u00fcr hochniveau Workshops zu halten k\u00f6nnen. Im Studio gibt es drei feste Gasbrennstationen , damit Interessierte in kleinen Gruppen die Geheimnisse des Glasformens erlernen k\u00f6nnen.<\/p>\n<p>F\u00fcr diejenigen, die diese Technik noch nie ausprobiert haben, kann ich einen Anf\u00e4nger-Perlendrehenkurs empfehlen. F\u00fcr Fortgeschrittene habe ich hoffentlich auch Erkenntnisse, die vielleicht neu sind.<\/p>\n<p>Voraussetzung f\u00fcr die Teilnahme an Fortgeschrittene-Kurs ist auf jeden Fall, dass jemand bereits Erfahrung in der Herstellung von Glasperlen hat. Wenn Sie also nicht bei mir gelernt haben, w\u00fcrde ich Sie auf jeden Fall bitten,\u00a0 Fotos \u00fcber Ihrer Arbeiten zu schicken, damit ich sehen kann, ob Sie \u00dcbung f\u00fcr die angegebene Technik haben.<\/p>\n<p>Die Kurse dauern je nach Personenzahl, Technik und Ausbildungsstand 2-5 Stunden.<\/p>\n<p>Nat\u00fcrlich besteht auch die M\u00f6glichkeit der individuellen Kurse, bitte erkundigen Sie sich hierzu per E-Mail.<\/p>\n<p>Die Unterrichtssprache kann Ungarisch, Deutsch oder Englisch sein. Innerhalb eines Kurses findet der Unterricht ausschlie\u00dflich in einer Sprache statt.<\/p>\n<p>Ich hoffe, Sie besuchen bald meine Atelier, die Freitags und Samstags zwischen 14:00 und 18:00 Uhr besucht werden kann!<\/p>\n<p>Mit freundlichen Gr\u00fc\u00dfen, Judit Sz\u0151ke<\/p>\n<p><!-- \/wp:post-content --><\/p>\n<p><!-- wp:paragraph --><\/p>\n<p><!-- \/wp:paragraph --><\/p>\n\n<!-- wp:paragraph -->\n<p><\/p>\n<!-- \/wp:paragraph -->","protected":false},"excerpt":{"rendered":"<p>Lieber Besucher! Vielen Dank f\u00fcr Ihren Besuch auf meiner Atelier-Website. Ich bin Judit Sz\u0151ke und arbeite seit 2010 mit Glas. Ich mache haupts\u00e4chlich Glasschmuck and der Flamme eines Gasbrenners. Das Formen des Glases \u00fcber der Flamme fasziniert mich bei der Arbeit, wie ich ein so hartes Material nach meinen W\u00fcnschen formen kann. Mein Studio befindet &hellip; <\/p>\n<p class=\"link-more\"><a href=\"https:\/\/judit-art.hu\/de\/\" class=\"more-link\"><span class=\"screen-reader-text\">\u201eWillkommen\u201c<\/span> weiterlesen<\/a><\/p>","protected":false},"author":1,"featured_media":0,"parent":0,"menu_order":0,"comment_status":"closed","ping_status":"closed","template":"","meta":{"_mi_skip_tracking":false,"_monsterinsights_sitenote_active":false,"_monsterinsights_sitenote_note":"","_monsterinsights_sitenote_category":0,"footnotes":""},"class_list":["post-330","page","type-page","status-publish","hentry"],"aioseo_notices":[],"jetpack_sharing_enabled":true,"_links":{"self":[{"href":"https:\/\/judit-art.hu\/de\/wp-json\/wp\/v2\/pages\/330","targetHints":{"allow":["GET"]}}],"collection":[{"href":"https:\/\/judit-art.hu\/de\/wp-json\/wp\/v2\/pages"}],"about":[{"href":"https:\/\/judit-art.hu\/de\/wp-json\/wp\/v2\/types\/page"}],"author":[{"embeddable":true,"href":"https:\/\/judit-art.hu\/de\/wp-json\/wp\/v2\/users\/1"}],"replies":[{"embeddable":true,"href":"https:\/\/judit-art.hu\/de\/wp-json\/wp\/v2\/comments?post=330"}],"version-history":[{"count":57,"href":"https:\/\/judit-art.hu\/de\/wp-json\/wp\/v2\/pages\/330\/revisions"}],"predecessor-version":[{"id":1642,"href":"https:\/\/judit-art.hu\/de\/wp-json\/wp\/v2\/pages\/330\/revisions\/1642"}],"wp:attachment":[{"href":"https:\/\/judit-art.hu\/de\/wp-json\/wp\/v2\/media?parent=330"}],"curies":[{"name":"wp","href":"https:\/\/api.w.org\/{rel}","templated":true}]}}