{"id":3,"date":"2022-06-05T16:50:13","date_gmt":"2022-06-05T16:50:13","guid":{"rendered":"https:\/\/juditglass.com\/?page_id=3"},"modified":"2023-04-06T19:51:06","modified_gmt":"2023-04-06T19:51:06","slug":"adat-vedelem","status":"publish","type":"page","link":"https:\/\/judit-art.hu\/de\/adat-vedelem\/","title":{"rendered":"Datenschutz"},"content":{"rendered":"<h3 class=\"wp-block-heading\">DATENSCHUTZ- UND DATENVERWALTUNGSVORSCHRIFTEN<\/h3>\n\n\n\n<p>Der Betreiber der Webseite&nbsp;<strong>www.judit-art.hu<\/strong>&nbsp;informiert die Besucher der Homepage auf diesem Wege \u00fcber sein Vorgehen bei der Verwaltung der pers\u00f6nlichen Daten, seine organisatorischen und technischen Ma\u00dfnahmen im Interesse des Datenschutzes sowie \u00fcber die diesbez\u00fcglichen Rechte der Besucher und die M\u00f6glichkeiten der Geltendmachung dieser.<\/p>\n\n\n\n<ol class=\"wp-block-list\">\n<li>Name des Datenverwalters:<br>Judit Sz\u0151ke Einzelunternehmer&nbsp;(im Weiteren: Dienstleister)<\/li>\n\n\n\n<li>Adresse und Kontakt des Datenverwalters:<br>Sz\u0151ke Judit, 9400 Sopron, Sch\u00f6nherr-malom 10A<\/li>\n\n\n\n<li>Bezeichnung der Datenverwaltung:<br>Datenverwaltung auf Grund der freiwilligen, ausdr\u00fccklichen, auf Grund von Informationen erbrachten Zustimmung der Benutzer, im Kreis der auf der Internet-Homepage registrierten Benutzer.<\/li>\n\n\n\n<li>Rechtsgrundlage der Datenverwaltung:<br>Freiwillige Zustimmung des Betroffenen gem\u00e4\u00df \u00a7 5 des Gesetzes Nr. CXII.\/2011 \u00fcber das Informationsselbstverf\u00fcgungsrecht und die Informationsfreiheit.<\/li>\n\n\n\n<li>Kreis der verwalteten Daten:\n<ol class=\"wp-block-list\" type=\"A\">\n<li>Beim Einholen &#8220;erstellen ein Konto&#8221;&nbsp;\/ Kontaktaufnahme angegebene Daten:<br>Die vom Benutzer beim Einholen eines Kontoerstellung,&nbsp;Kontaktaufnahme angegebenen pers\u00f6nlichen Daten werden nicht an Dritte weitergegeben.<br>Die vom Benutzer beim Einholen Kontoerstellung, bei der Warebestellung&nbsp;verbindlich anzugebenden Daten sind:<br><em>Name, Telefonnummer, E-Mail-Adresse.<\/em><\/li>\n\n\n\n<li>Newsletters:<br>Wir versenden keinen Newsletters.<\/li>\n\n\n\n<li>Benutzung der Webseite ohne Einloggen:<br>Bei der Benutzung der Homepage werden die IP-Adresse des Computers des Benutzers, der Zeitpunkt des Beginns und der Beendigung des Besuchs bzw. in bestimmten F\u00e4llen \u2013 in Abh\u00e4ngigkeit von den Einstellungen des Computers des Benutzers \u2013 die Art des Browsersund des Betriebssystems gespeichert. Diese Daten werden vom System automatisch protokolliert. Der Dienstleister verkn\u00fcpft die Daten in der Logdatei nicht mit sonstigen pers\u00f6nlichen Daten.<\/li>\n<\/ol>\n<\/li>\n\n\n\n<li>Ziel der Datenverwaltung:\n<ol class=\"wp-block-list\" type=\"A\">\n<li>Einholen eines Kontoerstellung&nbsp;\/ Kontaktaufnahme:<br>Im Falle der beim Einholen eines Kontoerstellung&nbsp;bzw. Kontaktaufnahme vom Benutzer angegebenen Daten ist das Ziel der Datenverwaltung die Identifizierung des Benutzers und seine Informierung per E-Mail oder Telefon und Versand der seine Bestellungen nur und ausschlie\u00dflich im Zusammenhang mit dem Einholen Kontoerstellung&nbsp;oder Kontaktaufnahme. Der Benutzer erteilt diese Zustimmung zur Datenverwaltung mit dem Ausf\u00fcllen und Abschicken des Internetformulars \u201eerstellen ein Konto\u201d oder \u201eKontakt\u201d.<\/li>\n\n\n\n<li>\u201eCookies\u201d-k:<br>W\u00e4hrend der Benutzung dieser Webseite wird \u00fcber bestimmte Parameter bzw. die IP-Adresse des Computers des Benutzers eine Logdatei erstellt. Diese Daten werden vom Betreiber ausschlie\u00dflich f\u00fcr die Entwicklung der Webseite verwendet.&nbsp;<\/li>\n\n\n\n<li>Google Analytics:<br>Diese Webseite verwendet den von Google, Inc. (\u201eGoogle\u201d) bereitgestellten Dienst Google Analytics zur Webanalyse. Google Analytics verwendet \u201eCookies\u201d, also auf Ihrem Computer platzierte Textdateien, um die Analyse der Webseitenbenutzung zu unterst\u00fctzen. Die von den Cookies generierten, sich auf die Webseitenbenutzung beziehenden Informationen (einschlie\u00dflich Ihrer IP-Adresse) werden an die Server von Google in den USA weitergeleitet und dort gespeichert. Google verwendet diese Informationen zur Bewertung der Benutzung der Webseite durch Sie, zur Zusammenstellung der Reports \u00fcber die T\u00e4tigkeiten auf der Webseite an die Betreiber der Webseiten sowie f\u00fcr sonstige Leistungen im Zusammenhang mit den auf der Webseite durchgef\u00fchrten T\u00e4tigkeiten und der Internetbenutzung. Google darf diese Informationen an Dritte weitergeben, falls dies durch ein Gesetz vorgeschrieben ist, oder falls Dritte im Auftrag von Google die Informationen verarbeiten. Google verbindet Ihre IP-Adresse nicht mit sonstigen Daten, die sich in ihrem Besitz befinden. Mit der Auswahl entsprechender Einstellungen Ihres Browsers k\u00f6nnen Sie die Benutzung von Cookies zur\u00fcckweisen, aber wir weisen Sie darauf hin, dass Sie in diesem Fall nicht alle Funktionen dieser Webseite benutzen k\u00f6nnen. Mit der Benutzung dieser Webseite erkl\u00e4ren Sie sich damit einverstanden, dass Ihre Daten auf die oben beschriebene Weise, mit dem oben bestimmten Zweck verarbeitet werden.Der Datenverwalter benutzt die pers\u00f6nlichen Daten nicht f\u00fcr Zwecke, die von den angef\u00fchrten abweichen, ist jedoch dazu berechtigt, diese mit anderen Datenbanken zu verbinden, die vom Datenverwalter verwaltet werden.<\/li>\n<\/ol>\n<\/li>\n\n\n\n<li>Dauer der Datenverwaltung<br>Die vom Benutzer freiwillig angegebenen Daten darf der Dienstleister solange benutzen, bis der Benutzer von der durch den Dienstleister gew\u00e4hrten M\u00f6glichkeit der Datenl\u00f6schung nicht Gebrauch macht. (Der Dienstleister l\u00f6scht die Daten auf Grund der freiwilligen Entscheidung des Benutzers innerhalb von 5 Werktagen ab Eintreffen des L\u00f6schantrags. Falls der Benutzer pers\u00f6nliche Daten auf rechtswidrige, t\u00e4uschende Weise verwendet oder eine Straftat verwirklicht, so ist der Dienstleister berechtigt, mit der L\u00f6schung der Registrierung gem\u00e4\u00df den Benutzungsbedingungen sofort s\u00e4mtliche pers\u00f6nlichen Daten zu l\u00f6schen, wenn er hiervon erf\u00e4hrt.)<\/li>\n\n\n\n<li>Der Benutzer hat die follgende Rechte&nbsp;\u00fcber Ihre pers\u00f6nlichen Daten in GDPR Men\u00fc:<br>Wir senden in allen F\u00e4lle eine Email mit Best\u00e4titungsanfrage.<br>A.) DAS RECHT AUF DATEN\u00dcBERTRAGBARKEIT<br>SIE K\u00d6NNEN IHRE DATEN IN CSV FILEFORMAT ANFORDERN.B.) DAS RECHT, VERGESSEN ZU WERDEN<br>SIE K\u00d6NNEN IHRE KONTO ZUM L\u00d6SCHEN ANFORDERN.C.) DAS RECHT AUF DATENBERICHTIGUNG<br>SIE K\u00d6NNEN ALLE DATEN (WAS WIR IM SHOP GESPEICHERT HABEN) ANFORDERND.) DAS RECHT AUF VERARBEITUNGSBESCHR\u00c4NKUNGE.) DIE RECHTE IN BEZUG AUF AUTOMATISIERTE ENTSCHEIDUNGSFINDUNG UND PROFILERSTELLUNG<br>UNSERE SHOP MACHT KEINE PROFILERSTELLUNG UND VEWENDET KEINE AUTOMATISIERTE ENTSCHEIDUNGSFINDUNGF.) DAS RECHT, ANONYM ZU SEIN<br>SIE K\u00d6NNEN ANFORDERN ANONYM ZU SEIN. IN DIESEM FALL L\u00d6SCHEN WIR IHRE NAME UND ADRESSE. BITTE BEACHTEN SIE, DASS DADURCH WIR DIE AKTUELLE BESTELLUNG AUCH NICHT VERSCHICKEN K\u00d6NNEN.<\/li>\n\n\n\n<li>Bezeichnung der Datenverwalter:<br><a href=\"https:\/\/www.tilaa.com\/en\/contact\">Tilaa B.V.<br>P.O Box 728<br>1000 AS, Amsterdam, NL<br><br>phone:&nbsp;<\/a><a>+31 (0)85 2100 500<\/a><\/li>\n\n\n\n<li>Bezeichnung der Datenverarbeitung:<br>Durchf\u00fchrung von technischen Aufgaben im Zusammenhang mit den Datenverwaltungsschritten.<\/li>\n\n\n\n<li>Datensicherheitsma\u00dfnahmen<br>Die pers\u00f6nlichen Daten werden auf dem Gebiet der Republik Ungarn auf dem Server gespeichert. Bei der Registrierung auf der Homepage werden s\u00e4mtliche Daten, die vom Benutzer angegeben werden, auf dem sicheren, verschlossenen Server des Dienstleisters gespeichert.<br>Die angegebenen Daten d\u00fcrfen w\u00e4hrend der Datenverwaltung und -verarbeitung ausschlie\u00dflich von Entwicklern, Online-Redakteuren und Projektmanagern kennen gelernt werden, die beim Dienstleister angestellt sind und \u00fcber einen individuellen, eingeschr\u00e4nkten Zugriff (\u201eAdmin\u201d) verf\u00fcgen. Der Dienstleister kontrolliert, wann welcher Angestellte auf die Datenbank zugegriffen hat. Die betroffenen Angestellten arbeiten unter strenger Verschwiegenheitspflicht.<\/li>\n\n\n\n<li>Datenweiterleitung:<br>Die pers\u00f6nliche Daten (Name, Adresse und Telefonnumer) werden an der \u00d6sterreichischen Post weitergegben. Der Datenverwalter darf pers\u00f6nliche Daten \u2013 au\u00dfer den&nbsp;Post \u2013 nicht an Dritte \u00fcbergeben. Dies bezieht sich nicht auf eventuelle, im Gesetz vorgeschriebene verbindliche Datenweiterleitungen, die nur in besonderen F\u00e4llen erfolgen d\u00fcrfen. Der Datenverwalter untersucht vor der Erf\u00fcllung des Datenersuchens seitens der Beh\u00f6rde in Bezug auf jede einzelne Angabe, ob tats\u00e4chlich die Rechtsgrundlage f\u00fcr die Datenweiterleitung besteht.<\/li>\n\n\n\n<li>M\u00f6glichkeit der Modifizierung der Datenverwaltungsvorschrift:<br>Der Dienstleister beh\u00e4lt sich vor, die vorliegende Datenverwaltungsvorschrift bei gleichzeitiger Benachrichtigung der Benutzer einseitig zu modifizieren. Mit der Benutzung nach Inkrafttreten der Modifizierung der Dienstleistung akzeptieren Sie die modifizierte Datenverwaltungsvorschrift.<\/li>\n\n\n\n<li>M\u00f6glichkeiten der Geltendmachung des Rechts:<br>Von den M\u00f6glichkeiten der Geltendmachung des Rechts kann der Benutzer gem\u00e4\u00df dem Gesetz Nr. CXII.\/2011 \u00fcber das Informationsselbstverf\u00fcgungsrecht und die Informationsfreiheit sowie gem\u00e4\u00df dem ungarischen BGB (Ptk.) vor Gericht Gebrauch machen, und er kann auch um die Hilfe des Vorsitzenden der Nationalbeh\u00f6rde f\u00fcr Datenschutz und Informationsfreiheit (Nemzeti Adatv\u00e9delmi es Inform\u00e1ci\u00f3szabads\u00e1g Hat\u00f3s\u00e1g, Dr. Attila P\u00e9terfalvi, Vorsitzender, 1125 Budapest, Szil\u00e1gyi Erzs\u00e9bet fasor 22\/c., Postanschrift: 1534 Budapest, Pf.: 834.) bitten.<br>Bei weiteren Fragen bzw. Anmerkungen erwartet der Mitarbeiter des Betreibers Ihre Nachricht unter der E-Mail-Adresse:&nbsp;<strong><a href=\"http:\/\/beachbuggy.at\/de\/kontakt\">info@judit-art.hu<\/a><\/strong><\/li>\n\n\n\n<li>Zustimmung des Benutzers:<br>Nach dem Lesen dieser Datenschutzerkl\u00e4rung betrachtet der Benutzer die untenstehende Zustimmung f\u00fcr sich verbindlich, wenn er eines der Online-Formulare \u201e(H\u00edrlev\u00e9l) Feliratkoz\u00e1s\u201d (\u201eIch melde mich an\u201c), \u201eAnfrage\u201c ausf\u00fcllt.<\/li>\n\n\n\n<li>Der Inhalt der Zustimmung:<br>\u201eIch habe die Datenschutzerkl\u00e4rung zu Ende gelesen, ich wurde bez\u00fcglich der Verwaltung meiner Daten entsprechend aufgekl\u00e4rt, und der Betreiber (Judit Sz\u00f6ke E.U..) darf meine bei der Registration f\u00fcr www.beachbuggy.at&nbsp;angegebenen Daten entsprechend den Vorschriften der Datenschutzerkl\u00e4rung verwalten und bearbeiten.\u201d<\/li>\n<\/ol>","protected":false},"excerpt":{"rendered":"<p>DATENSCHUTZ- UND DATENVERWALTUNGSVORSCHRIFTEN Der Betreiber der Webseite&nbsp;www.judit-art.hu&nbsp;informiert die Besucher der Homepage auf diesem Wege \u00fcber sein Vorgehen bei der Verwaltung der pers\u00f6nlichen Daten, seine organisatorischen und technischen Ma\u00dfnahmen im Interesse des Datenschutzes sowie \u00fcber die diesbez\u00fcglichen Rechte der Besucher und die M\u00f6glichkeiten der Geltendmachung dieser.<\/p>","protected":false},"author":1,"featured_media":0,"parent":0,"menu_order":0,"comment_status":"closed","ping_status":"open","template":"","meta":{"_mi_skip_tracking":false,"_monsterinsights_sitenote_active":false,"_monsterinsights_sitenote_note":"","_monsterinsights_sitenote_category":0,"footnotes":""},"class_list":["post-3","page","type-page","status-publish","hentry"],"aioseo_notices":[],"jetpack_sharing_enabled":true,"_links":{"self":[{"href":"https:\/\/judit-art.hu\/de\/wp-json\/wp\/v2\/pages\/3","targetHints":{"allow":["GET"]}}],"collection":[{"href":"https:\/\/judit-art.hu\/de\/wp-json\/wp\/v2\/pages"}],"about":[{"href":"https:\/\/judit-art.hu\/de\/wp-json\/wp\/v2\/types\/page"}],"author":[{"embeddable":true,"href":"https:\/\/judit-art.hu\/de\/wp-json\/wp\/v2\/users\/1"}],"replies":[{"embeddable":true,"href":"https:\/\/judit-art.hu\/de\/wp-json\/wp\/v2\/comments?post=3"}],"version-history":[{"count":9,"href":"https:\/\/judit-art.hu\/de\/wp-json\/wp\/v2\/pages\/3\/revisions"}],"predecessor-version":[{"id":1275,"href":"https:\/\/judit-art.hu\/de\/wp-json\/wp\/v2\/pages\/3\/revisions\/1275"}],"wp:attachment":[{"href":"https:\/\/judit-art.hu\/de\/wp-json\/wp\/v2\/media?parent=3"}],"curies":[{"name":"wp","href":"https:\/\/api.w.org\/{rel}","templated":true}]}}