{"id":1748,"date":"2023-08-26T12:33:16","date_gmt":"2023-08-26T12:33:16","guid":{"rendered":"https:\/\/judit-art.hu\/hu\/?page_id=1748"},"modified":"2023-09-11T20:41:02","modified_gmt":"2023-09-11T20:41:02","slug":"szemelyesen","status":"publish","type":"page","link":"https:\/\/judit-art.hu\/de\/szemelyesen\/","title":{"rendered":"Wo kaufen?"},"content":{"rendered":"<p>Samstags zwischen 14:00 und 18:00 Uhr ist der Kauf in meinem Glasatelier in der Lenck-Passage in Sopron . <\/p>\n\n\n\n<p>Adresse: 9400 Sopron V\u00e1rker\u00fclet 98. <\/p>\n\n\n\n<p>Eine gr\u00f6\u00dfere Auswahl meines Schmucks finden Sie im D-MET-Shop \u201eUngarian Unique Products\u201c in Sopron. <\/p>\n\n\n\n<p>Ge\u00f6ffnet: Montag bis Freitag ab 10 Uhr. bis 17 Uhr und Samstag ab 10 Uhr bis 13 Uhr <\/p>\n\n\n\n<p>Adresse: Torna utca 8, 9400 Sopron. Website: <a href=\"https:\/\/www.facebook.com\/dmet.sopron\" title=\"KLICK\">KLICK<\/a>!<\/p>","protected":false},"excerpt":{"rendered":"<p>Samstags zwischen 14:00 und 18:00 Uhr ist der Kauf in meinem Glasatelier in der Lenck-Passage in Sopron . Adresse: 9400 Sopron V\u00e1rker\u00fclet 98. Eine gr\u00f6\u00dfere Auswahl meines Schmucks finden Sie im D-MET-Shop \u201eUngarian Unique Products\u201c in Sopron. Ge\u00f6ffnet: Montag bis Freitag ab 10 Uhr. bis 17 Uhr und Samstag ab 10 Uhr bis 13 Uhr &hellip; <\/p>\n<p class=\"link-more\"><a href=\"https:\/\/judit-art.hu\/de\/szemelyesen\/\" class=\"more-link\"><span class=\"screen-reader-text\">\u201eWo kaufen?\u201c<\/span> weiterlesen<\/a><\/p>","protected":false},"author":1,"featured_media":0,"parent":0,"menu_order":0,"comment_status":"closed","ping_status":"closed","template":"","meta":{"_mi_skip_tracking":false,"_monsterinsights_sitenote_active":false,"_monsterinsights_sitenote_note":"","_monsterinsights_sitenote_category":0,"footnotes":""},"class_list":["post-1748","page","type-page","status-publish","hentry"],"aioseo_notices":[],"jetpack_sharing_enabled":true,"_links":{"self":[{"href":"https:\/\/judit-art.hu\/de\/wp-json\/wp\/v2\/pages\/1748","targetHints":{"allow":["GET"]}}],"collection":[{"href":"https:\/\/judit-art.hu\/de\/wp-json\/wp\/v2\/pages"}],"about":[{"href":"https:\/\/judit-art.hu\/de\/wp-json\/wp\/v2\/types\/page"}],"author":[{"embeddable":true,"href":"https:\/\/judit-art.hu\/de\/wp-json\/wp\/v2\/users\/1"}],"replies":[{"embeddable":true,"href":"https:\/\/judit-art.hu\/de\/wp-json\/wp\/v2\/comments?post=1748"}],"version-history":[{"count":4,"href":"https:\/\/judit-art.hu\/de\/wp-json\/wp\/v2\/pages\/1748\/revisions"}],"predecessor-version":[{"id":1758,"href":"https:\/\/judit-art.hu\/de\/wp-json\/wp\/v2\/pages\/1748\/revisions\/1758"}],"wp:attachment":[{"href":"https:\/\/judit-art.hu\/de\/wp-json\/wp\/v2\/media?parent=1748"}],"curies":[{"name":"wp","href":"https:\/\/api.w.org\/{rel}","templated":true}]}}