{"id":1412,"date":"2023-04-10T08:56:46","date_gmt":"2023-04-10T08:56:46","guid":{"rendered":"https:\/\/judit-art.hu\/hu\/?page_id=1412"},"modified":"2023-04-10T09:33:22","modified_gmt":"2023-04-10T09:33:22","slug":"csavarozhato-uvegekszerek","status":"publish","type":"page","link":"https:\/\/judit-art.hu\/de\/csavarozhato-uvegekszerek\/","title":{"rendered":"Glas-Wechselschmuck"},"content":{"rendered":"<p>Eine der neuen Arten von Glasschmuck ist Glasschmuck zum Aufschrauben. In diesem Fall wurde eine spezielle Schraube in das Glas eingeschmolzen, die im Glas verbleibt und auf Schmucksockel, Ringe, Anh\u00e4nger, Ohrringe und Armb\u00e4nder mit Gewinde geschraubt wird. Einer der gr\u00f6\u00dften Vorteile davon ist, dass das Glas nicht geklebt werden muss und wir das Glas auf dem Schmuck ersetzen k\u00f6nnen. F\u00fcr die Herstellung dieser Art von Glasschmuck sind spezielle Werkzeuge erforderlich. Die Tools k\u00f6nnen unter www.beachbuggy.at erworben werden. Das Porto nach Ungarn betr\u00e4gt 2.000 HUF.<\/p>\n\n\n\n<figure class=\"wp-block-image size-full\"><img loading=\"lazy\" decoding=\"async\" width=\"934\" height=\"634\" src=\"https:\/\/judit-art.hu\/wp-content\/uploads\/2023\/04\/image-2.png\" alt=\"\" class=\"wp-image-1414\" srcset=\"https:\/\/judit-art.hu\/wp-content\/uploads\/2023\/04\/image-2.png 934w, https:\/\/judit-art.hu\/wp-content\/uploads\/2023\/04\/image-2-350x238.png 350w, https:\/\/judit-art.hu\/wp-content\/uploads\/2023\/04\/image-2-300x204.png 300w, https:\/\/judit-art.hu\/wp-content\/uploads\/2023\/04\/image-2-768x521.png 768w, https:\/\/judit-art.hu\/wp-content\/uploads\/2023\/04\/image-2-18x12.png 18w\" sizes=\"auto, (max-width: 767px) 89vw, (max-width: 1000px) 54vw, (max-width: 1071px) 543px, 580px\" \/><\/figure>\n\n\n\n<p>Der Spezialdorn im Bild hat ein Gewindeende, eine Scheibe hat ein Gewinde in der Mitte und eine Gewindeh\u00fclse mit einem Sechskantende.<\/p>\n\n\n\n<figure class=\"wp-block-image size-large\"><img loading=\"lazy\" decoding=\"async\" width=\"1024\" height=\"470\" src=\"https:\/\/judit-art.hu\/wp-content\/uploads\/2023\/04\/image-6-1024x470.png\" alt=\"\" class=\"wp-image-1418\" srcset=\"https:\/\/judit-art.hu\/wp-content\/uploads\/2023\/04\/image-6-1024x470.png 1024w, https:\/\/judit-art.hu\/wp-content\/uploads\/2023\/04\/image-6-350x160.png 350w, https:\/\/judit-art.hu\/wp-content\/uploads\/2023\/04\/image-6-300x138.png 300w, https:\/\/judit-art.hu\/wp-content\/uploads\/2023\/04\/image-6-768x352.png 768w, https:\/\/judit-art.hu\/wp-content\/uploads\/2023\/04\/image-6-18x8.png 18w, https:\/\/judit-art.hu\/wp-content\/uploads\/2023\/04\/image-6.png 1448w\" sizes=\"auto, (max-width: 767px) 89vw, (max-width: 1000px) 54vw, (max-width: 1071px) 543px, 580px\" \/><\/figure>\n\n\n\n<p>Schrauben Sie die Platte am Dorn und decken Sie es mit Trennmittel ab.<\/p>\n\n\n\n<figure class=\"wp-block-image size-large\"><img loading=\"lazy\" decoding=\"async\" width=\"1024\" height=\"441\" src=\"https:\/\/judit-art.hu\/wp-content\/uploads\/2023\/04\/image-7-1024x441.png\" alt=\"\" class=\"wp-image-1419\" srcset=\"https:\/\/judit-art.hu\/wp-content\/uploads\/2023\/04\/image-7-1024x441.png 1024w, https:\/\/judit-art.hu\/wp-content\/uploads\/2023\/04\/image-7-350x151.png 350w, https:\/\/judit-art.hu\/wp-content\/uploads\/2023\/04\/image-7-300x129.png 300w, https:\/\/judit-art.hu\/wp-content\/uploads\/2023\/04\/image-7-768x331.png 768w, https:\/\/judit-art.hu\/wp-content\/uploads\/2023\/04\/image-7-18x8.png 18w, https:\/\/judit-art.hu\/wp-content\/uploads\/2023\/04\/image-7.png 1388w\" sizes=\"auto, (max-width: 767px) 89vw, (max-width: 1000px) 54vw, (max-width: 1071px) 543px, 580px\" \/><\/figure>\n\n\n\n<p>Schrauben Sie die Gewindeh\u00fcse am Dorn. Wenn es eine offene Gewindeh\u00fclse, decken sie den Loch noch mit Trennmittel ab.<\/p>\n\n\n\n<figure class=\"wp-block-image size-large\"><img loading=\"lazy\" decoding=\"async\" width=\"1024\" height=\"362\" src=\"https:\/\/judit-art.hu\/wp-content\/uploads\/2023\/04\/image-10-1024x362.png\" alt=\"\" class=\"wp-image-1422\" srcset=\"https:\/\/judit-art.hu\/wp-content\/uploads\/2023\/04\/image-10-1024x362.png 1024w, https:\/\/judit-art.hu\/wp-content\/uploads\/2023\/04\/image-10-350x124.png 350w, https:\/\/judit-art.hu\/wp-content\/uploads\/2023\/04\/image-10-300x106.png 300w, https:\/\/judit-art.hu\/wp-content\/uploads\/2023\/04\/image-10-768x271.png 768w, https:\/\/judit-art.hu\/wp-content\/uploads\/2023\/04\/image-10-1536x542.png 1536w, https:\/\/judit-art.hu\/wp-content\/uploads\/2023\/04\/image-10-2048x723.png 2048w, https:\/\/judit-art.hu\/wp-content\/uploads\/2023\/04\/image-10-18x6.png 18w\" sizes=\"auto, (max-width: 767px) 89vw, (max-width: 1000px) 54vw, (max-width: 1071px) 543px, 580px\" \/><\/figure>\n\n\n\n<p>Schmelzen Sie das Glas auf der Gewindeh\u00fclse und auf der Platte.<\/p>\n\n\n\n<figure class=\"wp-block-image size-full\"><img loading=\"lazy\" decoding=\"async\" width=\"605\" height=\"612\" src=\"https:\/\/judit-art.hu\/wp-content\/uploads\/2023\/04\/image-11.png\" alt=\"\" class=\"wp-image-1423\" srcset=\"https:\/\/judit-art.hu\/wp-content\/uploads\/2023\/04\/image-11.png 605w, https:\/\/judit-art.hu\/wp-content\/uploads\/2023\/04\/image-11-100x100.png 100w, https:\/\/judit-art.hu\/wp-content\/uploads\/2023\/04\/image-11-350x354.png 350w, https:\/\/judit-art.hu\/wp-content\/uploads\/2023\/04\/image-11-297x300.png 297w, https:\/\/judit-art.hu\/wp-content\/uploads\/2023\/04\/image-11-12x12.png 12w\" sizes=\"auto, (max-width: 605px) 100vw, 605px\" \/><\/figure>\n\n\n\n<p><\/p>\n\n\n\n<p>Putzen Sie vom Trennmittel und Sie k\u00f6nnen es schon als Schmuck tragen.<\/p>\n\n\n\n<figure class=\"wp-block-image size-large\"><img loading=\"lazy\" decoding=\"async\" width=\"1024\" height=\"610\" src=\"https:\/\/judit-art.hu\/wp-content\/uploads\/2023\/04\/image-14-1024x610.png\" alt=\"\" class=\"wp-image-1426\" srcset=\"https:\/\/judit-art.hu\/wp-content\/uploads\/2023\/04\/image-14-1024x610.png 1024w, https:\/\/judit-art.hu\/wp-content\/uploads\/2023\/04\/image-14-350x208.png 350w, https:\/\/judit-art.hu\/wp-content\/uploads\/2023\/04\/image-14-300x179.png 300w, https:\/\/judit-art.hu\/wp-content\/uploads\/2023\/04\/image-14-768x457.png 768w, https:\/\/judit-art.hu\/wp-content\/uploads\/2023\/04\/image-14-18x12.png 18w, https:\/\/judit-art.hu\/wp-content\/uploads\/2023\/04\/image-14.png 1339w\" sizes=\"auto, (max-width: 767px) 89vw, (max-width: 1000px) 54vw, (max-width: 1071px) 543px, 580px\" \/><\/figure>","protected":false},"excerpt":{"rendered":"<p>Eine der neuen Arten von Glasschmuck ist Glasschmuck zum Aufschrauben. In diesem Fall wurde eine spezielle Schraube in das Glas eingeschmolzen, die im Glas verbleibt und auf Schmucksockel, Ringe, Anh\u00e4nger, Ohrringe und Armb\u00e4nder mit Gewinde geschraubt wird. Einer der gr\u00f6\u00dften Vorteile davon ist, dass das Glas nicht geklebt werden muss und wir das Glas auf &hellip; <\/p>\n<p class=\"link-more\"><a href=\"https:\/\/judit-art.hu\/de\/csavarozhato-uvegekszerek\/\" class=\"more-link\"><span class=\"screen-reader-text\">\u201eGlas-Wechselschmuck\u201c<\/span> weiterlesen<\/a><\/p>","protected":false},"author":1,"featured_media":0,"parent":0,"menu_order":0,"comment_status":"closed","ping_status":"closed","template":"","meta":{"_mi_skip_tracking":false,"_monsterinsights_sitenote_active":false,"_monsterinsights_sitenote_note":"","_monsterinsights_sitenote_category":0,"footnotes":""},"class_list":["post-1412","page","type-page","status-publish","hentry"],"aioseo_notices":[],"jetpack_sharing_enabled":true,"_links":{"self":[{"href":"https:\/\/judit-art.hu\/de\/wp-json\/wp\/v2\/pages\/1412","targetHints":{"allow":["GET"]}}],"collection":[{"href":"https:\/\/judit-art.hu\/de\/wp-json\/wp\/v2\/pages"}],"about":[{"href":"https:\/\/judit-art.hu\/de\/wp-json\/wp\/v2\/types\/page"}],"author":[{"embeddable":true,"href":"https:\/\/judit-art.hu\/de\/wp-json\/wp\/v2\/users\/1"}],"replies":[{"embeddable":true,"href":"https:\/\/judit-art.hu\/de\/wp-json\/wp\/v2\/comments?post=1412"}],"version-history":[{"count":10,"href":"https:\/\/judit-art.hu\/de\/wp-json\/wp\/v2\/pages\/1412\/revisions"}],"predecessor-version":[{"id":1448,"href":"https:\/\/judit-art.hu\/de\/wp-json\/wp\/v2\/pages\/1412\/revisions\/1448"}],"wp:attachment":[{"href":"https:\/\/judit-art.hu\/de\/wp-json\/wp\/v2\/media?parent=1412"}],"curies":[{"name":"wp","href":"https:\/\/api.w.org\/{rel}","templated":true}]}}