{"id":1276,"date":"2023-04-06T22:28:17","date_gmt":"2023-04-06T22:28:17","guid":{"rendered":"https:\/\/judit-art.hu\/hu\/?page_id=1276"},"modified":"2023-04-08T20:45:29","modified_gmt":"2023-04-08T20:45:29","slug":"szerszam-uvegkeszerkeszites","status":"publish","type":"page","link":"https:\/\/judit-art.hu\/de\/szerszam-uvegkeszerkeszites\/","title":{"rendered":"Werkezuge"},"content":{"rendered":"<p>Werkzeuge und Ger\u00e4te werden ben\u00f6tigt, um Glas zu schmelzen und eine Werkstatt einzurichten. Dies ist eine kleine Zusammenfassung der von mir verwendeten.<\/p>\n\n\n\n<h2 class=\"wp-block-heading\">BRENNER<\/h2>\n\n\n\n<p>Ich arbeite in meiner Werkstatt mit 2 Arten von Gasbrennern: Der GTT Bobcat ist ein sehr guter kleiner Gasbrenner, der zusammen mit einem 5-Liter-Sauerstoffgenerator ein gro\u00dfartiger Starter-Gasbrenner ist. Es hat eine scharfe, stechende Flamme, es eignet sich hervorragend zum Herausarbeiten kleiner<\/p>\n\n\n<div class=\"wp-block-image\">\n<figure class=\"aligncenter size-full is-resized\"><img loading=\"lazy\" decoding=\"async\" src=\"https:\/\/judit-art.hu\/wp-content\/uploads\/2023\/03\/image-2.png\" alt=\"\" class=\"wp-image-892\" width=\"445\" height=\"445\" srcset=\"https:\/\/judit-art.hu\/wp-content\/uploads\/2023\/03\/image-2.png 225w, https:\/\/judit-art.hu\/wp-content\/uploads\/2023\/03\/image-2-100x100.png 100w, https:\/\/judit-art.hu\/wp-content\/uploads\/2023\/03\/image-2-150x150.png 150w, https:\/\/judit-art.hu\/wp-content\/uploads\/2023\/03\/image-2-12x12.png 12w\" sizes=\"auto, (max-width: 445px) 100vw, 445px\" \/><\/figure>\n<\/div>\n\n\n<p>Heute arbeite ich meistens mit einem Mid Range Plus Gasbrenner von Nortel. Dies ist ein doppelter Gasbrenner, mit einem gr\u00f6\u00dferen unten und einem kleineren oben, an den ich einen 10-Liter-Sauerstoffgenerator angeschlossen habe. <\/p>\n\n\n<div class=\"wp-block-image\">\n<figure class=\"aligncenter size-large\"><img decoding=\"async\" src=\"https:\/\/i0.wp.com\/www.nortelglass.com\/wp-content\/uploads\/2019\/02\/torch-midrangeplus.jpg\" alt=\"\"\/><\/figure>\n<\/div>\n\n\n<h2 class=\"wp-block-heading\">SAUERSTOFF<\/h2>\n\n\n\n<p>Um das Glas zu schmelzen, muss Propan-Butangas mit Sauerstoff verbrannt werden. Sauerstoff kann aus einer Flasche dosiert oder mit einem Sauerstoffgenerator aus Raumluft erzeugt werden. Ich benutze die Flasche wegen der Explosionsgefahr nicht, ich habe keine Erfahrung damit. Beim Sauerstoffgenerator ist es unbedingt erforderlich, den Raum, in dem sich die Maschine befindet, zu bel\u00fcften, da dieser dem Raum Sauerstoff entzieht.<\/p>\n\n\n<div class=\"wp-block-image\">\n<figure class=\"aligncenter size-large\"><img decoding=\"async\" src=\"https:\/\/images.philips.com\/is\/image\/philipsconsumer\/aa6d2fa525014242b356a77c015e3a6f\" alt=\"\"\/><\/figure>\n<\/div>\n\n\n<h2 class=\"wp-block-heading\">PERLENOFEN<\/h2>\n\n\n\n<p>Dies ist normalerweise ein kleiner Ofen, der bei einer Temperatur von mindestens 520 Grad Celsius betrieben werden muss. Es lohnt sich, eine mit einer sogenannten Perlent\u00fcr zu w\u00e4hlen. Dabei handelt es sich um eine Fallt\u00fcr, durch die der Perlendorn in den Ofen eingef\u00fchrt werden kann. Es gibt auch amerikanische, franz\u00f6sische und schwedische Produkte auf dem Markt. Ich hatte lange Zeit, einen amerikanischen Paragon SC2-Ofen. Ich hatte Gl\u00fcck damit, weil ich keine Probleme hatte, ich musste nie ein Relais darin wechseln.<\/p>\n\n\n<div class=\"wp-block-image\">\n<figure class=\"aligncenter size-large\"><img decoding=\"async\" src=\"https:\/\/cdn.shopify.com\/s\/files\/1\/2557\/5928\/products\/SC3_BD_fcb97771-d429-42df-89ca-740fa1f2cd56_x700.png\" alt=\"\"\/><\/figure>\n<\/div>\n\n\n<p>Jetzt benutze ich UTERM-Perlen\u00f6fen, sie sind klein und leicht zu bewegen, sie haben sogar einen Griff, sie sind speziell f\u00fcr die Perlenk\u00fchlung ausgelegt, sie k\u00f6nnen bei maximal 550 Grad verwendet werden<\/p>\n\n\n<div class=\"wp-block-image\">\n<figure class=\"aligncenter size-full is-resized\"><img loading=\"lazy\" decoding=\"async\" src=\"https:\/\/judit-art.hu\/wp-content\/uploads\/2023\/04\/kemence_uterm.jpg\" alt=\"\" class=\"wp-image-1277\" width=\"380\" height=\"328\" srcset=\"https:\/\/judit-art.hu\/wp-content\/uploads\/2023\/04\/kemence_uterm.jpg 800w, https:\/\/judit-art.hu\/wp-content\/uploads\/2023\/04\/kemence_uterm-350x303.jpg 350w, https:\/\/judit-art.hu\/wp-content\/uploads\/2023\/04\/kemence_uterm-300x260.jpg 300w, https:\/\/judit-art.hu\/wp-content\/uploads\/2023\/04\/kemence_uterm-768x665.jpg 768w, https:\/\/judit-art.hu\/wp-content\/uploads\/2023\/04\/kemence_uterm-14x12.jpg 14w\" sizes=\"auto, (max-width: 380px) 100vw, 380px\" \/><\/figure>\n<\/div>\n\n\n<p><\/p>\n\n\n\n<p><\/p>","protected":false},"excerpt":{"rendered":"<p>Werkzeuge und Ger\u00e4te werden ben\u00f6tigt, um Glas zu schmelzen und eine Werkstatt einzurichten. Dies ist eine kleine Zusammenfassung der von mir verwendeten. BRENNER Ich arbeite in meiner Werkstatt mit 2 Arten von Gasbrennern: Der GTT Bobcat ist ein sehr guter kleiner Gasbrenner, der zusammen mit einem 5-Liter-Sauerstoffgenerator ein gro\u00dfartiger Starter-Gasbrenner ist. Es hat eine scharfe, &hellip; <\/p>\n<p class=\"link-more\"><a href=\"https:\/\/judit-art.hu\/de\/szerszam-uvegkeszerkeszites\/\" class=\"more-link\"><span class=\"screen-reader-text\">\u201eWerkezuge\u201c<\/span> weiterlesen<\/a><\/p>","protected":false},"author":1,"featured_media":0,"parent":0,"menu_order":0,"comment_status":"closed","ping_status":"closed","template":"","meta":{"_mi_skip_tracking":false,"_monsterinsights_sitenote_active":false,"_monsterinsights_sitenote_note":"","_monsterinsights_sitenote_category":0,"footnotes":""},"class_list":["post-1276","page","type-page","status-publish","hentry"],"aioseo_notices":[],"jetpack_sharing_enabled":true,"_links":{"self":[{"href":"https:\/\/judit-art.hu\/de\/wp-json\/wp\/v2\/pages\/1276","targetHints":{"allow":["GET"]}}],"collection":[{"href":"https:\/\/judit-art.hu\/de\/wp-json\/wp\/v2\/pages"}],"about":[{"href":"https:\/\/judit-art.hu\/de\/wp-json\/wp\/v2\/types\/page"}],"author":[{"embeddable":true,"href":"https:\/\/judit-art.hu\/de\/wp-json\/wp\/v2\/users\/1"}],"replies":[{"embeddable":true,"href":"https:\/\/judit-art.hu\/de\/wp-json\/wp\/v2\/comments?post=1276"}],"version-history":[{"count":58,"href":"https:\/\/judit-art.hu\/de\/wp-json\/wp\/v2\/pages\/1276\/revisions"}],"predecessor-version":[{"id":1411,"href":"https:\/\/judit-art.hu\/de\/wp-json\/wp\/v2\/pages\/1276\/revisions\/1411"}],"wp:attachment":[{"href":"https:\/\/judit-art.hu\/de\/wp-json\/wp\/v2\/media?parent=1276"}],"curies":[{"name":"wp","href":"https:\/\/api.w.org\/{rel}","templated":true}]}}